{"id":30,"date":"2022-09-08T12:07:50","date_gmt":"2022-09-08T10:07:50","guid":{"rendered":"https:\/\/www.museum-re.de\/kontakt\/"},"modified":"2026-03-04T15:42:38","modified_gmt":"2026-03-04T14:42:38","slug":"kontakt","status":"publish","type":"page","link":"https:\/\/www.museum-re.de\/de\/kontakt\/","title":{"rendered":"Kontakt"},"content":{"rendered":"<div class=\"ce ce-twocol-img-borderless  pt-xlarge pb-xlarge   \">\n\t<div class=\"twocol-img-borderless\">\n\t\t<figure>\n\t\t\t\t\t\t\t<img loading=\"lazy\" decoding=\"async\" width=\"4826\" height=\"5888\" src=\"https:\/\/www.museum-re.de\/wp-content\/uploads\/2024\/08\/240724A_MRE_1914-ret-ohne-Baum-e1723470564800.jpg\" class=\"attachment-full size-full\" alt=\"\" srcset=\"https:\/\/www.museum-re.de\/wp-content\/uploads\/2024\/08\/240724A_MRE_1914-ret-ohne-Baum-e1723470564800.jpg 4826w, https:\/\/www.museum-re.de\/wp-content\/uploads\/2024\/08\/240724A_MRE_1914-ret-ohne-Baum-e1723470564800-656x800.jpg 656w, https:\/\/www.museum-re.de\/wp-content\/uploads\/2024\/08\/240724A_MRE_1914-ret-ohne-Baum-e1723470564800-839x1024.jpg 839w, https:\/\/www.museum-re.de\/wp-content\/uploads\/2024\/08\/240724A_MRE_1914-ret-ohne-Baum-e1723470564800-768x937.jpg 768w, https:\/\/www.museum-re.de\/wp-content\/uploads\/2024\/08\/240724A_MRE_1914-ret-ohne-Baum-e1723470564800-1259x1536.jpg 1259w, https:\/\/www.museum-re.de\/wp-content\/uploads\/2024\/08\/240724A_MRE_1914-ret-ohne-Baum-e1723470564800-1679x2048.jpg 1679w\" sizes=\"auto, (max-width: 4826px) 100vw, 4826px\" \/>\t\t\t\t\t<\/figure>\n\t\t<div class=\"container\">\n\t\t\t<div class=\"row\">\n\t\t\t\t<div class=\"col\">\n\t\t\t\t\t<div class=\"twocol-img-borderless-content\">\n\t\t\t\t\t\t<p>Sie k\u00f6nnen uns unter der folgenden Adresse erreichen:<\/p>\n<p>Museum Reinhard Ernst gGmbH<br \/>\nWilhelmstra\u00dfe 1<br \/>\n65185 Wiesbaden<br \/>\nDeutschland<\/p>\n<p>Bei Fragen, schicken Sie uns gerne Ihr Anliegen per E-Mail.<\/p>\n<p><a  href=\"#\" class=\"q-mail-protect cta-primary-solid\" data-email=\"Jz4+Ayk2NzYAWA4eBiZxOkE=\" data-email-protected=\"1\" data-render=\"delayed\" target=\"_blank\" rel=\"noopener\">Anfrage senden<\/a><\/p>\n<p><strong>Feedback<\/strong><\/p>\n<p>Als neues Kulturhaus freuen wir uns auf Ihre Anregungen. Mithilfe Ihres Feedbacks k\u00f6nnen wir unseren Service f\u00fcr Sie verbessern. Vielen Dank daf\u00fcr, dass Sie Ihre Eindr\u00fccke anhand des obigen Kontaktformulars oder \u00fcber <a href=\"https:\/\/g.page\/r\/CRE3Deb251KAEAE\/review\">Google Reviews<\/a> mit uns teilen.<\/p>\n\t\t\t\t\t<\/div>\n\t\t\t\t<\/div>\n\t\t\t<\/div>\n\t\t<\/div>\n\t<\/div>\n<\/div>\n","protected":false},"excerpt":{"rendered":"","protected":false},"author":1,"featured_media":0,"parent":0,"menu_order":10,"comment_status":"closed","ping_status":"closed","template":"","meta":{"_acf_changed":false,"content-type":"","_relevanssi_hide_post":"","_relevanssi_hide_content":"","_relevanssi_pin_for_all":"","_relevanssi_pin_keywords":"","_relevanssi_unpin_keywords":"","_relevanssi_related_keywords":"","_relevanssi_related_include_ids":"","_relevanssi_related_exclude_ids":"","_relevanssi_related_no_append":"","_relevanssi_related_not_related":"","_relevanssi_related_posts":"265,256,272","_relevanssi_noindex_reason":"","footnotes":""},"class_list":["post-30","page","type-page","status-publish","hentry"],"acf":[],"_links":{"self":[{"href":"https:\/\/www.museum-re.de\/de\/wp-json\/wp\/v2\/pages\/30","targetHints":{"allow":["GET"]}}],"collection":[{"href":"https:\/\/www.museum-re.de\/de\/wp-json\/wp\/v2\/pages"}],"about":[{"href":"https:\/\/www.museum-re.de\/de\/wp-json\/wp\/v2\/types\/page"}],"author":[{"embeddable":true,"href":"https:\/\/www.museum-re.de\/de\/wp-json\/wp\/v2\/users\/1"}],"replies":[{"embeddable":true,"href":"https:\/\/www.museum-re.de\/de\/wp-json\/wp\/v2\/comments?post=30"}],"version-history":[{"count":6,"href":"https:\/\/www.museum-re.de\/de\/wp-json\/wp\/v2\/pages\/30\/revisions"}],"predecessor-version":[{"id":41917,"href":"https:\/\/www.museum-re.de\/de\/wp-json\/wp\/v2\/pages\/30\/revisions\/41917"}],"wp:attachment":[{"href":"https:\/\/www.museum-re.de\/de\/wp-json\/wp\/v2\/media?parent=30"}],"curies":[{"name":"wp","href":"https:\/\/api.w.org\/{rel}","templated":true}]}}