{"id":32,"date":"2022-09-08T12:07:50","date_gmt":"2022-09-08T10:07:50","guid":{"rendered":"https:\/\/www.museum-re.de\/impressum\/"},"modified":"2025-05-12T11:55:09","modified_gmt":"2025-05-12T09:55:09","slug":"impressum","status":"publish","type":"page","link":"https:\/\/www.museum-re.de\/de\/impressum\/","title":{"rendered":"Impressum"},"content":{"rendered":"<div class=\"ce ce-onecol      \">\n\t<div class=\"container\">\n\t\t<div class=\"row\">\n\t\t\t<div class=\"col\">\n\t\t\t\t<h1>Impressum<\/h1>\n<h2>Rechtliche Hinweise<\/h2>\n<p>Anbieterin dieser Internetpr\u00e4senz ist die Museum Reinhard Ernst gGmbH<br \/>\nPostanschrift (Verwaltung)<br \/>\nMuseum Reinhard Ernst gGmbH<br \/>\nWilhelmstra\u00dfe 1<br \/>\n65185 Wiesbaden<br \/>\nTelefon<strong>: <\/strong><span class=\"ui-provider gr b c d e f g h i j k l m n o p q r s t u v w x y z ab ac ae af ag ah ai aj ak\" dir=\"ltr\">+49 (0)611 763 8888 0<\/span><br \/>\nE-Mail: <a href=\"#\" class=\"q-mail-protect\" data-email=\"Jz4+Ayk2NzYAWA4eBiZxOkE=\" data-email-protected=\"1\" data-render=\"delayed\"><span class=\"q-mail-local q-mail-reversed\">&#111;&#102;&#110;&#105;<\/span><span class=\"q-mail-at\">&#64;<\/span><bdi class=\"q-mail-domain\">&#109;&#117;&#115;&#101;&#117;&#109;&#45;&#114;&#101;<\/bdi><span class=\"q-mail-tld\">&#100;&#101;<\/span><\/a><br \/>\nDirektor: Dr. Oliver Kornhoff<br \/>\nUSt-ID-Nr.: DE341462120<\/p>\n<h2>Inhaltliche Verantwortung<\/h2>\n<p>Inhaltlich verantwortlich f\u00fcr diese Website i. S. d. \u00a7 55 II RStV: Museum Reinhard Ernst gGmbH, Anschrift wie oben.<\/p>\n<h2>Haftungshinweis<\/h2>\n<p>Die Inhalte dieser Website wurden mit \u00e4u\u00dferster Sorgfalt erstellt. Wir \u00fcbernehmen jedoch keine Haft f\u00fcr die Richtigkeit, Vollst\u00e4ndigkeit und Aktualit\u00e4t der bereitgestellten Inhalte. Wir behalten uns vor, die Inhalte dieser Website jederzeit und ohne vorherige Ank\u00fcndigung zu \u00e4ndern oder zu aktualisieren. Die Nutzer:innen \u00fcbernehmen die Verantwortung f\u00fcr die Nutzung der Inhalte der Website. Mit der Nutzung unserer Website kommt keinerlei Vertragsverh\u00e4ltnis zwischen den Nutzer:innen und uns zustande.<br \/>\nTrotz sorgf\u00e4ltiger inhaltlicher Kontrolle \u00fcbernehmen wir keine Haftung f\u00fcr die Inhalte externer Links. Das Museum Reinhard Ernst ist f\u00fcr den Inhalt solcher Seiten Dritter nicht verantwortlich.<\/p>\n<h2>Urheberrecht<\/h2>\n<p>Alle Texte, Bilder, Graphiken, Ton- und Videodateien unterliegen dem Urheberrecht und anderen Gesetzen zum Schutz geistigen Eigentums.<br \/>\nDie Vervielf\u00e4ltigung, Bearbeitung, Verbreitung und jede Art der Verwertung au\u00dferhalb der Grenzen des Urheberrechtes bed\u00fcrfen der schriftlichen Zustimmung der jeweiligen Autor:innen bzw. Ersteller:innen. Downloads und Kopien dieser Seite sind nur f\u00fcr den privaten, nicht kommerziellen Gebrauch gestattet. Ausgenommen davon sind die unter der Rubrik \u00bbPresse\u00ab zur Verf\u00fcgung gestellten Inhalte. Deren Weiterverarbeitung zum Zwecke aktueller Berichterstattung \u00fcber das mre wird zugestimmt.<\/p>\n<p>Soweit die Inhalte auf dieser Seite nicht von der Betreiberin erstellt wurden, werden die Urheberrechte Dritter beachtet. Insbesondere werden Inhalte Dritter als solche gekennzeichnet. Sollten Sie trotzdem auf eine Urheberrechtsverletzung aufmerksam werden, bitten wir um einen entsprechenden Hinweis. Bei Bekanntwerden von Rechtsverletzungen werden wir derartige Inhalte umgehend entfernen. Die VG Bild-Kunst erkl\u00e4rt den Vorbehalt gegen Nutzungen f\u00fcr Text und Data Mining nach \u00a7 44b UrhG f\u00fcr die Werke der von der VG Bild-Kunst vertretenen Urheber:innen.<br \/>\nTrotz sorgf\u00e4ltiger Pr\u00fcfung und Recherche kann bzw. konnte in einigen F\u00e4llen kein:e Rechteinhaber:in ermittelt werden. Wenn Sie Hinweise auf Rechteinhaber:innen haben oder sogar selbst sind, setzen Sie sich bitte mit uns in Verbindung unter <a href=\"#\" class=\"q-mail-protect\" data-email=\"Jz4+Ayk2NzYAWA4eBiZxOkE=\" data-email-protected=\"1\" data-render=\"delayed\"><span class=\"q-mail-local q-mail-reversed\">&#111;&#102;&#110;&#105;<\/span><span class=\"q-mail-at\">&#64;<\/span><bdi class=\"q-mail-domain\">&#109;&#117;&#115;&#101;&#117;&#109;&#45;&#114;&#101;<\/bdi><span class=\"q-mail-tld\">&#100;&#101;<\/span><\/a>.<\/p>\n<h2>Reproduktionsrechte Kunstwerke<\/h2>\n<p>Teaservideo:<br \/>\nEduardo Chillida \u00a9 Chillida Family, Zabalaga-Leku, San Sebasti\u00e1n\/VG Bild-Kunst, Bonn 2024<br \/>\nErnst Wilhelm Nay \u00a9 2024 Ernst Wilhelm Nay Stiftung, K\u00f6ln\/ VG Bild-Kunst, Bonn 2024<br \/>\nTal R \u00a9 Tal R \u2013 Copenhagen<\/p>\n<p>\u00a9 VG Bild-Kunst, Bonn, 2024 f\u00fcr die Werke von<br \/>\nTony Cragg, Katharina Grosse<\/p>\n<p>Website:<br \/>\nAdolph Gottlieb \u00a9 Adolph and Esther Gottlieb Foundation\/VG Bild-Kunst, Bonn 2024<br \/>\nArman \u00a9 Arman Studio Archives, New York\/VG Bild-Kunst, Bonn 2024<br \/>\nEduardo Chillida \u00a9 Chillida Family, Zabalaga-Leku, San Sebasti\u00e1n\/VG Bild-Kunst, Bonn 2024<br \/>\nErnst Wilhelm Nay \u00a9 2024 Ernst Wilhelm Nay Stiftung, K\u00f6ln\/ VG Bild-Kunst, Bonn 2024<br \/>\nHelen Frankenthaler \u00a9 Helen Frankenthaler Foundation Inc.\/VG Bild-Kunst, Bonn 2024<\/p>\n<p>\u00a9 VG Bild-Kunst, Bonn, 2024 f\u00fcr die Werke von<br \/>\nKarl Otto G\u00f6tz, Frank Stella, Friedel Dzubas, Katharina Grosse, Thomas Scheibitz, Tony Cragg.<\/p>\n<h2>Webseite<\/h2>\n<p>Konzept: Ines Gutierrez (mre)<\/p>\n<p>Entwurf und Programmierung: Q Kreativgesellschaft mbH<br \/>\n<a href=\"https:\/\/www.q-gmbh.de\/\">q-home.de<\/a><\/p>\n<h3>Online-Shop<\/h3>\n<p>Ines Gutierrez (mre) und <a href=\"https:\/\/www.amepheas.de\/\">amepheas AG<\/a><\/p>\n<h3>Hosting<\/h3>\n<p><span style=\"color: #000000;\"><a style=\"color: #000000;\" href=\"https:\/\/www.loswebos.de\">Los Webos GmbH<\/a><\/span><\/p>\n<h3>Fotografie und Videos<\/h3>\n<p><span style=\"color: #ff0000;\"><a href=\"https:\/\/www.robert-lichtenberg.de\/\"><span style=\"color: #000000;\">Robert Lichtenberg<\/span><\/a><br \/>\n<\/span><a href=\"https:\/\/klaushelbig.de\/contact\">Klaus Helbig<\/a> und Frank Marburger<\/p>\n<p><a href=\"https:\/\/filmgerberei.ch\/\" target=\"_blank\" rel=\"noopener\">Filmgerberei<\/a><\/p>\n<p><a href=\"https:\/\/involve.de\/\" target=\"_blank\" rel=\"noopener\">Involve<\/a><\/p>\n<h3>Texte<\/h3>\n<p>Museum Reinhard Ernst<\/p>\n<p>Lektorat: Dr. Iris Konopik<br \/>\n\u00dcbersetzungen: Mike Gilmour<\/p>\n<h2>Mediaguide<\/h2>\n<p><a href=\"https:\/\/www.tonwelt.com\/de\/\">tonwelt GmbH<\/a><\/p>\n<h2>Farblabor<\/h2>\n<p><a href=\"https:\/\/www.fluxguide.com\/\">fluxguide Ausstellungssysteme GmbH<\/a><\/p>\n<p>&nbsp;<\/p>\n\t\t\t<\/div>\n\t\t<\/div>\n\t<\/div>\n<\/div>\n","protected":false},"excerpt":{"rendered":"","protected":false},"author":1,"featured_media":0,"parent":0,"menu_order":18,"comment_status":"closed","ping_status":"closed","template":"","meta":{"_acf_changed":false,"content-type":"","_relevanssi_hide_post":"","_relevanssi_hide_content":"","_relevanssi_pin_for_all":"","_relevanssi_pin_keywords":"","_relevanssi_unpin_keywords":"","_relevanssi_related_keywords":"","_relevanssi_related_include_ids":"","_relevanssi_related_exclude_ids":"","_relevanssi_related_no_append":"","_relevanssi_related_not_related":"","_relevanssi_related_posts":"256,1243,265,272","_relevanssi_noindex_reason":"","footnotes":""},"class_list":["post-32","page","type-page","status-publish","hentry"],"acf":[],"_links":{"self":[{"href":"https:\/\/www.museum-re.de\/de\/wp-json\/wp\/v2\/pages\/32","targetHints":{"allow":["GET"]}}],"collection":[{"href":"https:\/\/www.museum-re.de\/de\/wp-json\/wp\/v2\/pages"}],"about":[{"href":"https:\/\/www.museum-re.de\/de\/wp-json\/wp\/v2\/types\/page"}],"author":[{"embeddable":true,"href":"https:\/\/www.museum-re.de\/de\/wp-json\/wp\/v2\/users\/1"}],"replies":[{"embeddable":true,"href":"https:\/\/www.museum-re.de\/de\/wp-json\/wp\/v2\/comments?post=32"}],"version-history":[{"count":23,"href":"https:\/\/www.museum-re.de\/de\/wp-json\/wp\/v2\/pages\/32\/revisions"}],"predecessor-version":[{"id":29242,"href":"https:\/\/www.museum-re.de\/de\/wp-json\/wp\/v2\/pages\/32\/revisions\/29242"}],"wp:attachment":[{"href":"https:\/\/www.museum-re.de\/de\/wp-json\/wp\/v2\/media?parent=32"}],"curies":[{"name":"wp","href":"https:\/\/api.w.org\/{rel}","templated":true}]}}