{"id":40,"date":"2022-09-08T12:07:50","date_gmt":"2022-09-08T10:07:50","guid":{"rendered":"https:\/\/www.museum-re.de\/faq\/"},"modified":"2025-02-03T08:44:43","modified_gmt":"2025-02-03T07:44:43","slug":"faq","status":"publish","type":"page","link":"https:\/\/www.museum-re.de\/de\/faq\/","title":{"rendered":"Netiquette"},"content":{"rendered":"<div class=\"ce ce-onecol      \">\n\t<div class=\"container\">\n\t\t<div class=\"row\">\n\t\t\t<div class=\"col\">\n\t\t\t\t<h2>Netiquette<\/h2>\n<p>Wir freuen uns, dass Sie Interesse an den Social Media-Kan\u00e4len des Museums Reinhard Ernst (mre) zeigen. Einige unserer digitalen Plattformen bieten Ihnen die M\u00f6glichkeit, sich mit anderen User:innen oder dem mre auszutauschen. Unsere Institution stellt sowohl analog als auch digital einen Ort der Begegnung, Kommunikation und Weiterbildung dar. Somit sind wir offen f\u00fcr Anmerkungen, auch konstruktive Kritik. Das alles liegt gleicherma\u00dfen im Wesen unserer ausgestellten Kunst, die nicht nur zu ihrer Geburtsstunde zahlreiche Wortgefechte entfacht hat, sondern bis heute f\u00fcr (hitzige) Dialoge sorgt.<\/p>\n<p>Damit sich allerdings jede Person auf unseren digitalen Plattformen auch wohlf\u00fchlt und die Lust am Austausch nicht verliert, m\u00f6chten wir Ihnen im Folgenden unsere Netiquette vorstellen:<br \/>\nDer Begriff Netiquette setzt sich zusammen aus den beiden W\u00f6rtern \u201eNetz\u201c und \u201eEtiquette\u201c. Er umfasst die Regeln, welche wir f\u00fcr ein harmonisches Miteinander festgelegt haben und einer jeden interagierenden Person ans Herz legen.<\/p>\n<p>Wann immer Sie auf Beitr\u00e4ge\/Kommentare von uns oder anderen User:innen reagieren, sollte Ihnen bewusst sein, dass Sie mit einem Menschen kommunizieren. Wir bitten Sie darum, h\u00f6flich zu bleiben und sich daran zu erinnern, einen respektvollen Umgang zu bewahren. Fragen Sie sich selbst, ob Sie in der analogen Welt f\u00fcr Ihr Gegen\u00fcber identische W\u00f6rter w\u00e4hlen w\u00fcrden.<\/p>\n<p>Im virtuellen Raum ist das Aufkommen von Missverst\u00e4ndnissen keine Seltenheit. Mimik und nonverbale Signale, die \u00fcblicherweise in einem Face-to-Face-Gespr\u00e4ch \u00fcbermittelt werden, fehlen an dieser Stelle. Emojis k\u00f6nnen hilfreich sein, um Fehlinterpretationen vorzubeugen!<\/p>\n<h2>Wichtig!<\/h2>\n<p>Das Museum Reinhard Ernst ist ein Ort, an dem beleidigende, rassistische, antisemitische, sexistische, sowie andere diskriminierende, unterdr\u00fcckende und ausgrenzende Verhaltensweisen keinen Platz finden. Deshalb behalten wir uns vor, Kommentare, die in dieses Raster fallen, zu melden oder zu entfernen!<\/p>\n<p>Sollten Sie Fragen zur Netiquette haben, schreiben Sie uns: <a  href=\"#\" class=\"q-mail-protect\" data-email=\"Nz09Fwc1HyoaVgZbGXk6OR0ILQ==\" data-email-protected=\"1\" data-render=\"delayed\" >social@museum-re.de.<\/a><\/p>\n<p>Wir w\u00fcnschen Ihnen ein frohes Austauschen, Diskutieren und Kommentieren.<\/p>\n<p>Das mre-Team<\/p>\n<p>&nbsp;<\/p>\n<p>&nbsp;<\/p>\n\t\t\t<\/div>\n\t\t<\/div>\n\t<\/div>\n<\/div>\n","protected":false},"excerpt":{"rendered":"","protected":false},"author":1,"featured_media":0,"parent":0,"menu_order":15,"comment_status":"closed","ping_status":"closed","template":"","meta":{"_acf_changed":false,"content-type":"","_relevanssi_hide_post":"","_relevanssi_hide_content":"","_relevanssi_pin_for_all":"","_relevanssi_pin_keywords":"","_relevanssi_unpin_keywords":"","_relevanssi_related_keywords":"","_relevanssi_related_include_ids":"","_relevanssi_related_exclude_ids":"","_relevanssi_related_no_append":"","_relevanssi_related_not_related":"","_relevanssi_related_posts":"265,272,1243,256","_relevanssi_noindex_reason":"","footnotes":""},"class_list":["post-40","page","type-page","status-publish","hentry"],"acf":[],"_links":{"self":[{"href":"https:\/\/www.museum-re.de\/de\/wp-json\/wp\/v2\/pages\/40","targetHints":{"allow":["GET"]}}],"collection":[{"href":"https:\/\/www.museum-re.de\/de\/wp-json\/wp\/v2\/pages"}],"about":[{"href":"https:\/\/www.museum-re.de\/de\/wp-json\/wp\/v2\/types\/page"}],"author":[{"embeddable":true,"href":"https:\/\/www.museum-re.de\/de\/wp-json\/wp\/v2\/users\/1"}],"replies":[{"embeddable":true,"href":"https:\/\/www.museum-re.de\/de\/wp-json\/wp\/v2\/comments?post=40"}],"version-history":[{"count":21,"href":"https:\/\/www.museum-re.de\/de\/wp-json\/wp\/v2\/pages\/40\/revisions"}],"predecessor-version":[{"id":23671,"href":"https:\/\/www.museum-re.de\/de\/wp-json\/wp\/v2\/pages\/40\/revisions\/23671"}],"wp:attachment":[{"href":"https:\/\/www.museum-re.de\/de\/wp-json\/wp\/v2\/media?parent=40"}],"curies":[{"name":"wp","href":"https:\/\/api.w.org\/{rel}","templated":true}]}}