{"id":41233,"date":"2026-02-20T10:28:35","date_gmt":"2026-02-20T09:28:35","guid":{"rendered":"https:\/\/www.museum-re.de\/?page_id=41233"},"modified":"2026-02-25T16:15:28","modified_gmt":"2026-02-25T15:15:28","slug":"jahreskarten","status":"publish","type":"page","link":"https:\/\/www.museum-re.de\/de\/besuch\/jahreskarten\/","title":{"rendered":"Jahreskarten"},"content":{"rendered":"<div class=\"ce ce-onecol  pt-medium pb-medium  bgr-white \">\n\t<div class=\"container\">\n\t\t<div class=\"row\">\n\t\t\t<div class=\"col\">\n\t\t\t\t<figure><img loading=\"lazy\" decoding=\"async\" class=\"alignnone  wp-image-41525\" src=\"https:\/\/www.museum-re.de\/wp-content\/uploads\/2026\/02\/mre-logo-black_links.png\" alt=\"\" width=\"335\" height=\"136\" srcset=\"https:\/\/www.museum-re.de\/wp-content\/uploads\/2026\/02\/mre-logo-black_links.png 2020w, https:\/\/www.museum-re.de\/wp-content\/uploads\/2026\/02\/mre-logo-black_links-800x325.png 800w, https:\/\/www.museum-re.de\/wp-content\/uploads\/2026\/02\/mre-logo-black_links-1024x416.png 1024w, https:\/\/www.museum-re.de\/wp-content\/uploads\/2026\/02\/mre-logo-black_links-768x312.png 768w, https:\/\/www.museum-re.de\/wp-content\/uploads\/2026\/02\/mre-logo-black_links-1536x624.png 1536w\" sizes=\"auto, (max-width: 335px) 100vw, 335px\" \/><\/figure>\n\t\t\t<\/div>\n\t\t<\/div>\n\t<\/div>\n<\/div>\n\n\n<div class=\"ce ce-twocol   pb-large  bgr-white  vertically-centered\">\n\t<div class=\"container\">\n\t\t<div class=\"row\">\n\t\t\t<div class=\"col col-custom-1\">\n\t\t\t\t<h5>NICHT ENTGEHEN LASSEN<\/h5>\n<h1>Ein Jahr Kunstgenuss mit unseren Jahreskarten<\/h1>\n<p>Erleben Sie 12 Monate abstrakte Kunst und Weltklasse-Architektur im Museum Reinhard Ernst.<\/p>\n<p>W\u00e4hlen Sie einfach online Ihr passendes Angebot \u2193<\/p>\n\t\t\t<\/div>\n\t\t\t<div class=\"col col-custom-2\">\n\t\t\t\t<figure><img loading=\"lazy\" decoding=\"async\" class=\"alignright wp-image-41494\" src=\"https:\/\/www.museum-re.de\/wp-content\/uploads\/2026\/02\/GIF_Landingpage.gif\" alt=\"\" width=\"450\" height=\"450\" \/><\/figure>\n\t\t\t<\/div>\n\t\t<\/div>\n\t<\/div>\n<\/div>\n\n\n<div class=\"ce ce-onecol  pt-medium    \">\n\t<div class=\"container\">\n\t\t<div class=\"row\">\n\t\t\t<div class=\"col\">\n\t\t\t\t<h5>ALLES AUF EINEM BLICK<\/h5>\n<h2>Unsere Jahreskarten-Optionen<\/h2>\n\t\t\t<\/div>\n\t\t<\/div>\n\t<\/div>\n<\/div>\n\n\n<div class=\"ce ce-onecol      \">\n\t<div class=\"container\">\n\t\t<div class=\"row\">\n\t\t\t<div class=\"col\">\n\t\t\t\t<h5>Erleben Sie ein ganzes Jahr abstrakte Kunst und Weltklasse-Architektur im Museum Reinhard Ernst.<\/h5>\n\t\t\t<\/div>\n\t\t<\/div>\n\t<\/div>\n<\/div>\n\n\n<div class=\"ce ce-threecol   pb-medium   \">\n\t<div class=\"container\">\n\t\t<div class=\"row\">\n\t\t\t<div class=\"col col-custom-1\">\n\t\t\t\t<p><a href=\"https:\/\/shop.museum-re.de\/de\/jahreskarten\/jahreskarte-ultramarinblau\"><img loading=\"lazy\" decoding=\"async\" class=\"alignnone wp-image-7691 size-full\" src=\"https:\/\/www.museum-re.de\/wp-content\/uploads\/2024\/04\/Jahreskarte_blau_500x313.png\" alt=\"\" width=\"500\" height=\"313\" \/><\/a><\/p>\n<p><strong>Jahreskarte Ultramarinblau<\/strong><br \/>\nBis 30 Jahre: 45 \u20ac<\/p>\n<ul>\n<li>Sie besuchen das Museum und die Ausstellungen ein Jahr lang kostenfrei und ohne Anstehen.<\/li>\n<li>Als Willkommensgeschenk erhalten Sie Ihr pers\u00f6nliches Exemplar des Museumsmagazins.<\/li>\n<li>Die Jahreskarte Ultramarinblau berechtigt zu einem erm\u00e4\u00dfigten Eintritt im Museum Wiesbaden und im Nassauischen Kunstverein.<\/li>\n<\/ul>\n<p style=\"text-align: center;\"><a class=\"cta-primary cta-primary-solid\" href=\"https:\/\/shop.museum-re.de\/de\/jahreskarten\/jahreskarte-ultramarinblau\">Jahreskarte kaufen<\/a><\/p>\n\t\t\t<\/div>\n\t\t\t<div class=\"col col-custom-2\">\n\t\t\t\t<p><a href=\"https:\/\/shop.museum-re.de\/de\/jahreskarten\/jahreskarte-kaminrot\"><img loading=\"lazy\" decoding=\"async\" class=\"alignnone wp-image-7689 size-full\" src=\"https:\/\/www.museum-re.de\/wp-content\/uploads\/2024\/04\/Jahreskarte_rot_500x313.png\" alt=\"\" width=\"500\" height=\"313\" \/><\/a><\/p>\n<p><strong>Jahreskarte Karminrot<\/strong><br \/>\nAb 30 Jahre: 90 \u20ac<\/p>\n<ul>\n<li>Sie besuchen das Museum und die Ausstellungen ein Jahr lang kostenfrei und ohne Anstehen.<\/li>\n<li>Als Willkommensgeschenk erhalten Sie Ihr pers\u00f6nliches Exemplar des Museumsmagazins.<\/li>\n<li>Freuen Sie sich \u00fcber 10 % Rabatt auf Ihre Eink\u00e4ufe on- und offline, auf Geschenke und F\u00fchrungen. Bitte beachten Sie, dass der Rabatt nicht auf Gutscheine und Publikationen angewendet werden kann.<\/li>\n<li>Unser Museumsrestaurant <a href=\"https:\/\/www.museum-re.de\/de\/besuch\/gastronomie\/\">rue 1 by gollner&#8217;s<\/a> l\u00e4dt Sie zu einem Willkommensgetr\u00e4nk ein.<\/li>\n<li>Die Jahreskarte Karminrot berechtigt zu einem erm\u00e4\u00dfigten Eintritt im Museum Wiesbaden und im Nassauischen Kunstverein.<\/li>\n<\/ul>\n<p style=\"text-align: center;\"><a class=\"cta-primary cta-primary-solid\" href=\"https:\/\/shop.museum-re.de\/de\/jahreskarten\/jahreskarte-karminrot\">Jahreskarte kaufen<\/a><\/p>\n<p>&nbsp;<\/p>\n\t\t\t<\/div>\n\t\t\t<div class=\"col col-custom-3\">\n\t\t\t\t<p><a href=\"https:\/\/shop.museum-re.de\/de\/jahreskarten\/jahreskarte-cadmiumgelb\"><img loading=\"lazy\" decoding=\"async\" class=\"alignnone size-full wp-image-7693\" src=\"https:\/\/www.museum-re.de\/wp-content\/uploads\/2024\/04\/Jahreskarte_gelb_500x313.png\" alt=\"\" width=\"500\" height=\"313\" \/><\/a><\/p>\n<p><strong>Jahreskarte Cadmiumgelb<\/strong><br \/>\nAb 30 Jahre und Begleitung: 120 \u20ac<\/p>\n<ul>\n<li>Sie und Ihre Begleitung besuchen das Museum und die Ausstellungen ein Jahr lang kostenfrei.<\/li>\n<li>Als Karteninhaber:in erhalten Sie ein Exemplar des Museumsmagazins als Willkommensgeschenk.<\/li>\n<li>Freuen Sie sich \u00fcber 10 % Rabatt auf Ihre Eink\u00e4ufe on- und offline, auf Geschenke und F\u00fchrungen. Bitte beachten Sie, dass der Rabatt nicht auf Gutscheine und Publikationen angewendet werden kann.<\/li>\n<li>Unser Museumsrestaurant <a href=\"https:\/\/www.museum-re.de\/de\/besuch\/gastronomie\/\">rue 1 by gollner&#8217;s<\/a> l\u00e4dt Sie zu einem Willkommensgetr\u00e4nk ein.<\/li>\n<li>Die Jahreskarte Cadmiumgelb berechtigt zu einem erm\u00e4\u00dfigten Eintritt im Museum Wiesbaden und im Nassauischen Kunstverein.<\/li>\n<\/ul>\n<p style=\"text-align: center;\"><a class=\"cta-primary cta-primary-solid\" href=\"https:\/\/shop.museum-re.de\/de\/jahreskarten\/jahreskarte-cadmiumgelb\">Jahreskarte kaufen<\/a><\/p>\n\t\t\t<\/div>\n\t\t<\/div>\n\t<\/div>\n<\/div>\n\n\n<div class=\"ce ce-onecol  pt-medium   bgr-white \">\n\t<div class=\"container\">\n\t\t<div class=\"row\">\n\t\t\t<div class=\"col\">\n\t\t\t\t<h5>ERFAHRUNGSBERICHTE<\/h5>\n<h2>Beliebt aus gutem Grund<\/h2>\n\t\t\t<\/div>\n\t\t<\/div>\n\t<\/div>\n<\/div>\n\n\n<div class=\"ce ce-twocol   pb-medium layout-4-8 bgr-white \">\n\t<div class=\"container\">\n\t\t<div class=\"row\">\n\t\t\t<div class=\"col col-custom-1\">\n\t\t\t\t<div  class=\"wp-video\"><video class=\"wp-video-shortcode\" id=\"video-41233-2\" preload=\"auto\" controls=\"controls\"><source type=\"video\/mp4\" src=\"https:\/\/www.museum-re.de\/wp-content\/uploads\/2026\/02\/Testimonials_Jahreskarte-1.mp4?_=2\" \/><a href=\"https:\/\/www.museum-re.de\/wp-content\/uploads\/2026\/02\/Testimonials_Jahreskarte-1.mp4\">https:\/\/www.museum-re.de\/wp-content\/uploads\/2026\/02\/Testimonials_Jahreskarte-1.mp4<\/a><\/video><\/div>\n\t\t\t<\/div>\n\t\t\t<div class=\"col col-custom-2\">\n\t\t\t\t<h3 style=\"text-align: center;\">\u201c<br \/>\nDie Cadmium-Gelbe-Karte habe ich extra geholt, weil ich die Idee sch\u00f6n fand mit einer Begleitperson ins Museum gehen zu k\u00f6nnen \u2013 auch mit unterschiedlichen&#8230;<\/h3>\n<p style=\"text-align: center;\">\u2190 abspielen, um Erfahrungen aus erster Hand zu h\u00f6ren<\/p>\n<p>&nbsp;<\/p>\n<p>&nbsp;<\/p>\n<h2 style=\"text-align: center;\"><a class=\"cta-primary-solid\" href=\"https:\/\/shop.museum-re.de\/de\/jahreskarten\" target=\"_blank\" rel=\"noopener\">Starten Sie noch heute Ihr Kunstjahr!<\/a><\/h2>\n<p>&nbsp;<\/p>\n\t\t\t<\/div>\n\t\t<\/div>\n\t<\/div>\n<\/div>\n\n\n<div class=\"ce ce-twocol  pt-medium pb-medium   \">\n\t<div class=\"container\">\n\t\t<div class=\"row\">\n\t\t\t<div class=\"col col-custom-1\">\n\t\t\t\t<h5>GUTSCHEIN<\/h5>\n<h2>Das Geschenk, das<br \/>\nein Jahr lang begeistert<\/h2>\n<p>Unsere Jahreskarte ist auch als Gutschein erh\u00e4ltlich.<br \/>\nSchenken Sie Ihren Lieben kunstvolle Momente<br \/>\nim Museum Reinhard Ernst!<\/p>\n<p><a class=\"cta-primary-solid\" href=\"https:\/\/shop.museum-re.de\/de\/jahreskarten\/gutschein\">Hier bestellen<\/a><\/p>\n\t\t\t<\/div>\n\t\t\t<div class=\"col col-custom-2\">\n\t\t\t\t<p><a href=\"https:\/\/shop.museum-re.de\/de\/jahreskarten\/gutschein\"><img loading=\"lazy\" decoding=\"async\" class=\"alignnone wp-image-41503\" src=\"https:\/\/www.museum-re.de\/wp-content\/uploads\/2026\/02\/Shop_Gutschein.png\" alt=\"\" width=\"450\" height=\"450\" srcset=\"https:\/\/www.museum-re.de\/wp-content\/uploads\/2026\/02\/Shop_Gutschein.png 1080w, https:\/\/www.museum-re.de\/wp-content\/uploads\/2026\/02\/Shop_Gutschein-800x800.png 800w, https:\/\/www.museum-re.de\/wp-content\/uploads\/2026\/02\/Shop_Gutschein-1024x1024.png 1024w, https:\/\/www.museum-re.de\/wp-content\/uploads\/2026\/02\/Shop_Gutschein-150x150.png 150w, https:\/\/www.museum-re.de\/wp-content\/uploads\/2026\/02\/Shop_Gutschein-768x768.png 768w\" sizes=\"auto, (max-width: 450px) 100vw, 450px\" \/><\/a><\/p>\n\t\t\t<\/div>\n\t\t<\/div>\n\t<\/div>\n<\/div>\n\n\n<div class=\"ce ce-onecol  pt-medium    \">\n\t<div class=\"container\">\n\t\t<div class=\"row\">\n\t\t\t<div class=\"col\">\n\t\t\t\t<h2>Noch Fragen?<\/h2>\n\t\t\t<\/div>\n\t\t<\/div>\n\t<\/div>\n<\/div>\n\n\n\t\t<div class=\"ce ce-accordion      \">\n\t\t  <div class=\"container\">\n\t\t\t<div class=\"row\">\n\t\t\t  <div class=\"col\">\n\t\t\t\t<div class=\"accordion\"><div class=\"accordion-panel\" data-panel-id=\"was-kostet-die-mre-jahreskarte\">\n\t<div class=\"accordion-headline\">\n\t\t<h4>Was kostet die mre-Jahreskarte?<\/h4>\n\t<\/div>\n\t<div class=\"accordion-content\">\n\t\t<div class=\"accordion-content-inner\">\n\n\n<div class=\"ce ce-onecol      \">\n\t<div class=\"container\">\n\t\t<div class=\"row\">\n\t\t\t<div class=\"col\">\n\t\t\t\t<p>Die Jahreskarte f\u00fcr das Museum Reinhard Ernst ist in drei Varianten erh\u00e4ltlich:<\/p>\n<ul>\n<li>Ultramarinblau (bis 30 Jahre): 45 \u20ac pro Jahr<\/li>\n<li>Karminrot (ab 30 Jahre): 90 \u20ac pro Jahr<\/li>\n<li>Cadmiumgelb (ab 30 Jahre inkl. Begleitung): 120 \u20ac pro Jahr<\/li>\n<\/ul>\n<p>Jede Option erm\u00f6glicht ein Jahr lang freien Eintritt in das Museum und seine Ausstellungen sowie weitere exklusive Vorteile.<\/p>\n\t\t\t<\/div>\n\t\t<\/div>\n\t<\/div>\n<\/div>\n\n\n<\/div><\/div><\/div><div class=\"accordion-panel\" data-panel-id=\"sind-events-oder-sonderaktionen-inklusive\">\n\t<div class=\"accordion-headline\">\n\t\t<h4>Sind Events oder Sonderaktionen inklusive?<\/h4>\n\t<\/div>\n\t<div class=\"accordion-content\">\n\t\t<div class=\"accordion-content-inner\">\n\n\n<div class=\"ce ce-onecol      \">\n\t<div class=\"container\">\n\t\t<div class=\"row\">\n\t\t\t<div class=\"col\">\n\t\t\t\t<p>\u00dcber das Jahr verteilt erwartet Sie im Museum Reinhard Ernst eine Vielzahl an Events und Sonderveranstaltungen, an denen Sie als Jahreskarteninhaber:in kostenfrei teilnehmen k\u00f6nnen. Zudem erhalten Sie bei Ausstellungser\u00f6ffnungen exklusiven Vorabzugang \u2013 noch vor allen anderen Besucher:innen \u2013 und k\u00f6nnen neue Ausstellungen in aller Ruhe entdecken.<\/p>\n\t\t\t<\/div>\n\t\t<\/div>\n\t<\/div>\n<\/div>\n\n\n<\/div><\/div><\/div><div class=\"accordion-panel\" data-panel-id=\"gibt-es-eine-digitale-jahreskarte\">\n\t<div class=\"accordion-headline\">\n\t\t<h4>Gibt es eine digitale Jahreskarte?<\/h4>\n\t<\/div>\n\t<div class=\"accordion-content\">\n\t\t<div class=\"accordion-content-inner\">\n\n\n<div class=\"ce ce-onecol      \">\n\t<div class=\"container\">\n\t\t<div class=\"row\">\n\t\t\t<div class=\"col\">\n\t\t\t\t<p>Ja, die Jahreskarte f\u00fcr das Museum Reinhard Ernst ist auch in digitaler Form erh\u00e4ltlich. Sie k\u00f6nnen diese ganz einfach auf Ihrem Smartphone abspeichern und beim Museumsbesuch vorzeigen oder einscannen.<\/p>\n\t\t\t<\/div>\n\t\t<\/div>\n\t<\/div>\n<\/div>\n\n\n<\/div><\/div><\/div><div class=\"accordion-panel\" data-panel-id=\"wie-verlaengere-ich-meine-mre-jahreskarte\">\n\t<div class=\"accordion-headline\">\n\t\t<h4>Wie verl\u00e4ngere ich meine mre-Jahreskarte?<\/h4>\n\t<\/div>\n\t<div class=\"accordion-content\">\n\t\t<div class=\"accordion-content-inner\">\n\n\n<div class=\"ce ce-onecol      \">\n\t<div class=\"container\">\n\t\t<div class=\"row\">\n\t\t\t<div class=\"col\">\n\t\t\t\t<p>Kurz vor Ablauf werden wir uns hinsichtlich einer Verl\u00e4ngerung mit Ihnen in Verbindung setzen. Wenn Sie Ihre Karte dann k\u00fcndigen m\u00f6chten, k\u00f6nnen Sie uns diesbez\u00fcglich einfach eine E-Mail senden.<\/p>\n<p>Wenn Sie sich entscheiden, weiterhin mit uns Kunst zu genie\u00dfen (was wir sehr hoffen!), brauchen Sie nichts weiter zu tun. Ihre Jahreskarte verl\u00e4ngert sich dann automatisch um ein weiteres Jahr und Ihr Konto wird via Lastschrift mit dem entsprechenden Jahreskartenpreis belastet.<\/p>\n\t\t\t<\/div>\n\t\t<\/div>\n\t<\/div>\n<\/div>\n\n\n<\/div><\/div><\/div><\/div><\/div><\/div><\/div><\/div>\n\n<div class=\"ce ce-twocol  pt-medium    \">\n\t<div class=\"container\">\n\t\t<div class=\"row\">\n\t\t\t<div class=\"col col-custom-1\">\n\t\t\t\t<figure><img loading=\"lazy\" decoding=\"async\" class=\"alignnone wp-image-41510\" src=\"https:\/\/www.museum-re.de\/wp-content\/uploads\/2026\/02\/mre_Roll-Up_Jahreskarte_240521-8_extrakt-697x800.jpg\" alt=\"\" width=\"400\" height=\"459\" srcset=\"https:\/\/www.museum-re.de\/wp-content\/uploads\/2026\/02\/mre_Roll-Up_Jahreskarte_240521-8_extrakt-697x800.jpg 697w, https:\/\/www.museum-re.de\/wp-content\/uploads\/2026\/02\/mre_Roll-Up_Jahreskarte_240521-8_extrakt-893x1024.jpg 893w, https:\/\/www.museum-re.de\/wp-content\/uploads\/2026\/02\/mre_Roll-Up_Jahreskarte_240521-8_extrakt-768x881.jpg 768w, https:\/\/www.museum-re.de\/wp-content\/uploads\/2026\/02\/mre_Roll-Up_Jahreskarte_240521-8_extrakt-1339x1536.jpg 1339w, https:\/\/www.museum-re.de\/wp-content\/uploads\/2026\/02\/mre_Roll-Up_Jahreskarte_240521-8_extrakt-1785x2048.jpg 1785w\" sizes=\"auto, (max-width: 400px) 100vw, 400px\" \/><\/figure>\n\t\t\t<\/div>\n\t\t\t<div class=\"col col-custom-2\">\n\t\t\t\t<h2>\u00dcberzeugt?<\/h2>\n<p><a class=\"cta-primary-solid\" href=\"https:\/\/shop.museum-re.de\/de\/jahreskarten\">Hier bestellen<\/a><\/p>\n\t\t\t<\/div>\n\t\t<\/div>\n\t<\/div>\n<\/div>\n\n\n\t<div class=\"ce ce-teaser-slider  min-2-items min-3-items  pt-xlarge pb-xlarge is-threecol  \">\n\t\t<div class=\"container\">\n\t\t\t<div class=\"row\">\n\t\t\t\t<div class=\"col\">\n\t\t\t\t\t<div class=\"teaser-header\">\n\t\t\t\t\t\t\t\t\t\t\t\t\t<h4>Das k\u00f6nnte Sie auch interessieren<\/h4>\t\t\t\t\t\t\t\t\t\t\t\t<div class=\"swiper-button-next\"><\/div>\n\t\t\t\t\t\t<div class=\"swiper-button-prev\"><\/div>\n\t\t\t\t\t<\/div>\n\t\t\t\t\t<div class=\"swiper\">\n\t\t\t\t\t\t<div class=\"swiper-container\">\n\t\t\t\t\t\t\t<div class=\"swiper-wrapper\">\n                                                                    <div class=\"swiper-slide\">\n                                        \n\n<div class=\"teaser\">\n\t\t\t<a href=\"https:\/\/www.museum-re.de\/de\/besuch\/besuch-planen\/\" target=\"\">\n\t\t\t<figure>\n\t<div class=\"teaser-img\">\n\t\t<div class=\"img-wrapper\">\n\t\t\t<img loading=\"lazy\" decoding=\"async\" width=\"800\" height=\"500\" src=\"https:\/\/www.museum-re.de\/wp-content\/uploads\/2023\/02\/Besuch-planen_800500.png\" class=\"attachment-full size-full\" alt=\"\" srcset=\"https:\/\/www.museum-re.de\/wp-content\/uploads\/2023\/02\/Besuch-planen_800500.png 800w, https:\/\/www.museum-re.de\/wp-content\/uploads\/2023\/02\/Besuch-planen_800500-768x480.png 768w\" sizes=\"auto, (max-width: 800px) 100vw, 800px\" \/>\t\t<\/div>\n\t<\/div>\n\t<figcaption class=\"teaser-caption\">\n\t\t\t\t\t<h4 class=\"teaser-title\">Besuch planen<\/h4>\t\t\t\t\t<\/figcaption>\n<\/figure>\n\t\t<\/a>\n\t<\/div>\n                                    <\/div>\n                                                                    <div class=\"swiper-slide\">\n                                        \n\n<div class=\"teaser\">\n\t\t\t<a href=\"https:\/\/www.museum-re.de\/de\/besuch\/fuehrungen\/\" target=\"\">\n\t\t\t<figure>\n\t<div class=\"teaser-img\">\n\t\t<div class=\"img-wrapper\">\n\t\t\t<img loading=\"lazy\" decoding=\"async\" width=\"800\" height=\"500\" src=\"https:\/\/www.museum-re.de\/wp-content\/uploads\/2023\/02\/Veranstaltungskalender_800500.png\" class=\"attachment-full size-full\" alt=\"\" srcset=\"https:\/\/www.museum-re.de\/wp-content\/uploads\/2023\/02\/Veranstaltungskalender_800500.png 800w, https:\/\/www.museum-re.de\/wp-content\/uploads\/2023\/02\/Veranstaltungskalender_800500-768x480.png 768w\" sizes=\"auto, (max-width: 800px) 100vw, 800px\" \/>\t\t<\/div>\n\t<\/div>\n\t<figcaption class=\"teaser-caption\">\n\t\t\t\t\t<h4 class=\"teaser-title\">Rundg\u00e4nge<\/h4>\t\t\t\t\t<\/figcaption>\n<\/figure>\n\t\t<\/a>\n\t<\/div>\n                                    <\/div>\n                                                                    <div class=\"swiper-slide\">\n                                        \n\n<div class=\"teaser\">\n\t\t\t<a href=\"https:\/\/www.museum-re.de\/de\/besuch\/gastronomie\/\" target=\"\">\n\t\t\t<figure>\n\t<div class=\"teaser-img\">\n\t\t<div class=\"img-wrapper\">\n\t\t\t<img loading=\"lazy\" decoding=\"async\" width=\"800\" height=\"500\" src=\"https:\/\/www.museum-re.de\/wp-content\/uploads\/2023\/01\/rue1_800500-1.png\" class=\"attachment-full size-full\" alt=\"\" srcset=\"https:\/\/www.museum-re.de\/wp-content\/uploads\/2023\/01\/rue1_800500-1.png 800w, https:\/\/www.museum-re.de\/wp-content\/uploads\/2023\/01\/rue1_800500-1-768x480.png 768w\" sizes=\"auto, (max-width: 800px) 100vw, 800px\" \/>\t\t<\/div>\n\t<\/div>\n\t<figcaption class=\"teaser-caption\">\n\t\t\t\t\t<h4 class=\"teaser-title\">Gastronomie<\/h4>\t\t\t\t\t<\/figcaption>\n<\/figure>\n\t\t<\/a>\n\t<\/div>\n                                    <\/div>\n                                \t\t\t\t\t\t\t<\/div>\n\t\t\t\t\t\t<\/div>\n\t\t\t\t\t<\/div>\n\t\t\t\t\t\t\t\t\t<\/div>\n\t\t\t<\/div>\n\t\t<\/div>\n\t<\/div>\n","protected":false},"excerpt":{"rendered":"","protected":false},"author":6,"featured_media":0,"parent":14,"menu_order":2,"comment_status":"closed","ping_status":"closed","template":"","meta":{"_acf_changed":false,"content-type":"","_relevanssi_hide_post":"","_relevanssi_hide_content":"","_relevanssi_pin_for_all":"","_relevanssi_pin_keywords":"","_relevanssi_unpin_keywords":"","_relevanssi_related_keywords":"","_relevanssi_related_include_ids":"","_relevanssi_related_exclude_ids":"","_relevanssi_related_no_append":"","_relevanssi_related_not_related":"","_relevanssi_related_posts":"265,256,272,1243","_relevanssi_noindex_reason":"","footnotes":""},"class_list":["post-41233","page","type-page","status-publish","hentry"],"acf":[],"_links":{"self":[{"href":"https:\/\/www.museum-re.de\/de\/wp-json\/wp\/v2\/pages\/41233","targetHints":{"allow":["GET"]}}],"collection":[{"href":"https:\/\/www.museum-re.de\/de\/wp-json\/wp\/v2\/pages"}],"about":[{"href":"https:\/\/www.museum-re.de\/de\/wp-json\/wp\/v2\/types\/page"}],"author":[{"embeddable":true,"href":"https:\/\/www.museum-re.de\/de\/wp-json\/wp\/v2\/users\/6"}],"replies":[{"embeddable":true,"href":"https:\/\/www.museum-re.de\/de\/wp-json\/wp\/v2\/comments?post=41233"}],"version-history":[{"count":25,"href":"https:\/\/www.museum-re.de\/de\/wp-json\/wp\/v2\/pages\/41233\/revisions"}],"predecessor-version":[{"id":42444,"href":"https:\/\/www.museum-re.de\/de\/wp-json\/wp\/v2\/pages\/41233\/revisions\/42444"}],"up":[{"embeddable":true,"href":"https:\/\/www.museum-re.de\/de\/wp-json\/wp\/v2\/pages\/14"}],"wp:attachment":[{"href":"https:\/\/www.museum-re.de\/de\/wp-json\/wp\/v2\/media?parent=41233"}],"curies":[{"name":"wp","href":"https:\/\/api.w.org\/{rel}","templated":true}]}}