{"id":53,"date":"2022-09-08T12:22:52","date_gmt":"2022-09-08T10:22:52","guid":{"rendered":"https:\/\/www.museum-re.de\/besuch\/tickets\/"},"modified":"2026-04-09T09:40:27","modified_gmt":"2026-04-09T07:40:27","slug":"tickets","status":"publish","type":"page","link":"https:\/\/www.museum-re.de\/de\/besuch\/tickets\/","title":{"rendered":"Tickets"},"content":{"rendered":"<div class=\"ce ce-onecol   pb-medium   \">\n\t<div class=\"container\">\n\t\t<div class=\"row\">\n\t\t\t<div class=\"col\">\n\t\t\t\t<h1>Tickets<\/h1>\n\t\t\t<\/div>\n\t\t<\/div>\n\t<\/div>\n<\/div>\n\n\n<div class=\"ce ce-twocol      \">\n\t<div class=\"container\">\n\t\t<div class=\"row\">\n\t\t\t<div class=\"col col-custom-1\">\n\t\t\t\t<h2><table>\n<tbody>\n<tr>\n<td>Di-So<\/td>\n<td>12:00-18:00 Uhr<\/td>\n<\/tr>\n<tr>\n<td>Mi<\/td>\n<td>12:00-20:00 Uhr<\/td>\n<\/tr>\n<tr>\n<td colspan=\"2\">Montags geschlossen<\/td>\n<\/tr>\n<\/tbody>\n<\/table>\n<\/h2>\n\t\t\t<\/div>\n\t\t\t<div class=\"col col-custom-2\">\n\t\t\t\t<h2>\tHeute haben wir von<br>12:00 bis 20:00 Uhr ge\u00f6ffnet<\/h2>\n<h2><\/h2>\n\t\t\t<\/div>\n\t\t<\/div>\n\t<\/div>\n<\/div>\n\n\n<div class=\"ce ce-twocol-img-borderless  pt-large pb-large  bgr-black \">\n\t<div class=\"twocol-img-borderless\">\n\t\t<figure>\n\t\t\t\t\t\t\t<img loading=\"lazy\" decoding=\"async\" width=\"1000\" height=\"625\" src=\"https:\/\/www.museum-re.de\/wp-content\/uploads\/2024\/04\/Tickets_1000625-1.png\" class=\"attachment-full size-full\" alt=\"\" srcset=\"https:\/\/www.museum-re.de\/wp-content\/uploads\/2024\/04\/Tickets_1000625-1.png 1000w, https:\/\/www.museum-re.de\/wp-content\/uploads\/2024\/04\/Tickets_1000625-1-800x500.png 800w, https:\/\/www.museum-re.de\/wp-content\/uploads\/2024\/04\/Tickets_1000625-1-768x480.png 768w\" sizes=\"auto, (max-width: 1000px) 100vw, 1000px\" \/>\t\t\t\t\t<\/figure>\n\t\t<div class=\"container\">\n\t\t\t<div class=\"row\">\n\t\t\t\t<div class=\"col\">\n\t\t\t\t\t<div class=\"twocol-img-borderless-content\">\n\t\t\t\t\t\t<h2>Kaufen Sie Ihr Ticket schon jetzt online.<\/h2>\n<p><strong><a class=\"cta-primary\" href=\"https:\/\/shop.museum-re.de\/de\/tickets\">Hier buchen<\/a><\/strong><\/p>\n\t\t\t\t\t<\/div>\n\t\t\t\t<\/div>\n\t\t\t<\/div>\n\t\t<\/div>\n\t<\/div>\n<\/div>\n\n\n\t\t<div class=\"ce ce-accordion      \">\n\t\t  <div class=\"container\">\n\t\t\t<div class=\"row\">\n\t\t\t  <div class=\"col\">\n\t\t\t\t<div class=\"accordion\"><div class=\"accordion-panel\" data-panel-id=\"preise-ermaessigungen\">\n\t<div class=\"accordion-headline\">\n\t\t<h4>Preise &#038; Erm\u00e4\u00dfigungen<\/h4>\n\t<\/div>\n\t<div class=\"accordion-content\">\n\t\t<div class=\"accordion-content-inner\">\n\n\n<div class=\"ce ce-twocol      \">\n\t<div class=\"container\">\n\t\t<div class=\"row\">\n\t\t\t<div class=\"col col-custom-1\">\n\t\t\t\t<p><strong>Regul\u00e4r 14 \u20ac<\/strong><br \/>\nEntdecken Sie mit dem Tagesticket unsere Sammlungspr\u00e4sentation und Sonderausstellung.<\/p>\n<p><strong>Erm\u00e4\u00dfigt 12 \u20ac<\/strong><br \/>\nDas erm\u00e4\u00dfigte Tagesticket f\u00fcr die Sammlungspr\u00e4sentation und Sonderausstellung gilt f\u00fcr:<\/p>\n<ul>\n<li>Gruppen ab 10 Personen<\/li>\n<li>Studierende und Auszubildende<\/li>\n<li>Mitglieder des Deutschen Museumsbundes, Verband Deutscher Kunsthistoriker, Bundesverband Museumsp\u00e4dagogik, Bundesverband Bildender K\u00fcnste<\/li>\n<li>Besucher:innen mit der Wiesbaden Kurkarte<\/li>\n<li>Besucher:innen mit einer Eintrittskarte des Museums Wiesbaden. Das Angebot gilt nur am Tag des Kaufs und am Folgetag:<\/li>\n<li>Inhaber:innen mit einer <a href=\"https:\/\/www.museum-re.de\/de\/lernen-erleben\/kinder\/\">Wiesbadener Freizeitkarte<\/a><\/li>\n<\/ul>\n\t\t\t<\/div>\n\t\t\t<div class=\"col col-custom-2\">\n\t\t\t\t\t\t\t<\/div>\n\t\t<\/div>\n\t<\/div>\n<\/div>\n\n\n<div class=\"ce ce-onecol   pb-small   \">\n\t<div class=\"container\">\n\t\t<div class=\"row\">\n\t\t\t<div class=\"col\">\n\t\t\t\t<p><strong><span class=\"TextRun BCX8 SCXP173700630\" lang=\"DE-DE\" xml:lang=\"DE-DE\" data-usefontface=\"false\" data-contrast=\"none\"><span class=\"NormalTextRun BCX8 SCXP173700630\">Nachbarschaftserm\u00e4\u00dfigung<\/span><\/span><\/strong><strong><span class=\"TextRun BCX8 SCXP173700630\" lang=\"DE-DE\" xml:lang=\"DE-DE\" data-usefontface=\"false\" data-contrast=\"none\"><span class=\"NormalTextRun BCX8 SCXP173700630\"><br \/>\n<\/span><\/span><\/strong><img loading=\"lazy\" decoding=\"async\" class=\"alignnone wp-image-34617 size-full\" src=\"https:\/\/www.museum-re.de\/wp-content\/uploads\/2025\/08\/Nachbarschaftsrabatt.png\" alt=\"\" width=\"800\" height=\"198\" srcset=\"https:\/\/www.museum-re.de\/wp-content\/uploads\/2025\/08\/Nachbarschaftsrabatt.png 800w, https:\/\/www.museum-re.de\/wp-content\/uploads\/2025\/08\/Nachbarschaftsrabatt-768x190.png 768w\" sizes=\"auto, (max-width: 800px) 100vw, 800px\" \/><\/p>\n<p><strong>2 Museen. 2 Tage. 1 Erm\u00e4\u00dfigung.<\/strong><\/p>\n<p>Beim Erwerb eines Vollpreistickets im Museum Wiesbaden erhalten Sie im mre den erm\u00e4\u00dfigten Eintritt. Wenn Sie ein Tagesticket regul\u00e4r im mre erwerben, erhalten Sie im Museum Wiesbaden ein erm\u00e4\u00dfigtes Eintrittsticket.<\/p>\n<p>Diese Erm\u00e4\u00dfigung gilt am Tag des Erwerbs des jeweiligen Eintrittstickets sowie am darauffolgenden \u00d6ffnungstag. Bitte zeigen Sie Ihr im Museum Wiesbaden erworbenes Vollpreisticket an der Kasse des mre vor, um Ihr erm\u00e4\u00dfigtes Eintrittsticket zu erhalten.<\/p>\n<p>Im Rahmen der Nachbarschaftserm\u00e4\u00dfigung erhalten die Freunde des Museums Wiesbaden mit ihrer Mitgliedskarte verg\u00fcnstigten Eintritt im Museum Reinhard Ernst. Die mre-Jahreskarten berechtigen zu einem erm\u00e4\u00dfigten Eintritt im Museum Wiesbaden.<\/p>\n<p><strong>Kooperation mit dem Nassauischen Kunstverein<\/strong><\/p>\n<figure><img loading=\"lazy\" decoding=\"async\" class=\"alignnone wp-image-43312 size-full\" src=\"https:\/\/www.museum-re.de\/wp-content\/uploads\/2026\/04\/Nachbarschaftsrabatt_NKV_neu.png\" alt=\"\" width=\"800\" height=\"198\" srcset=\"https:\/\/www.museum-re.de\/wp-content\/uploads\/2026\/04\/Nachbarschaftsrabatt_NKV_neu.png 800w, https:\/\/www.museum-re.de\/wp-content\/uploads\/2026\/04\/Nachbarschaftsrabatt_NKV_neu-768x190.png 768w\" sizes=\"auto, (max-width: 800px) 100vw, 800px\" \/><\/figure>\n<p>Beim Erwerb eines Vollpreistickets im Nassauischen Kunstverein erhalten Sie im mre den erm\u00e4\u00dfigten Eintritt. Wenn Sie ein Tagesticket regul\u00e4r im mre erwerben, erhalten Sie im Nassauischen Kunstverein ein erm\u00e4\u00dfigtes Eintrittsticket.<\/p>\n<p>Diese Erm\u00e4\u00dfigung gilt am Tag des Erwerbs des jeweiligen Eintrittstickets sowie am darauffolgenden \u00d6ffnungstag. Bitte zeigen Sie Ihr im Nassauischen Kunstverein erworbenes Vollpreisticket an der Kasse des mre vor, um Ihr erm\u00e4\u00dfigtes Eintrittsticket zu erhalten.<\/p>\n<p>Im Rahmen der Kooperation erhalten die Mitglieder des Nassauischen Kunstvereins mit ihrer Mitgliedskarte verg\u00fcnstigten Eintritt im Museum Reinhard Ernst. Die mre-Jahreskarten berechtigen zu einem erm\u00e4\u00dfigten Eintritt im Nassauischen Kunstverein.<\/p>\n\t\t\t<\/div>\n\t\t<\/div>\n\t<\/div>\n<\/div>\n\n\n<\/div><\/div><\/div><div class=\"accordion-panel\" data-panel-id=\"freier-eintritt\">\n\t<div class=\"accordion-headline\">\n\t\t<h4>Freier Eintritt<\/h4>\n\t<\/div>\n\t<div class=\"accordion-content\">\n\t\t<div class=\"accordion-content-inner\">\n\n\n<div class=\"ce ce-twocol      \">\n\t<div class=\"container\">\n\t\t<div class=\"row\">\n\t\t\t<div class=\"col col-custom-1\">\n\t\t\t\t<p>Ein freies Tagesticket f\u00fcr die Sammlungspr\u00e4sentation und die Sonderausstellung gilt f\u00fcr:<\/p>\n<ul>\n<li>Kinder und Jugendliche unter 18 Jahren<\/li>\n<li>Schulgruppen und andere Bildungsorte f\u00fcr Kinder und Jugendliche mit bis zu zwei Begleitpersonen<\/li>\n<li>Studierende der Kunst \/ Kunstgeschichte \/ Architektur<br \/>\n(im Kontext einer Lehrveranstaltung)<\/li>\n<li>Medienvertreter:innen mit g\u00fcltigem Presseausweis<\/li>\n<li>Inhaber:innen der ICOM-Karte<\/li>\n<li>Menschen mit Behinderungen sowie einer Assistenzperson (Merkzeichen B)<\/li>\n<li>Personen, die bestimmte Transferleistungen* erhalten<br \/>\n<strong>Freier Eintritt mit Vorlage eines entsprechenden Nachweises.<\/strong><\/li>\n<\/ul>\n<p>* Dazu z\u00e4hlen Empf\u00e4nger von ALG II, Grundsicherung, Wohngeld oder Leistungen nach dem Asylbewerbergesetz.<\/p>\n\t\t\t<\/div>\n\t\t\t<div class=\"col col-custom-2\">\n\t\t\t\t\t\t\t<\/div>\n\t\t<\/div>\n\t<\/div>\n<\/div>\n\n\n<\/div><\/div><\/div><div class=\"accordion-panel\" data-panel-id=\"jahreskarten\">\n\t<div class=\"accordion-headline\">\n\t\t<h4>Jahreskarten<\/h4>\n\t<\/div>\n\t<div class=\"accordion-content\">\n\t\t<div class=\"accordion-content-inner\">\n\n\n<div class=\"ce ce-onecol      \">\n\t<div class=\"container\">\n\t\t<div class=\"row\">\n\t\t\t<div class=\"col\">\n\t\t\t\t<h5>Erleben Sie ein ganzes Jahr abstrakte Kunst und Weltklasse-Architektur im Museum Reinhard Ernst.<\/h5>\n\t\t\t<\/div>\n\t\t<\/div>\n\t<\/div>\n<\/div>\n\n\n<div class=\"ce ce-threecol      \">\n\t<div class=\"container\">\n\t\t<div class=\"row\">\n\t\t\t<div class=\"col col-custom-1\">\n\t\t\t\t<p><a href=\"https:\/\/shop.museum-re.de\/de\/jahreskarten\/jahreskarte-ultramarinblau\"><img loading=\"lazy\" decoding=\"async\" class=\"alignnone wp-image-7691 size-full\" src=\"https:\/\/www.museum-re.de\/wp-content\/uploads\/2024\/04\/Jahreskarte_blau_500x313.png\" alt=\"\" width=\"500\" height=\"313\" \/><\/a><\/p>\n<p><strong>Jahreskarte Ultramarinblau<\/strong><br \/>\nBis 30 Jahre: 45 \u20ac<\/p>\n<ul>\n<li>Sie besuchen das Museum und die Ausstellungen ein Jahr lang kostenfrei und ohne Anstehen.<\/li>\n<li>Als Willkommensgeschenk erhalten Sie Ihr pers\u00f6nliches Exemplar des Museumsmagazins.<\/li>\n<li>Die Jahreskarte Ultramarinblau berechtigt zu einem erm\u00e4\u00dfigten Eintritt im Museum Wiesbaden und im Nassauischen Kunstverein.<\/li>\n<\/ul>\n<p style=\"text-align: center;\"><a class=\"cta-primary cta-primary-solid\" href=\"https:\/\/shop.museum-re.de\/de\/jahreskarten\/jahreskarte-ultramarinblau\">Jahreskarte kaufen<\/a><\/p>\n\t\t\t<\/div>\n\t\t\t<div class=\"col col-custom-2\">\n\t\t\t\t<p><a href=\"https:\/\/shop.museum-re.de\/de\/jahreskarten\/jahreskarte-kaminrot\"><img loading=\"lazy\" decoding=\"async\" class=\"alignnone wp-image-7689 size-full\" src=\"https:\/\/www.museum-re.de\/wp-content\/uploads\/2024\/04\/Jahreskarte_rot_500x313.png\" alt=\"\" width=\"500\" height=\"313\" \/><\/a><\/p>\n<p><strong>Jahreskarte Karminrot<\/strong><br \/>\nAb 30 Jahre: 90 \u20ac<\/p>\n<ul>\n<li>Sie besuchen das Museum und die Ausstellungen ein Jahr lang kostenfrei und ohne Anstehen.<\/li>\n<li>Als Willkommensgeschenk erhalten Sie Ihr pers\u00f6nliches Exemplar des Museumsmagazins.<\/li>\n<li>Freuen Sie sich \u00fcber 10 % Rabatt auf Ihre Eink\u00e4ufe on- und offline, auf Geschenke und F\u00fchrungen. Bitte beachten Sie, dass der Rabatt nicht auf Gutscheine und Publikationen angewendet werden kann.<\/li>\n<li>Unser Museumsrestaurant <a href=\"https:\/\/www.museum-re.de\/de\/besuch\/gastronomie\/\">rue 1 by gollner&#8217;s<\/a> l\u00e4dt Sie zu einem Willkommensgetr\u00e4nk ein.<\/li>\n<li>Die Jahreskarte Karminrot berechtigt zu einem erm\u00e4\u00dfigten Eintritt im Museum Wiesbaden und im Nassauischen Kunstverein.<\/li>\n<\/ul>\n<p style=\"text-align: center;\"><a class=\"cta-primary cta-primary-solid\" href=\"https:\/\/shop.museum-re.de\/de\/jahreskarten\/jahreskarte-karminrot\">Jahreskarte kaufen<\/a><\/p>\n<p>&nbsp;<\/p>\n\t\t\t<\/div>\n\t\t\t<div class=\"col col-custom-3\">\n\t\t\t\t<p><a href=\"https:\/\/shop.museum-re.de\/de\/jahreskarten\/jahreskarte-cadmiumgelb\"><img loading=\"lazy\" decoding=\"async\" class=\"alignnone size-full wp-image-7693\" src=\"https:\/\/www.museum-re.de\/wp-content\/uploads\/2024\/04\/Jahreskarte_gelb_500x313.png\" alt=\"\" width=\"500\" height=\"313\" \/><\/a><\/p>\n<p><strong>Jahreskarte Cadmiumgelb<\/strong><br \/>\nAb 30 Jahre und Begleitung: 120 \u20ac<\/p>\n<ul>\n<li>Sie und Ihre Begleitung besuchen das Museum und die Ausstellungen ein Jahr lang kostenfrei.<\/li>\n<li>Als Karteninhaber:in erhalten Sie ein Exemplar des Museumsmagazins als Willkommensgeschenk.<\/li>\n<li>Freuen Sie sich \u00fcber 10 % Rabatt auf Ihre Eink\u00e4ufe on- und offline, auf Geschenke und F\u00fchrungen. Bitte beachten Sie, dass der Rabatt nicht auf Gutscheine und Publikationen angewendet werden kann.<\/li>\n<li>Unser Museumsrestaurant <a href=\"https:\/\/www.museum-re.de\/de\/besuch\/gastronomie\/\">rue 1 by gollner&#8217;s<\/a> l\u00e4dt Sie zu einem Willkommensgetr\u00e4nk ein.<\/li>\n<li>Die Jahreskarte Cadmiumgelb berechtigt zu einem erm\u00e4\u00dfigten Eintritt im Museum Wiesbaden und im Nassauischen Kunstverein.<\/li>\n<\/ul>\n<p style=\"text-align: center;\"><a class=\"cta-primary cta-primary-solid\" href=\"https:\/\/shop.museum-re.de\/de\/jahreskarten\/jahreskarte-cadmiumgelb\">Jahreskarte kaufen<\/a><\/p>\n\t\t\t<\/div>\n\t\t<\/div>\n\t<\/div>\n<\/div>\n\n\n<div class=\"ce ce-onecol      \">\n\t<div class=\"container\">\n\t\t<div class=\"row\">\n\t\t\t<div class=\"col\">\n\t\t\t\t<p>Kurz vor Ablauf werden wir uns hinsichtlich einer Verl\u00e4ngerung mit Ihnen in Verbindung setzen. Wenn Sie Ihre Karte dann k\u00fcndigen m\u00f6chten, k\u00f6nnen Sie uns diesbez\u00fcglich einfach eine E-Mail senden.<\/p>\n<p>Wenn Sie sich entscheiden, weiterhin mit uns Kunst zu genie\u00dfen (was wir sehr hoffen!), brauchen Sie nichts weiter zu tun. Ihre Jahreskarte verl\u00e4ngert sich dann automatisch um ein weiteres Jahr und Ihr Konto wird via Lastschrift mit dem entsprechenden Jahreskartenpreis belastet.<\/p>\n\t\t\t<\/div>\n\t\t<\/div>\n\t<\/div>\n<\/div>\n\n\n<\/div><\/div><\/div><\/div><\/div><\/div><\/div><\/div>\n\n\t<div class=\"ce ce-teaser-slider  min-2-items min-3-items  pt-xlarge pb-xlarge is-threecol  \">\n\t\t<div class=\"container\">\n\t\t\t<div class=\"row\">\n\t\t\t\t<div class=\"col\">\n\t\t\t\t\t<div class=\"teaser-header\">\n\t\t\t\t\t\t\t\t\t\t\t\t\t<h4>Das k\u00f6nnte Sie auch interessieren<\/h4>\t\t\t\t\t\t\t\t\t\t\t\t<div class=\"swiper-button-next\"><\/div>\n\t\t\t\t\t\t<div class=\"swiper-button-prev\"><\/div>\n\t\t\t\t\t<\/div>\n\t\t\t\t\t<div class=\"swiper\">\n\t\t\t\t\t\t<div class=\"swiper-container\">\n\t\t\t\t\t\t\t<div class=\"swiper-wrapper\">\n                                                                    <div class=\"swiper-slide\">\n                                        \n\n<div class=\"teaser\">\n\t\t\t<a href=\"https:\/\/www.museum-re.de\/de\/besuch\/besuch-planen\/\" target=\"\">\n\t\t\t<figure>\n\t<div class=\"teaser-img\">\n\t\t<div class=\"img-wrapper\">\n\t\t\t<img loading=\"lazy\" decoding=\"async\" width=\"800\" height=\"500\" src=\"https:\/\/www.museum-re.de\/wp-content\/uploads\/2023\/02\/Besuch-planen_800500.png\" class=\"attachment-full size-full\" alt=\"\" srcset=\"https:\/\/www.museum-re.de\/wp-content\/uploads\/2023\/02\/Besuch-planen_800500.png 800w, https:\/\/www.museum-re.de\/wp-content\/uploads\/2023\/02\/Besuch-planen_800500-768x480.png 768w\" sizes=\"auto, (max-width: 800px) 100vw, 800px\" \/>\t\t<\/div>\n\t<\/div>\n\t<figcaption class=\"teaser-caption\">\n\t\t\t\t\t<h4 class=\"teaser-title\">Besuch planen<\/h4>\t\t\t\t\t<\/figcaption>\n<\/figure>\n\t\t<\/a>\n\t<\/div>\n                                    <\/div>\n                                                                    <div class=\"swiper-slide\">\n                                        \n\n<div class=\"teaser\">\n\t\t\t<a href=\"https:\/\/www.museum-re.de\/de\/besuch\/fuehrungen\/\" target=\"\">\n\t\t\t<figure>\n\t<div class=\"teaser-img\">\n\t\t<div class=\"img-wrapper\">\n\t\t\t<img loading=\"lazy\" decoding=\"async\" width=\"800\" height=\"500\" src=\"https:\/\/www.museum-re.de\/wp-content\/uploads\/2023\/02\/Veranstaltungskalender_800500.png\" class=\"attachment-full size-full\" alt=\"\" srcset=\"https:\/\/www.museum-re.de\/wp-content\/uploads\/2023\/02\/Veranstaltungskalender_800500.png 800w, https:\/\/www.museum-re.de\/wp-content\/uploads\/2023\/02\/Veranstaltungskalender_800500-768x480.png 768w\" sizes=\"auto, (max-width: 800px) 100vw, 800px\" \/>\t\t<\/div>\n\t<\/div>\n\t<figcaption class=\"teaser-caption\">\n\t\t\t\t\t<h4 class=\"teaser-title\">Rundg\u00e4nge<\/h4>\t\t\t\t\t<\/figcaption>\n<\/figure>\n\t\t<\/a>\n\t<\/div>\n                                    <\/div>\n                                                                    <div class=\"swiper-slide\">\n                                        \n\n<div class=\"teaser\">\n\t\t\t<a href=\"https:\/\/www.museum-re.de\/de\/besuch\/gastronomie\/\" target=\"\">\n\t\t\t<figure>\n\t<div class=\"teaser-img\">\n\t\t<div class=\"img-wrapper\">\n\t\t\t<img loading=\"lazy\" decoding=\"async\" width=\"800\" height=\"500\" src=\"https:\/\/www.museum-re.de\/wp-content\/uploads\/2023\/01\/rue1_800500-1.png\" class=\"attachment-full size-full\" alt=\"\" srcset=\"https:\/\/www.museum-re.de\/wp-content\/uploads\/2023\/01\/rue1_800500-1.png 800w, https:\/\/www.museum-re.de\/wp-content\/uploads\/2023\/01\/rue1_800500-1-768x480.png 768w\" sizes=\"auto, (max-width: 800px) 100vw, 800px\" \/>\t\t<\/div>\n\t<\/div>\n\t<figcaption class=\"teaser-caption\">\n\t\t\t\t\t<h4 class=\"teaser-title\">Gastronomie<\/h4>\t\t\t\t\t<\/figcaption>\n<\/figure>\n\t\t<\/a>\n\t<\/div>\n                                    <\/div>\n                                \t\t\t\t\t\t\t<\/div>\n\t\t\t\t\t\t<\/div>\n\t\t\t\t\t<\/div>\n\t\t\t\t\t\t\t\t\t<\/div>\n\t\t\t<\/div>\n\t\t<\/div>\n\t<\/div>\n","protected":false},"excerpt":{"rendered":"","protected":false},"author":1,"featured_media":0,"parent":14,"menu_order":3,"comment_status":"closed","ping_status":"closed","template":"","meta":{"_acf_changed":false,"content-type":"","_relevanssi_hide_post":"","_relevanssi_hide_content":"","_relevanssi_pin_for_all":"","_relevanssi_pin_keywords":"","_relevanssi_unpin_keywords":"","_relevanssi_related_keywords":"","_relevanssi_related_include_ids":"","_relevanssi_related_exclude_ids":"","_relevanssi_related_no_append":"","_relevanssi_related_not_related":"","_relevanssi_related_posts":"265,256,272,1243","_relevanssi_noindex_reason":"","footnotes":""},"class_list":["post-53","page","type-page","status-publish","hentry"],"acf":[],"_links":{"self":[{"href":"https:\/\/www.museum-re.de\/de\/wp-json\/wp\/v2\/pages\/53","targetHints":{"allow":["GET"]}}],"collection":[{"href":"https:\/\/www.museum-re.de\/de\/wp-json\/wp\/v2\/pages"}],"about":[{"href":"https:\/\/www.museum-re.de\/de\/wp-json\/wp\/v2\/types\/page"}],"author":[{"embeddable":true,"href":"https:\/\/www.museum-re.de\/de\/wp-json\/wp\/v2\/users\/1"}],"replies":[{"embeddable":true,"href":"https:\/\/www.museum-re.de\/de\/wp-json\/wp\/v2\/comments?post=53"}],"version-history":[{"count":6,"href":"https:\/\/www.museum-re.de\/de\/wp-json\/wp\/v2\/pages\/53\/revisions"}],"predecessor-version":[{"id":43317,"href":"https:\/\/www.museum-re.de\/de\/wp-json\/wp\/v2\/pages\/53\/revisions\/43317"}],"up":[{"embeddable":true,"href":"https:\/\/www.museum-re.de\/de\/wp-json\/wp\/v2\/pages\/14"}],"wp:attachment":[{"href":"https:\/\/www.museum-re.de\/de\/wp-json\/wp\/v2\/media?parent=53"}],"curies":[{"name":"wp","href":"https:\/\/api.w.org\/{rel}","templated":true}]}}