{"id":57,"date":"2022-09-08T12:22:53","date_gmt":"2022-09-08T10:22:53","guid":{"rendered":"https:\/\/www.museum-re.de\/besuch\/mediaguide\/"},"modified":"2025-06-25T13:39:33","modified_gmt":"2025-06-25T11:39:33","slug":"mediaguide","status":"publish","type":"page","link":"https:\/\/www.museum-re.de\/de\/besuch\/mediaguide\/","title":{"rendered":"Mediaguide"},"content":{"rendered":"<div class=\"ce ce-hero       fullwidth\">\n\t<div class=\"container\">\n\t\t<div class=\"row\">\n\t\t\t<div class=\"col\">\n\t\t\t\t<figure>\n\t\t\t\t\t<div class=\"img-wrapper\">\n\t\t\t\t\t\t\t\t\t\t\t\t\t<img loading=\"lazy\" decoding=\"async\" width=\"1800\" height=\"800\" src=\"https:\/\/www.museum-re.de\/wp-content\/uploads\/2024\/04\/Mediaguide_Hero.png\" class=\"attachment-full size-full\" alt=\"\" srcset=\"https:\/\/www.museum-re.de\/wp-content\/uploads\/2024\/04\/Mediaguide_Hero.png 1800w, https:\/\/www.museum-re.de\/wp-content\/uploads\/2024\/04\/Mediaguide_Hero-800x356.png 800w, https:\/\/www.museum-re.de\/wp-content\/uploads\/2024\/04\/Mediaguide_Hero-1024x455.png 1024w, https:\/\/www.museum-re.de\/wp-content\/uploads\/2024\/04\/Mediaguide_Hero-768x341.png 768w, https:\/\/www.museum-re.de\/wp-content\/uploads\/2024\/04\/Mediaguide_Hero-1536x683.png 1536w\" sizes=\"auto, (max-width: 1800px) 100vw, 1800px\" \/>\t\t\t\t\t\t\t\t\t\t\t<\/div>\n\t\t\t\t\t\t\t\t\t<\/figure>\n\t\t\t<\/div>\n\t\t<\/div>\n\t<\/div>\n<\/div>\n\n\n<div class=\"ce ce-twocol   pb-large   \">\n\t<div class=\"container\">\n\t\t<div class=\"row\">\n\t\t\t<div class=\"col col-custom-1\">\n\t\t\t\t<h1>Mediaguide<\/h1>\n\t\t\t<\/div>\n\t\t\t<div class=\"col col-custom-2\">\n\t\t\t\t<p>Wir laden Sie ein zu einer digitalen Entdeckungsreise durch das mre! Unser umfangreicher Mediaguide nimmt Sie mit auf thematische Rundg\u00e4nge durch das Museum und unterst\u00fctzt auch das freie, individuelle Erkunden des Museumsgeb\u00e4udes und der Kunst.<\/p>\n<p><strong>Unsere Leihger\u00e4te sind an der Museumskasse f\u00fcr 3\u20ac inkl. Kopfh\u00f6rer erh\u00e4ltlich. <\/strong><\/p>\n<p><strong>Der Mediaguide ist auch als Smartphone-App verf\u00fcgbar. \u2193<\/strong><\/p>\n\t\t\t<\/div>\n\t\t<\/div>\n\t<\/div>\n<\/div>\n\n\n<div class=\"ce ce-twocol   pb-large   \">\n\t<div class=\"container\">\n\t\t<div class=\"row\">\n\t\t\t<div class=\"col col-custom-1\">\n\t\t\t\t<figure><img loading=\"lazy\" decoding=\"async\" class=\"wp-image-3165 alignleft\" src=\"https:\/\/www.museum-re.de\/wp-content\/uploads\/2023\/02\/mre_Icons_app_bart_230206.svg\" alt=\"\" width=\"150\" height=\"150\" \/><\/figure>\n<h4>Sammlerst\u00fccke<\/h4>\n<p>Begleiten Sie Sammler und Museumsgr\u00fcnder Reinhard Ernst auf einem ganz pers\u00f6nlichen Rundgang zu seinen Lieblingswerken. Freuen Sie sich auf zahlreiche Anekdoten zu K\u00fcnstler:innen und Kunstwerken und auf exklusive Einblicke in die Sammlungsgeschichte.<\/p>\n\t\t\t<\/div>\n\t\t\t<div class=\"col col-custom-2\">\n\t\t\t\t<p><a href=\"https:\/\/www.museum-re.de\/wp-content\/uploads\/2023\/02\/mre_Icons_app_stars_230206.svg\"><img loading=\"lazy\" decoding=\"async\" class=\"wp-image-3175 alignleft\" src=\"https:\/\/www.museum-re.de\/wp-content\/uploads\/2023\/02\/mre_Icons_app_stars_230206.svg\" alt=\"\" width=\"150\" height=\"150\" \/><\/a><\/p>\n<h4>Highlights der Sammlung<\/h4>\n<p>Interaktiv und anschaulich nehmen wir Sie mit auf eine Tour durch <em>Farbe ist alles!<\/em> Wie wirken Raum und Malerei zusammen? Was waren Helen Frankenthalers bahnbrechende k\u00fcnstlerische Neuerungen? Unterst\u00fctzt von Augmented Reality und Anregungen zur Wahrnehmung erhalten Sie einen spannenden \u00dcberblick \u00fcber die erste Sammlungspr\u00e4sentation.<\/p>\n\t\t\t<\/div>\n\t\t<\/div>\n\t<\/div>\n<\/div>\n\n\n<div class=\"ce ce-twocol   pb-large   \">\n\t<div class=\"container\">\n\t\t<div class=\"row\">\n\t\t\t<div class=\"col col-custom-1\">\n\t\t\t\t<p><a href=\"https:\/\/www.museum-re.de\/wp-content\/uploads\/2023\/02\/mre_Icons_app_museum_230206.svg\"><img loading=\"lazy\" decoding=\"async\" class=\"wp-image-3180 alignleft\" src=\"https:\/\/www.museum-re.de\/wp-content\/uploads\/2023\/02\/mre_Icons_app_museum_230206.svg\" alt=\"\" width=\"150\" height=\"150\" \/><\/a><\/p>\n<h4>Architektur erleben<\/h4>\n<p>In diesem Rundgang erfahren Sie alles, was Sie \u00fcber die Entstehung des mre und seine faszinierende Architektur wissen m\u00f6chten. Eingewoben sind pers\u00f6nliche Erz\u00e4hlungen aus dem Team des mre \u2013 wir laden Sie ein, an unseren Lieblingsstellen im Haus zu verweilen, zu schauen und gemeinsam dem besonderen Raumgef\u00fchl des Geb\u00e4udes des Star-Architekten Fumihiko Maki nachzusp\u00fcren.<\/p>\n\t\t\t<\/div>\n\t\t\t<div class=\"col col-custom-2\">\n\t\t\t\t<p><a href=\"https:\/\/www.museum-re.de\/wp-content\/uploads\/2023\/02\/mre_Icons_app_wahl_230206-01.svg\"><img loading=\"lazy\" decoding=\"async\" class=\"wp-image-3183 alignleft\" src=\"https:\/\/www.museum-re.de\/wp-content\/uploads\/2023\/02\/mre_Icons_app_wahl_230206-01.svg\" alt=\"\" width=\"150\" height=\"150\" \/><\/a><\/p>\n<p><strong>Ein Wal im Museum ? !<\/strong><\/p>\n<p>Geh zusammen mit Malaika und Ben auf Entdeckungstour durchs mre! Was sind das denn f\u00fcr rostige Schachteln im Hof? Hast du Lust, im Farbenmeer mitzuschwimmen? Und findet ihr vielleicht sogar zusammen den geheimnisvollen Wal im Museum?<\/p>\n<p>Mit Dank an die<img loading=\"lazy\" decoding=\"async\" class=\"alignnone wp-image-10309\" src=\"https:\/\/www.museum-re.de\/wp-content\/uploads\/2024\/06\/RV_Logo-2.png\" alt=\"\" width=\"50\" height=\"29\" \/><\/p>\n<p>&nbsp;<\/p>\n\t\t\t<\/div>\n\t\t<\/div>\n\t<\/div>\n<\/div>\n\n\n\t\t<div class=\"ce ce-accordion      \">\n\t\t  <div class=\"container\">\n\t\t\t<div class=\"row\">\n\t\t\t  <div class=\"col\">\n\t\t\t\t<div class=\"accordion\"><div class=\"accordion-panel\" data-panel-id=\"app-download\">\n\t<div class=\"accordion-headline\">\n\t\t<h4>App-Download<\/h4>\n\t<\/div>\n\t<div class=\"accordion-content\">\n\t\t<div class=\"accordion-content-inner\">\n\n\n<div class=\"ce ce-twocol      \">\n\t<div class=\"container\">\n\t\t<div class=\"row\">\n\t\t\t<div class=\"col col-custom-1\">\n\t\t\t\t<p><strong><a href=\"https:\/\/play.google.com\/store\/apps\/details?id=com.tonwelt.mre&amp;pcampaignid=web_share\">Hier<\/a> die App f\u00fcr Android im Google Play Store downloaden.<\/strong><\/p>\n<p><strong><a href=\"https:\/\/apps.apple.com\/mx\/app\/museum-reinhard-ernst\/id6504192137?l=en-GB\">Hier<\/a> die App f\u00fcr iOS im App Store downloaden.<\/strong><\/p>\n\t\t\t<\/div>\n\t\t\t<div class=\"col col-custom-2\">\n\t\t\t\t\t\t\t<\/div>\n\t\t<\/div>\n\t<\/div>\n<\/div>\n\n\n<div class=\"ce ce-onecol      \">\n\t<div class=\"container\">\n\t\t<div class=\"row\">\n\t\t\t<div class=\"col\">\n\t\t\t\t<p>Wir empfehlen Ihnen, den Mediaguide bereits vor dem Museumsbesuch auf Ihr Smartphone herunterzuladen.<\/p>\n\t\t\t<\/div>\n\t\t<\/div>\n\t<\/div>\n<\/div>\n\n\n<\/div><\/div><\/div><div class=\"accordion-panel\" data-panel-id=\"weitere-informationen\">\n\t<div class=\"accordion-headline\">\n\t\t<h4>Weitere Informationen<\/h4>\n\t<\/div>\n\t<div class=\"accordion-content\">\n\t\t<div class=\"accordion-content-inner\">\n\n\n<div class=\"ce ce-onecol      \">\n\t<div class=\"container\">\n\t\t<div class=\"row\">\n\t\t\t<div class=\"col\">\n\t\t\t\t<ul>\n<li>Im ganzen Haus steht Ihnen kostenfreies WLAN zur Verf\u00fcgung.<\/li>\n<li>Der Mediaguide bietet eine deutsche und eine englische Version an.<\/li>\n<li>Gerne k\u00f6nnen Sie Ihre eigenen Kopfh\u00f6rer verwenden, ansonsten erhalten Sie diese zusammen mit dem Leihger\u00e4t an der Museumskasse.<\/li>\n<\/ul>\n\t\t\t<\/div>\n\t\t<\/div>\n\t<\/div>\n<\/div>\n\n\n<\/div><\/div><\/div><\/div><\/div><\/div><\/div><\/div>\n\n\t<div class=\"ce ce-teaser-slider  min-2-items min-3-items  pt-medium  is-threecol  \">\n\t\t<div class=\"container\">\n\t\t\t<div class=\"row\">\n\t\t\t\t<div class=\"col\">\n\t\t\t\t\t<div class=\"teaser-header\">\n\t\t\t\t\t\t\t\t\t\t\t\t\t<h4>Entdecken Sie weitere Vermittlungsangebote:<\/h4>\t\t\t\t\t\t\t\t\t\t\t\t<div class=\"swiper-button-next\"><\/div>\n\t\t\t\t\t\t<div class=\"swiper-button-prev\"><\/div>\n\t\t\t\t\t<\/div>\n\t\t\t\t\t<div class=\"swiper\">\n\t\t\t\t\t\t<div class=\"swiper-container\">\n\t\t\t\t\t\t\t<div class=\"swiper-wrapper\">\n                                                                    <div class=\"swiper-slide\">\n                                        \n\n<div class=\"teaser\">\n\t\t\t<a href=\"https:\/\/www.museum-re.de\/de\/lernen-erleben\/farblabor\/\" target=\"\">\n\t\t\t<figure>\n\t<div class=\"teaser-img\">\n\t\t<div class=\"img-wrapper\">\n\t\t\t<img loading=\"lazy\" decoding=\"async\" width=\"800\" height=\"500\" src=\"https:\/\/www.museum-re.de\/wp-content\/uploads\/2024\/04\/2_Schulen-und-Bildungsorte_800500.png\" class=\"attachment-full size-full\" alt=\"\" srcset=\"https:\/\/www.museum-re.de\/wp-content\/uploads\/2024\/04\/2_Schulen-und-Bildungsorte_800500.png 800w, https:\/\/www.museum-re.de\/wp-content\/uploads\/2024\/04\/2_Schulen-und-Bildungsorte_800500-768x480.png 768w\" sizes=\"auto, (max-width: 800px) 100vw, 800px\" \/>\t\t<\/div>\n\t<\/div>\n\t<figcaption class=\"teaser-caption\">\n\t\t\t\t\t<h4 class=\"teaser-title\">Farblabor<\/h4>\t\t\t\t\t<\/figcaption>\n<\/figure>\n\t\t<\/a>\n\t<\/div>\n                                    <\/div>\n                                                                    <div class=\"swiper-slide\">\n                                        \n\n<div class=\"teaser\">\n\t\t\t<a href=\"https:\/\/www.museum-re.de\/de\/besuch\/fuehrungen\/\" target=\"\">\n\t\t\t<figure>\n\t<div class=\"teaser-img\">\n\t\t<div class=\"img-wrapper\">\n\t\t\t<img loading=\"lazy\" decoding=\"async\" width=\"800\" height=\"500\" src=\"https:\/\/www.museum-re.de\/wp-content\/uploads\/2024\/04\/Zustiftung_Ausstellung_800500.png\" class=\"attachment-full size-full\" alt=\"\" srcset=\"https:\/\/www.museum-re.de\/wp-content\/uploads\/2024\/04\/Zustiftung_Ausstellung_800500.png 800w, https:\/\/www.museum-re.de\/wp-content\/uploads\/2024\/04\/Zustiftung_Ausstellung_800500-768x480.png 768w\" sizes=\"auto, (max-width: 800px) 100vw, 800px\" \/>\t\t<\/div>\n\t<\/div>\n\t<figcaption class=\"teaser-caption\">\n\t\t\t\t\t<h4 class=\"teaser-title\">Rundg\u00e4nge &amp; Workshops<\/h4>\t\t\t\t\t<\/figcaption>\n<\/figure>\n\t\t<\/a>\n\t<\/div>\n                                    <\/div>\n                                                                    <div class=\"swiper-slide\">\n                                        \n\n<div class=\"teaser\">\n\t\t\t<a href=\"https:\/\/www.museum-re.de\/de\/lernen-erleben\/kinder\/\" target=\"\">\n\t\t\t<figure>\n\t<div class=\"teaser-img\">\n\t\t<div class=\"img-wrapper\">\n\t\t\t<img loading=\"lazy\" decoding=\"async\" width=\"800\" height=\"500\" src=\"https:\/\/www.museum-re.de\/wp-content\/uploads\/2024\/04\/Farbe-in-Bewegung-Familienzeit_800500.png\" class=\"attachment-full size-full\" alt=\"\" srcset=\"https:\/\/www.museum-re.de\/wp-content\/uploads\/2024\/04\/Farbe-in-Bewegung-Familienzeit_800500.png 800w, https:\/\/www.museum-re.de\/wp-content\/uploads\/2024\/04\/Farbe-in-Bewegung-Familienzeit_800500-768x480.png 768w\" sizes=\"auto, (max-width: 800px) 100vw, 800px\" \/>\t\t<\/div>\n\t<\/div>\n\t<figcaption class=\"teaser-caption\">\n\t\t\t\t\t<h4 class=\"teaser-title\">Kinder &amp; Familien<\/h4>\t\t\t\t\t<\/figcaption>\n<\/figure>\n\t\t<\/a>\n\t<\/div>\n                                    <\/div>\n                                \t\t\t\t\t\t\t<\/div>\n\t\t\t\t\t\t<\/div>\n\t\t\t\t\t<\/div>\n\t\t\t\t\t\t\t\t\t<\/div>\n\t\t\t<\/div>\n\t\t<\/div>\n\t<\/div>\n","protected":false},"excerpt":{"rendered":"","protected":false},"author":1,"featured_media":0,"parent":14,"menu_order":6,"comment_status":"closed","ping_status":"closed","template":"","meta":{"_acf_changed":false,"content-type":"","_relevanssi_hide_post":"","_relevanssi_hide_content":"","_relevanssi_pin_for_all":"","_relevanssi_pin_keywords":"","_relevanssi_unpin_keywords":"","_relevanssi_related_keywords":"","_relevanssi_related_include_ids":"","_relevanssi_related_exclude_ids":"","_relevanssi_related_no_append":"","_relevanssi_related_not_related":"","_relevanssi_related_posts":"265,256,272","_relevanssi_noindex_reason":"","footnotes":""},"class_list":["post-57","page","type-page","status-publish","hentry"],"acf":[],"_links":{"self":[{"href":"https:\/\/www.museum-re.de\/de\/wp-json\/wp\/v2\/pages\/57","targetHints":{"allow":["GET"]}}],"collection":[{"href":"https:\/\/www.museum-re.de\/de\/wp-json\/wp\/v2\/pages"}],"about":[{"href":"https:\/\/www.museum-re.de\/de\/wp-json\/wp\/v2\/types\/page"}],"author":[{"embeddable":true,"href":"https:\/\/www.museum-re.de\/de\/wp-json\/wp\/v2\/users\/1"}],"replies":[{"embeddable":true,"href":"https:\/\/www.museum-re.de\/de\/wp-json\/wp\/v2\/comments?post=57"}],"version-history":[{"count":127,"href":"https:\/\/www.museum-re.de\/de\/wp-json\/wp\/v2\/pages\/57\/revisions"}],"predecessor-version":[{"id":31258,"href":"https:\/\/www.museum-re.de\/de\/wp-json\/wp\/v2\/pages\/57\/revisions\/31258"}],"up":[{"embeddable":true,"href":"https:\/\/www.museum-re.de\/de\/wp-json\/wp\/v2\/pages\/14"}],"wp:attachment":[{"href":"https:\/\/www.museum-re.de\/de\/wp-json\/wp\/v2\/media?parent=57"}],"curies":[{"name":"wp","href":"https:\/\/api.w.org\/{rel}","templated":true}]}}