{"id":61,"date":"2022-09-08T12:22:53","date_gmt":"2022-09-08T10:22:53","guid":{"rendered":"https:\/\/www.museum-re.de\/besuch\/shop\/"},"modified":"2025-11-04T15:00:20","modified_gmt":"2025-11-04T14:00:20","slug":"shop","status":"publish","type":"page","link":"https:\/\/www.museum-re.de\/de\/besuch\/shop\/","title":{"rendered":"Shop"},"content":{"rendered":"<div class=\"ce ce-hero       fullwidth\">\n\t<div class=\"container\">\n\t\t<div class=\"row\">\n\t\t\t<div class=\"col\">\n\t\t\t\t<figure>\n\t\t\t\t\t<div class=\"img-wrapper\">\n\t\t\t\t\t\t\t\t\t\t\t\t\t<video autoplay loop muted>\n\t\t\t\t\t\t\t\t<source src=\"https:\/\/www.museum-re.de\/wp-content\/uploads\/2025\/03\/Schwenk-Shop_March2025_3.mp4\" type=\"video\/mp4\">\n\t\t\t\t\t\t\t\tYour browser does not support the video tag.\n\t\t\t\t\t\t\t<\/video>\n\t\t\t\t\t\t\t\t\t\t\t<\/div>\n\t\t\t\t\t\t\t\t\t<\/figure>\n\t\t\t<\/div>\n\t\t<\/div>\n\t<\/div>\n<\/div>\n\n\n<div class=\"ce ce-onecol      \">\n\t<div class=\"container\">\n\t\t<div class=\"row\">\n\t\t\t<div class=\"col\">\n\t\t\t\t<p>Kunstvolle Geschenke, feine Papeterie, originelle Souvenirs und besondere \u00dcberraschungen f\u00fcr Ihre J\u00fcngsten \u2013 in unserem Museumsshop erwartet Sie, on- und offline, ein sorgf\u00e4ltig ausgew\u00e4hltes Sortiment.<\/p>\n<p><strong><a class=\"cta-primary\" href=\"https:\/\/shop.museum-re.de\/\/shopartikel\">jetzt entdecken<\/a><\/strong><\/p>\n\t\t\t<\/div>\n\t\t<\/div>\n\t<\/div>\n<\/div>\n\n\n<div class=\"ce ce-twocol  pt-medium pb-large   \">\n\t<div class=\"container\">\n\t\t<div class=\"row\">\n\t\t\t<div class=\"col col-custom-1\">\n\t\t\t\t<h3>Die \u00d6ffnungszeiten des Museumsshops sind:<\/h3>\n\t\t\t<\/div>\n\t\t\t<div class=\"col col-custom-2\">\n\t\t\t\t<div class=\"lead-2\"><table>\n<tbody>\n<tr>\n<td>Di-So<\/td>\n<td>12:00-18:00 Uhr<\/td>\n<\/tr>\n<tr>\n<td>Mi<\/td>\n<td>12:00-20:00 Uhr<\/td>\n<\/tr>\n<tr>\n<td colspan=\"2\">Montags geschlossen<\/td>\n<\/tr>\n<\/tbody>\n<\/table>\n<\/div>\n\t\t\t<\/div>\n\t\t<\/div>\n\t<\/div>\n<\/div>\n\n\n<div class=\"ce ce-onecol    layout-10  \">\n\t<div class=\"container\">\n\t\t<div class=\"row\">\n\t\t\t<div class=\"col\">\n\t\t\t\t<figure><img loading=\"lazy\" decoding=\"async\" class=\"alignnone wp-image-37161 size-full\" src=\"https:\/\/www.museum-re.de\/wp-content\/uploads\/2025\/11\/Team-Foto-Shop-c-Dekubanowski_neu.png\" alt=\"\" width=\"1800\" height=\"1200\" srcset=\"https:\/\/www.museum-re.de\/wp-content\/uploads\/2025\/11\/Team-Foto-Shop-c-Dekubanowski_neu.png 1800w, https:\/\/www.museum-re.de\/wp-content\/uploads\/2025\/11\/Team-Foto-Shop-c-Dekubanowski_neu-800x533.png 800w, https:\/\/www.museum-re.de\/wp-content\/uploads\/2025\/11\/Team-Foto-Shop-c-Dekubanowski_neu-1024x683.png 1024w, https:\/\/www.museum-re.de\/wp-content\/uploads\/2025\/11\/Team-Foto-Shop-c-Dekubanowski_neu-768x512.png 768w, https:\/\/www.museum-re.de\/wp-content\/uploads\/2025\/11\/Team-Foto-Shop-c-Dekubanowski_neu-1536x1024.png 1536w\" sizes=\"auto, (max-width: 1800px) 100vw, 1800px\" \/><\/figure>\n<p>Bei Fragen rund um den <a href=\"https:\/\/shop.museum-re.de\/de\">Shop<\/a> ist unser Begr\u00fc\u00dfungsteam gerne f\u00fcr Sie da!<\/p>\n\t\t\t<\/div>\n\t\t<\/div>\n\t<\/div>\n<\/div>\n","protected":false},"excerpt":{"rendered":"","protected":false},"author":1,"featured_media":0,"parent":14,"menu_order":8,"comment_status":"closed","ping_status":"closed","template":"","meta":{"_acf_changed":false,"content-type":"","_relevanssi_hide_post":"","_relevanssi_hide_content":"","_relevanssi_pin_for_all":"","_relevanssi_pin_keywords":"","_relevanssi_unpin_keywords":"","_relevanssi_related_keywords":"","_relevanssi_related_include_ids":"","_relevanssi_related_exclude_ids":"","_relevanssi_related_no_append":"","_relevanssi_related_not_related":"","_relevanssi_related_posts":"1243,256,265,272","_relevanssi_noindex_reason":"","footnotes":""},"class_list":["post-61","page","type-page","status-publish","hentry"],"acf":[],"_links":{"self":[{"href":"https:\/\/www.museum-re.de\/de\/wp-json\/wp\/v2\/pages\/61","targetHints":{"allow":["GET"]}}],"collection":[{"href":"https:\/\/www.museum-re.de\/de\/wp-json\/wp\/v2\/pages"}],"about":[{"href":"https:\/\/www.museum-re.de\/de\/wp-json\/wp\/v2\/types\/page"}],"author":[{"embeddable":true,"href":"https:\/\/www.museum-re.de\/de\/wp-json\/wp\/v2\/users\/1"}],"replies":[{"embeddable":true,"href":"https:\/\/www.museum-re.de\/de\/wp-json\/wp\/v2\/comments?post=61"}],"version-history":[{"count":4,"href":"https:\/\/www.museum-re.de\/de\/wp-json\/wp\/v2\/pages\/61\/revisions"}],"predecessor-version":[{"id":37164,"href":"https:\/\/www.museum-re.de\/de\/wp-json\/wp\/v2\/pages\/61\/revisions\/37164"}],"up":[{"embeddable":true,"href":"https:\/\/www.museum-re.de\/de\/wp-json\/wp\/v2\/pages\/14"}],"wp:attachment":[{"href":"https:\/\/www.museum-re.de\/de\/wp-json\/wp\/v2\/media?parent=61"}],"curies":[{"name":"wp","href":"https:\/\/api.w.org\/{rel}","templated":true}]}}