{"id":63,"date":"2022-09-08T12:22:52","date_gmt":"2022-09-08T10:22:53","guid":{"rendered":"https:\/\/www.museum-re.de\/besuch\/bistro\/"},"modified":"2025-06-11T10:14:53","modified_gmt":"2025-06-11T08:14:53","slug":"gastronomie","status":"publish","type":"page","link":"https:\/\/www.museum-re.de\/de\/besuch\/gastronomie\/","title":{"rendered":"Gastronomie"},"content":{"rendered":"<div class=\"ce ce-hero       fullwidth\">\n\t<div class=\"container\">\n\t\t<div class=\"row\">\n\t\t\t<div class=\"col\">\n\t\t\t\t<figure>\n\t\t\t\t\t<div class=\"img-wrapper\">\n\t\t\t\t\t\t\t\t\t\t\t\t\t<video autoplay loop muted>\n\t\t\t\t\t\t\t\t<source src=\"https:\/\/www.museum-re.de\/wp-content\/uploads\/2025\/06\/Homepagevideo_rue-1-by-gollners_low.mp4\" type=\"video\/mp4\">\n\t\t\t\t\t\t\t\tYour browser does not support the video tag.\n\t\t\t\t\t\t\t<\/video>\n\t\t\t\t\t\t\t\t\t\t\t<\/div>\n\t\t\t\t\t\t\t\t\t<\/figure>\n\t\t\t<\/div>\n\t\t<\/div>\n\t<\/div>\n<\/div>\n\n\n<div class=\"ce ce-onecol      \">\n\t<div class=\"container\">\n\t\t<div class=\"row\">\n\t\t\t<div class=\"col\">\n\t\t\t\t<h1>Gastronomie<\/h1>\n\t\t\t<\/div>\n\t\t<\/div>\n\t<\/div>\n<\/div>\n\n\n<div class=\"ce ce-twocol   pb-xlarge layout-6-5  \">\n\t<div class=\"container\">\n\t\t<div class=\"row\">\n\t\t\t<div class=\"col col-custom-1\">\n\t\t\t\t<p>Ob vor, w\u00e4hrend oder nach einem Besuch im Museum Reinhard Ernst \u2013 runden Sie Ihren Aufenthalt im mre mit einer kulinarischen Pause im Restaurant <strong>rue 1 by gollner\u2019s<\/strong> ab.<\/p>\n<p>Es erwarten Sie frisch zubereitete K\u00f6stlichkeiten f\u00fcr den kleinen und gro\u00dfen Hunger, Angebote f\u00fcr die Familie genauso wie f\u00fcr den Gruppenausflug und Spezialit\u00e4ten zum Espresso zwischendurch. Am Abend wechselt das Speiseangebot und l\u00e4dt zum Genie\u00dfen und Verweilen ein.<\/p>\n<p>Die Sitzpl\u00e4tze im Bistro, die den einen oder anderen Blick auf die abstrakte Kunst erlauben, und die Sonnenpl\u00e4tze auf der Terrasse bieten im Zentrum der Wiesbadener Innenstadt ein einmaliges Ambiente.<\/p>\n\t\t\t<\/div>\n\t\t\t<div class=\"col col-custom-2\">\n\t\t\t\t<h2><img loading=\"lazy\" decoding=\"async\" class=\"alignnone size-full wp-image-4772\" src=\"https:\/\/www.museum-re.de\/wp-content\/uploads\/2023\/05\/RUE1_Logo_150x150.png\" alt=\"\" width=\"150\" height=\"150\" \/><\/h2>\n<h2>\u00d6ffnungszeiten<\/h2>\n<div><\/div>\n<table>\n<tbody>\n<tr>\n<td>Di\u2013Sa<\/td>\n<td>11:00\u201300:00 Uhr<\/td>\n<\/tr>\n<tr>\n<td>So<\/td>\n<td>11:00\u201318:00 Uhr<\/td>\n<\/tr>\n<tr>\n<td colspan=\"2\">Montags Ruhetag<\/td>\n<\/tr>\n<\/tbody>\n<\/table>\n<p>&nbsp;<\/p>\n\t\t\t<\/div>\n\t\t<\/div>\n\t<\/div>\n<\/div>\n\n\n<div class=\"ce ce-twocol-img-borderless  pt-medium pb-xlarge  bgr-white \">\n\t<div class=\"twocol-img-borderless\">\n\t\t<figure>\n\t\t\t\t\t\t\t<img loading=\"lazy\" decoding=\"async\" width=\"1500\" height=\"938\" src=\"https:\/\/www.museum-re.de\/wp-content\/uploads\/2024\/04\/rue1_1500938.png\" class=\"attachment-full size-full\" alt=\"\" srcset=\"https:\/\/www.museum-re.de\/wp-content\/uploads\/2024\/04\/rue1_1500938.png 1500w, https:\/\/www.museum-re.de\/wp-content\/uploads\/2024\/04\/rue1_1500938-800x500.png 800w, https:\/\/www.museum-re.de\/wp-content\/uploads\/2024\/04\/rue1_1500938-1024x640.png 1024w, https:\/\/www.museum-re.de\/wp-content\/uploads\/2024\/04\/rue1_1500938-768x480.png 768w\" sizes=\"auto, (max-width: 1500px) 100vw, 1500px\" \/>\t\t\t\t\t<\/figure>\n\t\t<div class=\"container\">\n\t\t\t<div class=\"row\">\n\t\t\t\t<div class=\"col\">\n\t\t\t\t\t<div class=\"twocol-img-borderless-content\">\n\t\t\t\t\t\t<h2>Reservierungen<\/h2>\n<p>Unabh\u00e4ngig von den \u00d6ffnungszeiten oder Aktivit\u00e4ten des Museums k\u00f6nnen im Restaurant <strong>rue 1 by gollner&#8217;s<\/strong> Tische ab 18:00 Uhr reserviert und die Gen\u00fcsse der internationalen K\u00fcche erlebt werden \u2013 passend zur internationalen Kunst des Museums. Bitte beachten Sie, dass das rue 1 by gollner&#8217;s tags\u00fcber keine Reservierungen annimmt.<\/p>\n<p><a class=\"cta-primary\" href=\"https:\/\/www.gollners.de\/rue1-by-gollners\" target=\"_blank\" rel=\"noopener\"><strong>Reservierungen<\/strong><\/a><\/p>\n\t\t\t\t\t<\/div>\n\t\t\t\t<\/div>\n\t\t\t<\/div>\n\t\t<\/div>\n\t<\/div>\n<\/div>\n\n\n\t<div class=\"ce ce-teaser-slider  min-2-items min-3-items  pt-xlarge  is-threecol  \">\n\t\t<div class=\"container\">\n\t\t\t<div class=\"row\">\n\t\t\t\t<div class=\"col\">\n\t\t\t\t\t<div class=\"teaser-header\">\n\t\t\t\t\t\t\t\t\t\t\t\t\t<h4>Das k\u00f6nnte Sie auch interessieren:<\/h4>\t\t\t\t\t\t\t\t\t\t\t\t<div class=\"swiper-button-next\"><\/div>\n\t\t\t\t\t\t<div class=\"swiper-button-prev\"><\/div>\n\t\t\t\t\t<\/div>\n\t\t\t\t\t<div class=\"swiper\">\n\t\t\t\t\t\t<div class=\"swiper-container\">\n\t\t\t\t\t\t\t<div class=\"swiper-wrapper\">\n                                                                    <div class=\"swiper-slide\">\n                                        \n\n<div class=\"teaser\">\n\t\t\t<a href=\"https:\/\/www.museum-re.de\/de\/museum\/museum\/\" target=\"\">\n\t\t\t<figure>\n\t<div class=\"teaser-img\">\n\t\t<div class=\"img-wrapper\">\n\t\t\t<img loading=\"lazy\" decoding=\"async\" width=\"800\" height=\"500\" src=\"https:\/\/www.museum-re.de\/wp-content\/uploads\/2023\/02\/Museum_Teaser_800500.png\" class=\"attachment-full size-full\" alt=\"\" srcset=\"https:\/\/www.museum-re.de\/wp-content\/uploads\/2023\/02\/Museum_Teaser_800500.png 800w, https:\/\/www.museum-re.de\/wp-content\/uploads\/2023\/02\/Museum_Teaser_800500-768x480.png 768w\" sizes=\"auto, (max-width: 800px) 100vw, 800px\" \/>\t\t<\/div>\n\t<\/div>\n\t<figcaption class=\"teaser-caption\">\n\t\t\t\t\t<h4 class=\"teaser-title\">Museum<\/h4>\t\t\t\t\t<\/figcaption>\n<\/figure>\n\t\t<\/a>\n\t<\/div>\n                                    <\/div>\n                                                                    <div class=\"swiper-slide\">\n                                        \n\n<div class=\"teaser\">\n\t\t\t<a href=\"https:\/\/www.museum-re.de\/de\/kunst\/ausstellungen\/\" target=\"\">\n\t\t\t<figure>\n\t<div class=\"teaser-img\">\n\t\t<div class=\"img-wrapper\">\n\t\t\t<img loading=\"lazy\" decoding=\"async\" width=\"800\" height=\"500\" src=\"https:\/\/www.museum-re.de\/wp-content\/uploads\/2023\/02\/Shimamoto_Teaser.png\" class=\"attachment-full size-full\" alt=\"\" srcset=\"https:\/\/www.museum-re.de\/wp-content\/uploads\/2023\/02\/Shimamoto_Teaser.png 800w, https:\/\/www.museum-re.de\/wp-content\/uploads\/2023\/02\/Shimamoto_Teaser-768x480.png 768w, https:\/\/www.museum-re.de\/wp-content\/uploads\/2023\/02\/Shimamoto_Teaser-300x188.png 300w\" sizes=\"auto, (max-width: 800px) 100vw, 800px\" \/>\t\t<\/div>\n\t<\/div>\n\t<figcaption class=\"teaser-caption\">\n\t\t\t\t\t<h4 class=\"teaser-title\">Aktuelle Ausstellungen<\/h4>\t\t\t\t\t<\/figcaption>\n<\/figure>\n\t\t<\/a>\n\t<\/div>\n                                    <\/div>\n                                                                    <div class=\"swiper-slide\">\n                                        \n\n<div class=\"teaser\">\n\t\t\t<a href=\"https:\/\/www.museum-re.de\/de\/lernen-erleben\/rundgaenge-2\/\" target=\"\">\n\t\t\t<figure>\n\t<div class=\"teaser-img\">\n\t\t<div class=\"img-wrapper\">\n\t\t\t<img loading=\"lazy\" decoding=\"async\" width=\"800\" height=\"500\" src=\"https:\/\/www.museum-re.de\/wp-content\/uploads\/2023\/02\/mre-A-wie-Abstrakt_500313.png\" class=\"attachment-full size-full\" alt=\"\" srcset=\"https:\/\/www.museum-re.de\/wp-content\/uploads\/2023\/02\/mre-A-wie-Abstrakt_500313.png 800w, https:\/\/www.museum-re.de\/wp-content\/uploads\/2023\/02\/mre-A-wie-Abstrakt_500313-768x480.png 768w\" sizes=\"auto, (max-width: 800px) 100vw, 800px\" \/>\t\t<\/div>\n\t<\/div>\n\t<figcaption class=\"teaser-caption\">\n\t\t\t\t\t<h4 class=\"teaser-title\">F\u00fchrungen<\/h4>\t\t\t\t\t<\/figcaption>\n<\/figure>\n\t\t<\/a>\n\t<\/div>\n                                    <\/div>\n                                \t\t\t\t\t\t\t<\/div>\n\t\t\t\t\t\t<\/div>\n\t\t\t\t\t<\/div>\n\t\t\t\t\t\t\t\t\t<\/div>\n\t\t\t<\/div>\n\t\t<\/div>\n\t<\/div>\n","protected":false},"excerpt":{"rendered":"","protected":false},"author":1,"featured_media":0,"parent":14,"menu_order":9,"comment_status":"closed","ping_status":"closed","template":"","meta":{"_acf_changed":false,"content-type":"","_relevanssi_hide_post":"","_relevanssi_hide_content":"","_relevanssi_pin_for_all":"","_relevanssi_pin_keywords":"","_relevanssi_unpin_keywords":"","_relevanssi_related_keywords":"","_relevanssi_related_include_ids":"","_relevanssi_related_exclude_ids":"","_relevanssi_related_no_append":"","_relevanssi_related_not_related":"","_relevanssi_related_posts":"256,272,265","_relevanssi_noindex_reason":"","footnotes":""},"class_list":["post-63","page","type-page","status-publish","hentry"],"acf":[],"_links":{"self":[{"href":"https:\/\/www.museum-re.de\/de\/wp-json\/wp\/v2\/pages\/63","targetHints":{"allow":["GET"]}}],"collection":[{"href":"https:\/\/www.museum-re.de\/de\/wp-json\/wp\/v2\/pages"}],"about":[{"href":"https:\/\/www.museum-re.de\/de\/wp-json\/wp\/v2\/types\/page"}],"author":[{"embeddable":true,"href":"https:\/\/www.museum-re.de\/de\/wp-json\/wp\/v2\/users\/1"}],"replies":[{"embeddable":true,"href":"https:\/\/www.museum-re.de\/de\/wp-json\/wp\/v2\/comments?post=63"}],"version-history":[{"count":134,"href":"https:\/\/www.museum-re.de\/de\/wp-json\/wp\/v2\/pages\/63\/revisions"}],"predecessor-version":[{"id":30752,"href":"https:\/\/www.museum-re.de\/de\/wp-json\/wp\/v2\/pages\/63\/revisions\/30752"}],"up":[{"embeddable":true,"href":"https:\/\/www.museum-re.de\/de\/wp-json\/wp\/v2\/pages\/14"}],"wp:attachment":[{"href":"https:\/\/www.museum-re.de\/de\/wp-json\/wp\/v2\/media?parent=63"}],"curies":[{"name":"wp","href":"https:\/\/api.w.org\/{rel}","templated":true}]}}