{"id":69,"date":"2022-09-08T12:23:44","date_gmt":"2022-09-08T10:23:44","guid":{"rendered":"https:\/\/www.museum-re.de\/museum\/architektur\/"},"modified":"2026-05-08T10:00:28","modified_gmt":"2026-05-08T08:00:28","slug":"architektur","status":"publish","type":"page","link":"https:\/\/www.museum-re.de\/de\/museum\/architektur\/","title":{"rendered":"Architektur"},"content":{"rendered":"<div class=\"ce ce-hero   pb-medium    fullwidth\">\n\t<div class=\"container\">\n\t\t<div class=\"row\">\n\t\t\t<div class=\"col\">\n\t\t\t\t<figure>\n\t\t\t\t\t<div class=\"img-wrapper\">\n\t\t\t\t\t\t\t\t\t\t\t\t\t<img loading=\"lazy\" decoding=\"async\" width=\"3000\" height=\"1333\" src=\"https:\/\/www.museum-re.de\/wp-content\/uploads\/2024\/05\/architecture_hero.png\" class=\"attachment-full size-full\" alt=\"\" srcset=\"https:\/\/www.museum-re.de\/wp-content\/uploads\/2024\/05\/architecture_hero.png 3000w, https:\/\/www.museum-re.de\/wp-content\/uploads\/2024\/05\/architecture_hero-800x355.png 800w, https:\/\/www.museum-re.de\/wp-content\/uploads\/2024\/05\/architecture_hero-1024x455.png 1024w, https:\/\/www.museum-re.de\/wp-content\/uploads\/2024\/05\/architecture_hero-768x341.png 768w, https:\/\/www.museum-re.de\/wp-content\/uploads\/2024\/05\/architecture_hero-1536x682.png 1536w, https:\/\/www.museum-re.de\/wp-content\/uploads\/2024\/05\/architecture_hero-2048x910.png 2048w\" sizes=\"auto, (max-width: 3000px) 100vw, 3000px\" \/>\t\t\t\t\t\t\t\t\t\t\t<\/div>\n\t\t\t\t\t\t\t\t\t<\/figure>\n\t\t\t<\/div>\n\t\t<\/div>\n\t<\/div>\n<\/div>\n\n\n<div class=\"ce ce-twocol   pb-large layout-4-8  \">\n\t<div class=\"container\">\n\t\t<div class=\"row\">\n\t\t\t<div class=\"col col-custom-1\">\n\t\t\t\t<h1>Architektur<\/h1>\n<p>&nbsp;<\/p>\n<p><a href=\"https:\/\/www.museum-re.de\/de\/museum\/aktuelles\/gary-kamemoto-in-wiesbaden\/\"><img loading=\"lazy\" decoding=\"async\" class=\"alignnone wp-image-44603 \" src=\"https:\/\/www.museum-re.de\/wp-content\/uploads\/2026\/05\/Stoerer_Architektur-Event-1.png\" alt=\"\" width=\"245\" height=\"245\" srcset=\"https:\/\/www.museum-re.de\/wp-content\/uploads\/2026\/05\/Stoerer_Architektur-Event-1.png 600w, https:\/\/www.museum-re.de\/wp-content\/uploads\/2026\/05\/Stoerer_Architektur-Event-1-150x150.png 150w\" sizes=\"auto, (max-width: 245px) 100vw, 245px\" \/><\/a><\/p>\n\t\t\t<\/div>\n\t\t\t<div class=\"col col-custom-2\">\n\t\t\t\t<h3>\u201eZur Stadt passend und gleichzeitig etwas v\u00f6llig Eigenes.\u201c \u2013<br \/>\n\u201eSchlicht und gleichzeitig mit raffinierter Raumgestaltung.\u201c \u2013<br \/>\n\u201eBehaglich und gleichzeitig kompromisslos modern.\u201c<\/h3>\n<p>\u2013 Dialog zwischen Reinhard Ernst und Fumihiko Maki<\/p>\n\t\t\t<\/div>\n\t\t<\/div>\n\t<\/div>\n<\/div>\n\n\n<div class=\"ce ce-twocol  pt-xlarge pb-xlarge  bgr-white \">\n\t<div class=\"container\">\n\t\t<div class=\"row\">\n\t\t\t<div class=\"col col-custom-1\">\n\t\t\t\t<p>Am 18. M\u00e4rz 2017, einen Tag nachdem die Wiesbadener Stadtverordnetenversammlung dem Vorschlag des Stifterpaares zugestimmt hatte, ein stiftungsfinanziertes Kunstmuseum am Standort Wilhelmstra\u00dfe 1 zu errichten, informierte Reinhard Ernst seinen langj\u00e4hrigen Freund, den Architekten Fumihiko Maki (1928-2024). Dieser war hellauf begeistert und begann umgehend mit der Detailplanung des Museumsbaus.<\/p>\n<p>Fumihiko Maki erhielt 1993 den Pritzker Preis, die international wichtigste Auszeichnung f\u00fcr Architektur. Die damalige Begr\u00fcndung der Jury passt nach wie vor: Maki will Begegnungsst\u00e4tten f\u00fcr Menschen schaffen, den Geist eines Ortes bewahren und das Geb\u00e4ude in den Dienst seines Zwecks stellen. Mit anderen Worten: Maki schuf weltweit einzigartige Museumsgeb\u00e4ude, die nicht sich selbst und den Architekten feiern, sondern die darin ausgestellte Kunst. Dadurch erm\u00f6glicht er dem Publikum eine architektonische Erfahrung, bei der die Menschen und das gemeinsame Erleben von Kultur im Mittelpunkt stehen.<\/p>\n\t\t\t<\/div>\n\t\t\t<div class=\"col col-custom-2\">\n\t\t\t\t<p>Beispiele seiner Arbeiten findet man in unterschiedlichsten St\u00e4dten und L\u00e4ndern: Aga Khan Museum in Toronto, 4 World Trade Center in New York, Haus der Hoffnung in Natori, Spiral Building in Tokio, Sam Fox School of Design and Visual Arts der Washington University in St. Louis, Shenzhen Sea World Culture and Arts Center etc.<\/p>\n<p>F\u00fcr das mre hat Fumihiko Maki sich intensiv mit der Sammlung Reinhard Ernst besch\u00e4ftigt sowie die Umgebung und den st\u00e4dtischen Kulturraum erkundet. Er hat die Stra\u00dfenf\u00fchrung, die Nachbarschaft und sogar die Geb\u00e4udeachsen der gegen\u00fcberliegenden historistischen Bebauung in seine Planungen einbezogen. So wird das in ein wei\u00df glitzerndes Granitkleid geh\u00fcllte Museum an der Wilhelmstra\u00dfe 1 wie einst das Victoria-Hotel wieder das Tor zur &#8222;Rue&#8220;.<\/p>\n\t\t\t<\/div>\n\t\t<\/div>\n\t<\/div>\n<\/div>\n\n\n<div class=\"ce ce-img-slider      \">\n\t<div class=\"container\">\n\t\t<div class=\"row\">\n\t\t\t<div class=\"col\">\n\t\t\t\t<div class=\"img-slider\">\n\t\t\t\t\t<div class=\"swiper\">\n\t\t\t\t\t\t<div class=\"swiper-container\">\n\t\t\t\t\t\t\t<div class=\"swiper-wrapper\">\n\t\t\t\t\t\t\t\t\t\t\t\t\t\t\t\t\t<div class=\"swiper-slide\">\n\t\t\t\t\t\t\t\t\t\t<figure>\n\t\t\t\t\t\t\t\t\t\t\t<img loading=\"lazy\" decoding=\"async\" width=\"1500\" height=\"1058\" src=\"https:\/\/www.museum-re.de\/wp-content\/uploads\/2024\/04\/3_Architektur_Museum-Reinhard-Ernst_1500.png\" class=\"attachment-full size-full\" alt=\"Innenansicht_Architektur_Museum-Reinhard-Ernst\" srcset=\"https:\/\/www.museum-re.de\/wp-content\/uploads\/2024\/04\/3_Architektur_Museum-Reinhard-Ernst_1500.png 1500w, https:\/\/www.museum-re.de\/wp-content\/uploads\/2024\/04\/3_Architektur_Museum-Reinhard-Ernst_1500-800x564.png 800w, https:\/\/www.museum-re.de\/wp-content\/uploads\/2024\/04\/3_Architektur_Museum-Reinhard-Ernst_1500-1024x722.png 1024w, https:\/\/www.museum-re.de\/wp-content\/uploads\/2024\/04\/3_Architektur_Museum-Reinhard-Ernst_1500-768x542.png 768w\" sizes=\"auto, (max-width: 1500px) 100vw, 1500px\" \/>\t\t\t\t\t\t\t\t\t\t\t\t\t\t\t\t\t\t\t\t\t<\/figure>\n\t\t\t\t\t\t\t\t\t<\/div>\n\t\t\t\t\t\t\t\t\t\t\t\t\t\t\t\t\t<div class=\"swiper-slide\">\n\t\t\t\t\t\t\t\t\t\t<figure>\n\t\t\t\t\t\t\t\t\t\t\t<img loading=\"lazy\" decoding=\"async\" width=\"1500\" height=\"1058\" src=\"https:\/\/www.museum-re.de\/wp-content\/uploads\/2024\/04\/6_Architektur_Museum-Reinhard-Ernst_1500.png\" class=\"attachment-full size-full\" alt=\"Innenansicht_Architektur_Museum-Reinhard-Ernst\" srcset=\"https:\/\/www.museum-re.de\/wp-content\/uploads\/2024\/04\/6_Architektur_Museum-Reinhard-Ernst_1500.png 1500w, https:\/\/www.museum-re.de\/wp-content\/uploads\/2024\/04\/6_Architektur_Museum-Reinhard-Ernst_1500-800x564.png 800w, https:\/\/www.museum-re.de\/wp-content\/uploads\/2024\/04\/6_Architektur_Museum-Reinhard-Ernst_1500-1024x722.png 1024w, https:\/\/www.museum-re.de\/wp-content\/uploads\/2024\/04\/6_Architektur_Museum-Reinhard-Ernst_1500-768x542.png 768w\" sizes=\"auto, (max-width: 1500px) 100vw, 1500px\" \/>\t\t\t\t\t\t\t\t\t\t\t\t\t\t\t\t\t\t\t\t\t<\/figure>\n\t\t\t\t\t\t\t\t\t<\/div>\n\t\t\t\t\t\t\t\t\t\t\t\t\t\t\t\t\t<div class=\"swiper-slide\">\n\t\t\t\t\t\t\t\t\t\t<figure>\n\t\t\t\t\t\t\t\t\t\t\t<img loading=\"lazy\" decoding=\"async\" width=\"1500\" height=\"1058\" src=\"https:\/\/www.museum-re.de\/wp-content\/uploads\/2024\/04\/9_Architektur_Museum-Reinhard-Ernst_1500.png\" class=\"attachment-full size-full\" alt=\"\" srcset=\"https:\/\/www.museum-re.de\/wp-content\/uploads\/2024\/04\/9_Architektur_Museum-Reinhard-Ernst_1500.png 1500w, https:\/\/www.museum-re.de\/wp-content\/uploads\/2024\/04\/9_Architektur_Museum-Reinhard-Ernst_1500-800x564.png 800w, https:\/\/www.museum-re.de\/wp-content\/uploads\/2024\/04\/9_Architektur_Museum-Reinhard-Ernst_1500-1024x722.png 1024w, https:\/\/www.museum-re.de\/wp-content\/uploads\/2024\/04\/9_Architektur_Museum-Reinhard-Ernst_1500-768x542.png 768w\" sizes=\"auto, (max-width: 1500px) 100vw, 1500px\" \/>\t\t\t\t\t\t\t\t\t\t\t\t\t\t\t\t\t\t\t\t\t<\/figure>\n\t\t\t\t\t\t\t\t\t<\/div>\n\t\t\t\t\t\t\t\t\t\t\t\t\t\t\t\t\t<div class=\"swiper-slide\">\n\t\t\t\t\t\t\t\t\t\t<figure>\n\t\t\t\t\t\t\t\t\t\t\t<img loading=\"lazy\" decoding=\"async\" width=\"1500\" height=\"1058\" src=\"https:\/\/www.museum-re.de\/wp-content\/uploads\/2024\/04\/4_Architektur_Museum-Reinhard-Ernst_1500.png\" class=\"attachment-full size-full\" alt=\"Innenansicht_Architektur_Museum-Reinhard-Ernst\" srcset=\"https:\/\/www.museum-re.de\/wp-content\/uploads\/2024\/04\/4_Architektur_Museum-Reinhard-Ernst_1500.png 1500w, https:\/\/www.museum-re.de\/wp-content\/uploads\/2024\/04\/4_Architektur_Museum-Reinhard-Ernst_1500-800x564.png 800w, https:\/\/www.museum-re.de\/wp-content\/uploads\/2024\/04\/4_Architektur_Museum-Reinhard-Ernst_1500-1024x722.png 1024w, https:\/\/www.museum-re.de\/wp-content\/uploads\/2024\/04\/4_Architektur_Museum-Reinhard-Ernst_1500-768x542.png 768w\" sizes=\"auto, (max-width: 1500px) 100vw, 1500px\" \/>\t\t\t\t\t\t\t\t\t\t\t\t\t\t\t\t\t\t\t\t\t<\/figure>\n\t\t\t\t\t\t\t\t\t<\/div>\n\t\t\t\t\t\t\t\t\t\t\t\t\t\t\t\t\t<div class=\"swiper-slide\">\n\t\t\t\t\t\t\t\t\t\t<figure>\n\t\t\t\t\t\t\t\t\t\t\t<img loading=\"lazy\" decoding=\"async\" width=\"1500\" height=\"1058\" src=\"https:\/\/www.museum-re.de\/wp-content\/uploads\/2024\/04\/8_Architektur_Museum-Reinhard-Ernst_1500.png\" class=\"attachment-full size-full\" alt=\"Innenansicht_Architektur_Museum-Reinhard-Ernst\" srcset=\"https:\/\/www.museum-re.de\/wp-content\/uploads\/2024\/04\/8_Architektur_Museum-Reinhard-Ernst_1500.png 1500w, https:\/\/www.museum-re.de\/wp-content\/uploads\/2024\/04\/8_Architektur_Museum-Reinhard-Ernst_1500-800x564.png 800w, https:\/\/www.museum-re.de\/wp-content\/uploads\/2024\/04\/8_Architektur_Museum-Reinhard-Ernst_1500-1024x722.png 1024w, https:\/\/www.museum-re.de\/wp-content\/uploads\/2024\/04\/8_Architektur_Museum-Reinhard-Ernst_1500-768x542.png 768w\" sizes=\"auto, (max-width: 1500px) 100vw, 1500px\" \/>\t\t\t\t\t\t\t\t\t\t\t\t\t\t\t\t\t\t\t\t\t<\/figure>\n\t\t\t\t\t\t\t\t\t<\/div>\n\t\t\t\t\t\t\t\t\t\t\t\t\t\t\t\t\t<div class=\"swiper-slide\">\n\t\t\t\t\t\t\t\t\t\t<figure>\n\t\t\t\t\t\t\t\t\t\t\t<img loading=\"lazy\" decoding=\"async\" width=\"1500\" height=\"1058\" src=\"https:\/\/www.museum-re.de\/wp-content\/uploads\/2024\/04\/7_Architektur_Museum-Reinhard-Ernst_1500.png\" class=\"attachment-full size-full\" alt=\"Innenansicht_Architektur_Museum-Reinhard-Ernst\" srcset=\"https:\/\/www.museum-re.de\/wp-content\/uploads\/2024\/04\/7_Architektur_Museum-Reinhard-Ernst_1500.png 1500w, https:\/\/www.museum-re.de\/wp-content\/uploads\/2024\/04\/7_Architektur_Museum-Reinhard-Ernst_1500-800x564.png 800w, https:\/\/www.museum-re.de\/wp-content\/uploads\/2024\/04\/7_Architektur_Museum-Reinhard-Ernst_1500-1024x722.png 1024w, https:\/\/www.museum-re.de\/wp-content\/uploads\/2024\/04\/7_Architektur_Museum-Reinhard-Ernst_1500-768x542.png 768w\" sizes=\"auto, (max-width: 1500px) 100vw, 1500px\" \/>\t\t\t\t\t\t\t\t\t\t\t\t\t\t\t\t\t\t\t\t\t<\/figure>\n\t\t\t\t\t\t\t\t\t<\/div>\n\t\t\t\t\t\t\t\t\t\t\t\t\t\t\t\t\t<div class=\"swiper-slide\">\n\t\t\t\t\t\t\t\t\t\t<figure>\n\t\t\t\t\t\t\t\t\t\t\t<img loading=\"lazy\" decoding=\"async\" width=\"1500\" height=\"1058\" src=\"https:\/\/www.museum-re.de\/wp-content\/uploads\/2024\/04\/2_Architektur_Museum-Reinhard-Ernst_1500.png\" class=\"attachment-full size-full\" alt=\"Innenansicht_Architektur_Museum-Reinhard-Ernst\" srcset=\"https:\/\/www.museum-re.de\/wp-content\/uploads\/2024\/04\/2_Architektur_Museum-Reinhard-Ernst_1500.png 1500w, https:\/\/www.museum-re.de\/wp-content\/uploads\/2024\/04\/2_Architektur_Museum-Reinhard-Ernst_1500-800x564.png 800w, https:\/\/www.museum-re.de\/wp-content\/uploads\/2024\/04\/2_Architektur_Museum-Reinhard-Ernst_1500-1024x722.png 1024w, https:\/\/www.museum-re.de\/wp-content\/uploads\/2024\/04\/2_Architektur_Museum-Reinhard-Ernst_1500-768x542.png 768w\" sizes=\"auto, (max-width: 1500px) 100vw, 1500px\" \/>\t\t\t\t\t\t\t\t\t\t\t\t\t\t\t\t\t\t\t\t\t<\/figure>\n\t\t\t\t\t\t\t\t\t<\/div>\n\t\t\t\t\t\t\t\t\t\t\t\t\t\t\t\t\t<div class=\"swiper-slide\">\n\t\t\t\t\t\t\t\t\t\t<figure>\n\t\t\t\t\t\t\t\t\t\t\t<img loading=\"lazy\" decoding=\"async\" width=\"1500\" height=\"1058\" src=\"https:\/\/www.museum-re.de\/wp-content\/uploads\/2024\/04\/1_Architektur_Museum-Reinhard-Ernst_1500.png\" class=\"attachment-full size-full\" alt=\"Innenansicht_Architektur_Museum-Reinhard-Ernst\" srcset=\"https:\/\/www.museum-re.de\/wp-content\/uploads\/2024\/04\/1_Architektur_Museum-Reinhard-Ernst_1500.png 1500w, https:\/\/www.museum-re.de\/wp-content\/uploads\/2024\/04\/1_Architektur_Museum-Reinhard-Ernst_1500-800x564.png 800w, https:\/\/www.museum-re.de\/wp-content\/uploads\/2024\/04\/1_Architektur_Museum-Reinhard-Ernst_1500-1024x722.png 1024w, https:\/\/www.museum-re.de\/wp-content\/uploads\/2024\/04\/1_Architektur_Museum-Reinhard-Ernst_1500-768x542.png 768w\" sizes=\"auto, (max-width: 1500px) 100vw, 1500px\" \/>\t\t\t\t\t\t\t\t\t\t\t\t\t\t\t\t\t\t\t\t\t<\/figure>\n\t\t\t\t\t\t\t\t\t<\/div>\n\t\t\t\t\t\t\t\t\t\t\t\t\t\t\t<\/div>\n\t\t\t\t\t\t<\/div>\n\t\t\t\t\t\t<div class=\"swiper-pagination\"><\/div>\n\t\t\t\t\t<\/div>\n\t\t\t\t\t<div class=\"swiper-button-next\"><\/div>\n\t\t\t\t\t<div class=\"swiper-button-prev\"><\/div>\n\t\t\t\t<\/div>\n\t\t\t<\/div>\n\t\t<\/div>\n\t<\/div>\n<\/div>\n\n\n\n<div class=\"ce ce-onecol      \">\n\t<div class=\"container\">\n\t\t<div class=\"row\">\n\t\t\t<div class=\"col\">\n\t\t\t\t<p>Fotos: Helbig und Marburger<\/p>\n\t\t\t<\/div>\n\t\t<\/div>\n\t<\/div>\n<\/div>\n\n\n<div class=\"ce ce-twocol  pt-medium    \">\n\t<div class=\"container\">\n\t\t<div class=\"row\">\n\t\t\t<div class=\"col col-custom-1\">\n\t\t\t\t<p>Dem Bauherrn wie dem Architekten war von Anfang an wichtig, dass das mre ein Museum f\u00fcr <em>alle<\/em> Besucher:innen wird und im Erdgeschoss ein \u00f6ffentlicher Flanierbereich sowie R\u00e4ume f\u00fcr Kunstvermittlung, Veranstaltungen, Gastronomie und ein Shop entstehen.<\/p>\n<p>Japanische Akzente sind in der Architektur Makis zu finden, zum Beispiel das typisch japanische Zusammenf\u00fchren von Innen und Au\u00dfen.<\/p>\n\t\t\t<\/div>\n\t\t\t<div class=\"col col-custom-2\">\n\t\t\t\t<p>Die kristalline wei\u00dfe Geb\u00e4udefassade zieht sich von au\u00dfen durch den Eingangsbereich bis in den Innenhof. Gleiches gilt f\u00fcr den Boden aus dunkelgr\u00fcnem Granit, den Sie drau\u00dfen und drinnen betreten. Bodentiefe Fenster von bis zu 2,5 x 6 m heben die Grenzen optisch auf und laden ein, die unterschiedlichen Bereiche zu begehen. Sie erm\u00f6glichen es, das mre innen hell, freundlich und offen zu erleben.<\/p>\n\t\t\t<\/div>\n\t\t<\/div>\n\t<\/div>\n<\/div>\n\n\n<div class=\"ce ce-twocol  pt-large pb-xlarge   \">\n\t<div class=\"container\">\n\t\t<div class=\"row\">\n\t\t\t<div class=\"col col-custom-1\">\n\t\t\t\t<figure id=\"attachment_4471\" aria-describedby=\"caption-attachment-4471\" class=\"wp-caption alignnone\"><img loading=\"lazy\" decoding=\"async\" class=\"wp-image-4471 size-full\" src=\"https:\/\/www.museum-re.de\/wp-content\/uploads\/2023\/04\/Sichtachse_KMH_800500.png\" alt=\"\" width=\"1080\" height=\"675\" srcset=\"https:\/\/www.museum-re.de\/wp-content\/uploads\/2023\/04\/Sichtachse_KMH_800500.png 1080w, https:\/\/www.museum-re.de\/wp-content\/uploads\/2023\/04\/Sichtachse_KMH_800500-800x500.png 800w, https:\/\/www.museum-re.de\/wp-content\/uploads\/2023\/04\/Sichtachse_KMH_800500-1024x640.png 1024w, https:\/\/www.museum-re.de\/wp-content\/uploads\/2023\/04\/Sichtachse_KMH_800500-768x480.png 768w, https:\/\/www.museum-re.de\/wp-content\/uploads\/2023\/04\/Sichtachse_KMH_800500-300x188.png 300w\" sizes=\"auto, (max-width: 1080px) 100vw, 1080px\" \/><figcaption id=\"caption-attachment-4471\" class=\"wp-caption-text\">Foto: Karl-Martin Hartmann<\/figcaption><\/figure>\n\t\t\t<\/div>\n\t\t\t<div class=\"col col-custom-2\">\n\t\t\t\t<p>Deckenh\u00f6hen von bis zu 14 Metern, unterschiedliche Raumgr\u00f6\u00dfen, Sichtachsen und Ausblicke auf Wiesbaden sind ma\u00dfgeschneidert f\u00fcr die zum Teil riesigen Formate der Kunstwerke und sorgen f\u00fcr Abwechslung und Orientierung beim Rundgang durch die Ausstellungsr\u00e4ume.<\/p>\n<p>Daf\u00fcr wurde im gesamten Museumsbereich auf tragende S\u00e4ulen verzichtet. Das notwendige Tragwerk beruht auf hochkomplexen Berechnungen. So wurden zwecks Gewichtsersparnis Hohlk\u00f6rper, sogenannte Bubbles, in die Decken-Bewehrung eingesetzt und die Last durch speziell geschwei\u00dfte Stahlkonstruktionen abgetragen. Um das Museum Reinhard Ernst mit seinen 9700 m\u00b2 Gesamt- und \u00fcber 2500 m\u00b2 Ausstellungsfl\u00e4che zu bauen, bedurfte es u.a. 6000 m\u00b2 Fassadenplatten, 2300 Tonnen Stahl, 1200 m\u00b2 spezielles Sonnenschutzglas, 200 km Kabel, 14.000 m\u00b2 L\u00fcftungskan\u00e4le, 12 km Rohrleitungen \u2013 und unz\u00e4hliger Konferenzschaltungen zwischen Tokio und Wiesbaden.<\/p>\n<p>Eine detaillierte \u00dcbersicht der Entstehung des Museums finden Sie <a href=\"https:\/\/www.museum-re.de\/de\/museum\/aktuelles\/?c=bau\" target=\"_blank\" rel=\"noopener\">hier<\/a>.<\/p>\n<p><strong>Entdecken Sie alle architektonischen Besonderheiten des Museums in unserer Architekturf\u00fchrung! <a href=\"https:\/\/shop.museum-re.de\/de\/rundgaenge-workshops\/erwachsene\/mre-blickwinkel-architekturfuehrung-\">Hier <\/a>k\u00f6nnen Sie Ihr Ticket bequem online buchen.<\/strong><\/p>\n\t\t\t<\/div>\n\t\t<\/div>\n\t<\/div>\n<\/div>\n\n\n\t<div class=\"ce ce-teaser-slider  min-2-items min-3-items    is-threecol  \">\n\t\t<div class=\"container\">\n\t\t\t<div class=\"row\">\n\t\t\t\t<div class=\"col\">\n\t\t\t\t\t<div class=\"teaser-header\">\n\t\t\t\t\t\t\t\t\t\t\t\t\t<h4>Weitere Informationen zum Museum:<\/h4>\t\t\t\t\t\t\t\t\t\t\t\t<div class=\"swiper-button-next\"><\/div>\n\t\t\t\t\t\t<div class=\"swiper-button-prev\"><\/div>\n\t\t\t\t\t<\/div>\n\t\t\t\t\t<div class=\"swiper\">\n\t\t\t\t\t\t<div class=\"swiper-container\">\n\t\t\t\t\t\t\t<div class=\"swiper-wrapper\">\n                                                                    <div class=\"swiper-slide\">\n                                        \n\n<div class=\"teaser\">\n\t\t\t<a href=\"https:\/\/www.museum-re.de\/de\/museum\/museum\/\" target=\"\">\n\t\t\t<figure>\n\t<div class=\"teaser-img\">\n\t\t<div class=\"img-wrapper\">\n\t\t\t<img loading=\"lazy\" decoding=\"async\" width=\"800\" height=\"500\" src=\"https:\/\/www.museum-re.de\/wp-content\/uploads\/2023\/02\/Museum_Teaser_800500.png\" class=\"attachment-full size-full\" alt=\"\" srcset=\"https:\/\/www.museum-re.de\/wp-content\/uploads\/2023\/02\/Museum_Teaser_800500.png 800w, https:\/\/www.museum-re.de\/wp-content\/uploads\/2023\/02\/Museum_Teaser_800500-768x480.png 768w\" sizes=\"auto, (max-width: 800px) 100vw, 800px\" \/>\t\t<\/div>\n\t<\/div>\n\t<figcaption class=\"teaser-caption\">\n\t\t\t\t\t<h4 class=\"teaser-title\">Museum<\/h4>\t\t\t\t\t<\/figcaption>\n<\/figure>\n\t\t<\/a>\n\t<\/div>\n                                    <\/div>\n                                                                    <div class=\"swiper-slide\">\n                                        \n\n<div class=\"teaser\">\n\t\t\t<a href=\"https:\/\/www.museum-re.de\/de\/kunst\/ausstellungen\/\" target=\"\">\n\t\t\t<figure>\n\t<div class=\"teaser-img\">\n\t\t<div class=\"img-wrapper\">\n\t\t\t<img loading=\"lazy\" decoding=\"async\" width=\"800\" height=\"500\" src=\"https:\/\/www.museum-re.de\/wp-content\/uploads\/2023\/02\/Shimamoto_Teaser.png\" class=\"attachment-full size-full\" alt=\"\" srcset=\"https:\/\/www.museum-re.de\/wp-content\/uploads\/2023\/02\/Shimamoto_Teaser.png 800w, https:\/\/www.museum-re.de\/wp-content\/uploads\/2023\/02\/Shimamoto_Teaser-768x480.png 768w, https:\/\/www.museum-re.de\/wp-content\/uploads\/2023\/02\/Shimamoto_Teaser-300x188.png 300w\" sizes=\"auto, (max-width: 800px) 100vw, 800px\" \/>\t\t<\/div>\n\t<\/div>\n\t<figcaption class=\"teaser-caption\">\n\t\t\t\t\t<h4 class=\"teaser-title\">Aktuelle Ausstellungen<\/h4>\t\t\t\t\t<\/figcaption>\n<\/figure>\n\t\t<\/a>\n\t<\/div>\n                                    <\/div>\n                                                                    <div class=\"swiper-slide\">\n                                        \n\n<div class=\"teaser\">\n\t\t\t<a href=\"https:\/\/www.museum-re.de\/de\/lernen-erleben\/rundgaenge-2\/\" target=\"\">\n\t\t\t<figure>\n\t<div class=\"teaser-img\">\n\t\t<div class=\"img-wrapper\">\n\t\t\t<img loading=\"lazy\" decoding=\"async\" width=\"800\" height=\"500\" src=\"https:\/\/www.museum-re.de\/wp-content\/uploads\/2023\/02\/mre-A-wie-Abstrakt_500313.png\" class=\"attachment-full size-full\" alt=\"\" srcset=\"https:\/\/www.museum-re.de\/wp-content\/uploads\/2023\/02\/mre-A-wie-Abstrakt_500313.png 800w, https:\/\/www.museum-re.de\/wp-content\/uploads\/2023\/02\/mre-A-wie-Abstrakt_500313-768x480.png 768w\" sizes=\"auto, (max-width: 800px) 100vw, 800px\" \/>\t\t<\/div>\n\t<\/div>\n\t<figcaption class=\"teaser-caption\">\n\t\t\t\t\t<h4 class=\"teaser-title\">F\u00fchrungen<\/h4>\t\t\t\t\t<\/figcaption>\n<\/figure>\n\t\t<\/a>\n\t<\/div>\n                                    <\/div>\n                                \t\t\t\t\t\t\t<\/div>\n\t\t\t\t\t\t<\/div>\n\t\t\t\t\t<\/div>\n\t\t\t\t\t\t\t\t\t<\/div>\n\t\t\t<\/div>\n\t\t<\/div>\n\t<\/div>\n","protected":false},"excerpt":{"rendered":"","protected":false},"author":1,"featured_media":0,"parent":16,"menu_order":1,"comment_status":"closed","ping_status":"closed","template":"","meta":{"_acf_changed":false,"content-type":"","_relevanssi_hide_post":"","_relevanssi_hide_content":"","_relevanssi_pin_for_all":"","_relevanssi_pin_keywords":"","_relevanssi_unpin_keywords":"","_relevanssi_related_keywords":"","_relevanssi_related_include_ids":"","_relevanssi_related_exclude_ids":"","_relevanssi_related_no_append":"","_relevanssi_related_not_related":"","_relevanssi_related_posts":"272,265,256,1243","_relevanssi_noindex_reason":"","footnotes":""},"class_list":["post-69","page","type-page","status-publish","hentry"],"acf":[],"_links":{"self":[{"href":"https:\/\/www.museum-re.de\/de\/wp-json\/wp\/v2\/pages\/69","targetHints":{"allow":["GET"]}}],"collection":[{"href":"https:\/\/www.museum-re.de\/de\/wp-json\/wp\/v2\/pages"}],"about":[{"href":"https:\/\/www.museum-re.de\/de\/wp-json\/wp\/v2\/types\/page"}],"author":[{"embeddable":true,"href":"https:\/\/www.museum-re.de\/de\/wp-json\/wp\/v2\/users\/1"}],"replies":[{"embeddable":true,"href":"https:\/\/www.museum-re.de\/de\/wp-json\/wp\/v2\/comments?post=69"}],"version-history":[{"count":5,"href":"https:\/\/www.museum-re.de\/de\/wp-json\/wp\/v2\/pages\/69\/revisions"}],"predecessor-version":[{"id":44605,"href":"https:\/\/www.museum-re.de\/de\/wp-json\/wp\/v2\/pages\/69\/revisions\/44605"}],"up":[{"embeddable":true,"href":"https:\/\/www.museum-re.de\/de\/wp-json\/wp\/v2\/pages\/16"}],"wp:attachment":[{"href":"https:\/\/www.museum-re.de\/de\/wp-json\/wp\/v2\/media?parent=69"}],"curies":[{"name":"wp","href":"https:\/\/api.w.org\/{rel}","templated":true}]}}