{"id":71,"date":"2022-09-08T12:23:44","date_gmt":"2022-09-08T10:23:44","guid":{"rendered":"https:\/\/www.museum-re.de\/museum\/reinhard-ernst\/"},"modified":"2025-07-02T13:59:57","modified_gmt":"2025-07-02T11:59:57","slug":"reinhard-ernst","status":"publish","type":"page","link":"https:\/\/www.museum-re.de\/de\/museum\/reinhard-ernst\/","title":{"rendered":"Reinhard Ernst"},"content":{"rendered":"<div class=\"ce ce-onecol      \">\n\t<div class=\"container\">\n\t\t<div class=\"row\">\n\t\t\t<div class=\"col\">\n\t\t\t\t<h1>Reinhard Ernst<\/h1>\n\t\t\t<\/div>\n\t\t<\/div>\n\t<\/div>\n<\/div>\n\n\n<div class=\"ce ce-twocol  pt-medium pb-small layout-6-5  \">\n\t<div class=\"container\">\n\t\t<div class=\"row\">\n\t\t\t<div class=\"col col-custom-1\">\n\t\t\t\t<figure id=\"attachment_8723\" aria-describedby=\"caption-attachment-8723\" class=\"wp-caption alignnone\"><img loading=\"lazy\" decoding=\"async\" class=\"wp-image-8723 size-full\" src=\"https:\/\/www.museum-re.de\/wp-content\/uploads\/2024\/04\/Reinhard-Ernst_8001000.png\" alt=\"\" width=\"800\" height=\"1000\" srcset=\"https:\/\/www.museum-re.de\/wp-content\/uploads\/2024\/04\/Reinhard-Ernst_8001000.png 800w, https:\/\/www.museum-re.de\/wp-content\/uploads\/2024\/04\/Reinhard-Ernst_8001000-640x800.png 640w, https:\/\/www.museum-re.de\/wp-content\/uploads\/2024\/04\/Reinhard-Ernst_8001000-768x960.png 768w\" sizes=\"auto, (max-width: 800px) 100vw, 800px\" \/><figcaption id=\"caption-attachment-8723\" class=\"wp-caption-text\">Foto: Tanja Nitzke<\/figcaption><\/figure>\n\t\t\t<\/div>\n\t\t\t<div class=\"col col-custom-2\">\n\t\t\t\t<h2 style=\"text-align: left;\">\u201eF\u00fcr mich ist es selbstverst\u00e4ndlich, dass ich als Sammler eine Verantwortung gegen\u00fcber der Allgemeinheit trage, denn die Kunstwerke wurden nicht f\u00fcr mich alleine geschaffen. Deshalb w\u00fcnsche ich mir, dass so viele Kunstwerke wie m\u00f6glich \u00f6ffentlich gezeigt werden.\u201c<\/h2>\n<p>\u2013 Reinhard Ernst<\/p>\n\t\t\t<\/div>\n\t\t<\/div>\n\t<\/div>\n<\/div>\n\n\n<div class=\"ce ce-twocol  pt-large  layout-6-5  \">\n\t<div class=\"container\">\n\t\t<div class=\"row\">\n\t\t\t<div class=\"col col-custom-1\">\n\t\t\t\t<p>Parallel zum Aufbau seiner Firmen f\u00fcr hochpr\u00e4zise Antriebstechnik in den 1980er Jahren begann der Unternehmer Reinhard Ernst abstrakte Kunst zu sammeln. 1945 im Westerwald geboren und im Taunus aufgewachsen, hatte er w\u00e4hrend seiner Kindheit keine ausgepr\u00e4gte Beziehung zur Kunst. Erst auf seinen internationalen Gesch\u00e4ftsreisen entwickelte sich das Interesse f\u00fcr Gem\u00e4lde und Skulpturen.<\/p>\n<h2><\/h2>\n<h2 style=\"text-align: left;\">\u201cEs gab kaum eine Auslandsreise ohne einen Museumsbesuch.\u201d<\/h2>\n<p>Im Laufe der Jahre trug Reinhard Ernst eine hochkar\u00e4tige Sammlung zusammen, die weiterhin w\u00e4chst. Der Schwerpunkt liegt auf amerikanischer, europ\u00e4ischer und japanischer Malerei \u2013 im Speziellen bei Abstraktem Expressionismus, Informel und der K\u00fcnstler:innengruppe Gutai. Zeitgen\u00f6ssische Positionen erweitern den Bestand und verdeutlichen die Aktualit\u00e4t von Abstraktion in der Gegenwart.<\/p>\n<p>Reinhard Ernsts Begeisterung f\u00fcr jedes einzelne Kunstwerk dauert bis heute an. Insbesondere die K\u00fcnstlerin Helen Frankenthaler bringt den Sammler zum Schw\u00e4rmen.<\/p>\n<h2 style=\"text-align: left;\">\u201eSie verwendet ein Orange, das man noch im Dunkeln erkennen w\u00fcrde. Man denkt bei manchen ihrer Farben, dahinter brenne eine Kerze, die das Ganze zum Leuchten bringt.\u201c<\/h2>\n\t\t\t<\/div>\n\t\t\t<div class=\"col col-custom-2\">\n\t\t\t\t<figure id=\"attachment_4022\" aria-describedby=\"caption-attachment-4022\" class=\"wp-caption alignnone\"><img loading=\"lazy\" decoding=\"async\" class=\"wp-image-4022 size-full\" src=\"https:\/\/www.museum-re.de\/wp-content\/uploads\/2023\/03\/B-340.jpg\" alt=\"\" width=\"1200\" height=\"2008\" srcset=\"https:\/\/www.museum-re.de\/wp-content\/uploads\/2023\/03\/B-340.jpg 1200w, https:\/\/www.museum-re.de\/wp-content\/uploads\/2023\/03\/B-340-478x800.jpg 478w, https:\/\/www.museum-re.de\/wp-content\/uploads\/2023\/03\/B-340-612x1024.jpg 612w, https:\/\/www.museum-re.de\/wp-content\/uploads\/2023\/03\/B-340-768x1285.jpg 768w, https:\/\/www.museum-re.de\/wp-content\/uploads\/2023\/03\/B-340-918x1536.jpg 918w, https:\/\/www.museum-re.de\/wp-content\/uploads\/2023\/03\/B-340-179x300.jpg 179w\" sizes=\"auto, (max-width: 1200px) 100vw, 1200px\" \/><figcaption id=\"caption-attachment-4022\" class=\"wp-caption-text\">Helen Frankenthaler, <em>The Road to Messina<\/em>, 1971 \u00a9 VG Bild-Kunst, Bonn, 2024<\/figcaption><\/figure>\n<p>&nbsp;<\/p>\n\t\t\t<\/div>\n\t\t<\/div>\n\t<\/div>\n<\/div>\n\n\n<div class=\"ce ce-twocol  pt-medium  layout-7-5  \">\n\t<div class=\"container\">\n\t\t<div class=\"row\">\n\t\t\t<div class=\"col col-custom-1\">\n\t\t\t\t<figure id=\"attachment_3720\" aria-describedby=\"caption-attachment-3720\" class=\"wp-caption alignnone\"><img loading=\"lazy\" decoding=\"async\" class=\"wp-image-3720 size-full\" src=\"https:\/\/www.museum-re.de\/wp-content\/uploads\/2023\/03\/Reinhard-und-Sonja-Ernst_800500.png\" alt=\"Reinhard und Sonja Ernst\" width=\"800\" height=\"500\" srcset=\"https:\/\/www.museum-re.de\/wp-content\/uploads\/2023\/03\/Reinhard-und-Sonja-Ernst_800500.png 800w, https:\/\/www.museum-re.de\/wp-content\/uploads\/2023\/03\/Reinhard-und-Sonja-Ernst_800500-768x480.png 768w, https:\/\/www.museum-re.de\/wp-content\/uploads\/2023\/03\/Reinhard-und-Sonja-Ernst_800500-300x188.png 300w\" sizes=\"auto, (max-width: 800px) 100vw, 800px\" \/><figcaption id=\"caption-attachment-3720\" class=\"wp-caption-text\">Reinhard und Sonja Ernst. Foto: Helbig und Marburger<\/figcaption><\/figure>\n<p>&nbsp;<\/p>\n\t\t\t<\/div>\n\t\t\t<div class=\"col col-custom-2\">\n\t\t\t\t\t\t\t<\/div>\n\t\t<\/div>\n\t<\/div>\n<\/div>\n\n\n<div class=\"ce ce-twocol      \">\n\t<div class=\"container\">\n\t\t<div class=\"row\">\n\t\t\t<div class=\"col col-custom-1\">\n\t\t\t\t<p>Schon lange hatte der in Wiesbaden lebende Gesch\u00e4ftsmann den Wunsch, seine Kunst der \u00d6ffentlichkeit zug\u00e4nglich zu machen. So wurde die Idee eines Museums f\u00fcr abstrakte Kunst geboren, das neben wechselnden Pr\u00e4sentationen aus der \u201eSammlung Reinhard Ernst\u201c auch Sonderausstellungen zeigen soll. Aus der Vision entstand ein konkreter Plan: Im Jahr 2016 schlug die <a href=\"https:\/\/www.ernst-stiftung.de\/\" target=\"_blank\" rel=\"noopener\">Reinhard &amp; Sonja Ernst-Stiftung<\/a> der Stadt Wiesbaden vor, auf eigene Kosten ein Museum zu bauen und zu betreiben.<\/p>\n<p>Dieser Vorschlag wurde nach einem B\u00fcrgerbeteiligungsverfahren von Magistrat und Stadtverordnetenversammlung in partei\u00fcbergreifender Einigkeit angenommen. Auch beim Gestaltungsbeirat, der die Stadt als unabh\u00e4ngiges Gremium in Entwicklungsfragen ber\u00e4t, stie\u00df der vorgelegte Entwurf des Museumsarchitekten auf uneingeschr\u00e4nkte Zustimmung.<\/p>\n<p>&nbsp;<\/p>\n\t\t\t<\/div>\n\t\t\t<div class=\"col col-custom-2\">\n\t\t\t\t<p>Mit einem auf 99 Jahre angelegten Erbpachtvertrag wurde der Reinhard &amp; Sonja Ernst-Stiftung das Grundst\u00fcck Wilhelmstra\u00dfe 1 zur Verf\u00fcgung gestellt. F\u00fcr diese Zeit ist die Stiftung alleinige Tr\u00e4gerin des Museums und sichert den laufenden Ausstellungsbetrieb.<\/p>\n<p>Im Sommer 2020 trat erstmals der von Reinhard Ernst eingeladene Museumsbeirat zusammen. Seitdem stehen Prof. Dr. Christoph Zuschlag (stellv. Vorsitzender), Dr. Gerhard Finckh, Dr. Alexander Klar und Bastienne Leuthe dem Museum beratend zur Seite.<\/p>\n<p>Als international attraktive Adresse f\u00fcr abstrakte Kunst \u2013 als zentraler Anlaufpunkt mit Restaurant, digitalem Farblabor f\u00fcr Kinder, Museumsshop und vollausgestattetem Veranstaltungsraum \u2013 bereichert das Museum die Landeshauptstadt Wiesbaden. So entstand aus der Vision eines leidenschaftlichen Sammlers im Jahr 2024 ein Kulturhaus f\u00fcr alle.<\/p>\n\t\t\t<\/div>\n\t\t<\/div>\n\t<\/div>\n<\/div>\n\n\n<div class=\"ce ce-twocol  pt-small pb-medium layout-7-5 bgr-white  vertically-centered\">\n\t<div class=\"container\">\n\t\t<div class=\"row\">\n\t\t\t<div class=\"col col-custom-1\">\n\t\t\t\t<figure><img loading=\"lazy\" decoding=\"async\" class=\"alignnone wp-image-31782 size-full\" src=\"https:\/\/www.museum-re.de\/wp-content\/uploads\/2025\/07\/Die-Kunst-gehoert-allen-Buch-Reinhard-Ernst_500x800-1.png\" alt=\"\" width=\"800\" height=\"500\" srcset=\"https:\/\/www.museum-re.de\/wp-content\/uploads\/2025\/07\/Die-Kunst-gehoert-allen-Buch-Reinhard-Ernst_500x800-1.png 800w, https:\/\/www.museum-re.de\/wp-content\/uploads\/2025\/07\/Die-Kunst-gehoert-allen-Buch-Reinhard-Ernst_500x800-1-768x480.png 768w\" sizes=\"auto, (max-width: 800px) 100vw, 800px\" \/><\/figure>\n\t\t\t<\/div>\n\t\t\t<div class=\"col col-custom-2\">\n\t\t\t\t<p style=\"text-align: left;\">Weitere Informationen \u00fcber Reinhard Ernst, seinen Werdegang und seine Leidenschaft f\u00fcr die abstrakte Kunst bietet das anekdotenreiche Interviewbuch <em>Die Kunst geh\u00f6rt allen,<\/em> Waldemar Kramer Verlag, 2024. Im <a href=\"https:\/\/shop.museum-re.de\/de\/shopartikel\/buecher\/die-kunst-gehoert-allen\" target=\"_blank\" rel=\"noopener\">Online-Shop<\/a> und im Museumsshop erh\u00e4ltlich.<\/p>\n\t\t\t<\/div>\n\t\t<\/div>\n\t<\/div>\n<\/div>\n\n\n<div class=\"ce ce-twocol  pt-medium pb-large   \">\n\t<div class=\"container\">\n\t\t<div class=\"row\">\n\t\t\t<div class=\"col col-custom-1\">\n\t\t\t\t<h2>Reinhard und Sonja Ernst werden Ehrenb\u00fcrger der Stadt Wiesbaden.<\/h2>\n<p>Der Magistrat hat der Stadtverordnetenversammlung in seiner Sitzung am 12. November 2024\u00a0 empfohlen, dem Ehepaar Sonja und Reinhard Ernst das Ehrenb\u00fcrgerrecht zu verleihen. Die Stadtverordnetenversammlung hat der Empfehlung am 21. November 2024 zugestimmt.<\/p>\n<p>\u201eWir freuen uns sehr \u00fcber diese W\u00fcrdigung\u201c, sagen Reinhard und Sonja Ernst. Das Ehepaar lebt seit vielen Jahren in Wiesbaden, Sonja Ernst ist geb\u00fcrtige Wiesbadenerin. \u201eWir f\u00fchlen uns der Stadt verbunden. Mit anderen Menschen zu teilen, ist eine unserer Lebensleitlinien. Zu allen Projekten, die wir mit unserer Stiftung umsetzen, haben wir einen pers\u00f6nlichen Bezug. Ihr Gelingen liegt uns deshalb besonders am Herzen. Mit dem mre wollen wir einen Begegnungsort f\u00fcr alle schaffen, die sich f\u00fcr Kunst, Architektur und Design begeistern. Vor allem aber ist es uns ein Anliegen, Kreativit\u00e4t bei Kindern und Jugendlichen zu wecken und zu f\u00f6rdern. Mehr als 82.000 Wiesbadener B\u00fcrger:innen, Kinder, Sch\u00fcler:innen und Studierende wie auch G\u00e4ste aus dem In- und Ausland haben das Museum in den ersten f\u00fcnf Monaten besucht. Dass dieses Angebot so gut wahrgenommen wird, erf\u00fcllt uns mit gro\u00dfer Freude\u201c, so das Ehepaar Ernst.<\/p>\n\t\t\t<\/div>\n\t\t\t<div class=\"col col-custom-2\">\n\t\t\t\t<figure id=\"attachment_18754\" aria-describedby=\"caption-attachment-18754\" class=\"wp-caption alignnone\"><img loading=\"lazy\" decoding=\"async\" class=\"wp-image-18754 size-full\" src=\"https:\/\/www.museum-re.de\/wp-content\/uploads\/2024\/11\/5D3_3786-Bearbeitet-Marie-Christine-Moeller.jpg\" alt=\"\" width=\"4193\" height=\"2795\" srcset=\"https:\/\/www.museum-re.de\/wp-content\/uploads\/2024\/11\/5D3_3786-Bearbeitet-Marie-Christine-Moeller.jpg 4193w, https:\/\/www.museum-re.de\/wp-content\/uploads\/2024\/11\/5D3_3786-Bearbeitet-Marie-Christine-Moeller-800x533.jpg 800w, https:\/\/www.museum-re.de\/wp-content\/uploads\/2024\/11\/5D3_3786-Bearbeitet-Marie-Christine-Moeller-1024x683.jpg 1024w, https:\/\/www.museum-re.de\/wp-content\/uploads\/2024\/11\/5D3_3786-Bearbeitet-Marie-Christine-Moeller-768x512.jpg 768w, https:\/\/www.museum-re.de\/wp-content\/uploads\/2024\/11\/5D3_3786-Bearbeitet-Marie-Christine-Moeller-1536x1024.jpg 1536w, https:\/\/www.museum-re.de\/wp-content\/uploads\/2024\/11\/5D3_3786-Bearbeitet-Marie-Christine-Moeller-2048x1365.jpg 2048w\" sizes=\"auto, (max-width: 4193px) 100vw, 4193px\" \/><figcaption id=\"caption-attachment-18754\" class=\"wp-caption-text\">Foto: Marie-Christine M\u00f6ller<\/figcaption><\/figure>\n\t\t\t<\/div>\n\t\t<\/div>\n\t<\/div>\n<\/div>\n\n\n<div class=\"ce ce-twocol      \">\n\t<div class=\"container\">\n\t\t<div class=\"row\">\n\t\t\t<div class=\"col col-custom-1\">\n\t\t\t\t\n<div class=\"brlbs-cmpnt-container brlbs-cmpnt-content-blocker brlbs-cmpnt-with-individual-styles\" data-borlabs-cookie-content-blocker-id=\"youtube-content-blocker\" data-borlabs-cookie-content=\"PGRpdiBjbGFzcz0icmVzcG9uc2l2ZS12aWRlbyI+PGlmcmFtZSB0aXRsZT0iMS1KYWhyLW1yZTogUmVpbmhhcmQgRXJuc3QgYmVhbnR3b3J0ZXQgZGllIGjDpHVmaWdzdGVuIEZyYWdlbiB1bnNlcmVyIGp1bmdlbiBCZXN1Y2hlcjppbm5lbi4iIHdpZHRoPSI1MDAiIGhlaWdodD0iMjgxIiBzcmM9Imh0dHBzOi8vd3d3LnlvdXR1YmUtbm9jb29raWUuY29tL2VtYmVkL0Rmd2RuTktZRlhjP3N0YXJ0PTEmZmVhdHVyZT1vZW1iZWQmc2hvd2luZm89MCIgZnJhbWVib3JkZXI9IjAiIGFsbG93PSJhY2NlbGVyb21ldGVyOyBhdXRvcGxheTsgY2xpcGJvYXJkLXdyaXRlOyBlbmNyeXB0ZWQtbWVkaWE7IGd5cm9zY29wZTsgcGljdHVyZS1pbi1waWN0dXJlOyB3ZWItc2hhcmUiIHJlZmVycmVycG9saWN5PSJzdHJpY3Qtb3JpZ2luLXdoZW4tY3Jvc3Mtb3JpZ2luIiBhbGxvd2Z1bGxzY3JlZW4+PC9pZnJhbWU+PC9kaXY+\">\n<div class=\"brlbs-cmpnt-cb-preset-c brlbs-cmpnt-cb-youtube\">\n<div class=\"brlbs-cmpnt-cb-thumbnail\" style=\"background-image: url('https:\/\/www.museum-re.de\/wp-content\/uploads\/borlabs-cookie\/1\/yt_DfwdnNKYFXc_hqdefault.jpg')\"><\/div>\n<div class=\"brlbs-cmpnt-cb-main\">\n<div class=\"brlbs-cmpnt-cb-play-button\"><\/div>\n<div class=\"brlbs-cmpnt-cb-content\">\n<p class=\"brlbs-cmpnt-cb-description\">Sie sehen gerade einen Platzhalterinhalt von <strong>YouTube<\/strong>. Um auf den eigentlichen Inhalt zuzugreifen, klicken Sie auf die Schaltfl\u00e4che unten. Bitte beachten Sie, dass dabei Daten an Drittanbieter weitergegeben werden.<\/p>\n<p> <a class=\"brlbs-cmpnt-cb-provider-toggle\" href=\"#\" data-borlabs-cookie-show-provider-information role=\"button\">Mehr Informationen<\/a> <\/div>\n<div class=\"brlbs-cmpnt-cb-buttons\"> <a class=\"brlbs-cmpnt-cb-btn\" href=\"#\" data-borlabs-cookie-unblock role=\"button\">Inhalt entsperren<\/a> <a class=\"brlbs-cmpnt-cb-btn\" href=\"#\" data-borlabs-cookie-accept-service role=\"button\" style=\"display: inherit\">Erforderlichen Service akzeptieren und Inhalte entsperren<\/a> <\/div>\n<\/p><\/div>\n<\/p><\/div>\n<\/div>\n\t\t\t<\/div>\n\t\t\t<div class=\"col col-custom-2\">\n\t\t\t\t<h2 class=\"style-scope ytd-watch-metadata\">Der Museumsgr\u00fcnder beantwortet die h\u00e4ufigsten Fragen unserer jungen Besucher:innen.<\/h2>\n<div dir=\"auto\">Haben Sie sich auch schon einmal gefragt, wie viel der rote Ferrari aus <a href=\"https:\/\/www.museum-re.de\/de\/kunst\/kunst-im-foyer-2\/\">Karl-Martin Hartmanns Installation<\/a> gekostet hat? Das Video verr\u00e4t es Ihnen!<\/div>\n\t\t\t<\/div>\n\t\t<\/div>\n\t<\/div>\n<\/div>\n\n\n\t<div class=\"ce ce-teaser-slider  min-2-items min-3-items  pt-large pb-xlarge is-threecol  \">\n\t\t<div class=\"container\">\n\t\t\t<div class=\"row\">\n\t\t\t\t<div class=\"col\">\n\t\t\t\t\t<div class=\"teaser-header\">\n\t\t\t\t\t\t\t\t\t\t\t\t\t<h4>Das k\u00f6nnte Sie auch interessieren:<\/h4>\t\t\t\t\t\t\t\t\t\t\t\t<div class=\"swiper-button-next\"><\/div>\n\t\t\t\t\t\t<div class=\"swiper-button-prev\"><\/div>\n\t\t\t\t\t<\/div>\n\t\t\t\t\t<div class=\"swiper\">\n\t\t\t\t\t\t<div class=\"swiper-container\">\n\t\t\t\t\t\t\t<div class=\"swiper-wrapper\">\n                                                                    <div class=\"swiper-slide\">\n                                        \n\n<div class=\"teaser\">\n\t\t\t<a href=\"https:\/\/www.museum-re.de\/de\/lernen-erleben\/farblabor\/\" target=\"\">\n\t\t\t<figure>\n\t<div class=\"teaser-img\">\n\t\t<div class=\"img-wrapper\">\n\t\t\t<img loading=\"lazy\" decoding=\"async\" width=\"800\" height=\"500\" src=\"https:\/\/www.museum-re.de\/wp-content\/uploads\/2024\/04\/2_Schulen-und-Bildungsorte_800500.png\" class=\"attachment-full size-full\" alt=\"\" srcset=\"https:\/\/www.museum-re.de\/wp-content\/uploads\/2024\/04\/2_Schulen-und-Bildungsorte_800500.png 800w, https:\/\/www.museum-re.de\/wp-content\/uploads\/2024\/04\/2_Schulen-und-Bildungsorte_800500-768x480.png 768w\" sizes=\"auto, (max-width: 800px) 100vw, 800px\" \/>\t\t<\/div>\n\t<\/div>\n\t<figcaption class=\"teaser-caption\">\n\t\t\t\t\t<h4 class=\"teaser-title\">Farblabor<\/h4>\t\t\t\t\t<\/figcaption>\n<\/figure>\n\t\t<\/a>\n\t<\/div>\n                                    <\/div>\n                                                                    <div class=\"swiper-slide\">\n                                        \n\n<div class=\"teaser\">\n\t\t\t<a href=\"https:\/\/www.museum-re.de\/de\/besuch\/fuehrungen\/\" target=\"\">\n\t\t\t<figure>\n\t<div class=\"teaser-img\">\n\t\t<div class=\"img-wrapper\">\n\t\t\t<img loading=\"lazy\" decoding=\"async\" width=\"800\" height=\"500\" src=\"https:\/\/www.museum-re.de\/wp-content\/uploads\/2024\/04\/Zustiftung_Ausstellung_800500.png\" class=\"attachment-full size-full\" alt=\"\" srcset=\"https:\/\/www.museum-re.de\/wp-content\/uploads\/2024\/04\/Zustiftung_Ausstellung_800500.png 800w, https:\/\/www.museum-re.de\/wp-content\/uploads\/2024\/04\/Zustiftung_Ausstellung_800500-768x480.png 768w\" sizes=\"auto, (max-width: 800px) 100vw, 800px\" \/>\t\t<\/div>\n\t<\/div>\n\t<figcaption class=\"teaser-caption\">\n\t\t\t\t\t<h4 class=\"teaser-title\">Rundg\u00e4nge &amp; Workshops<\/h4>\t\t\t\t\t<\/figcaption>\n<\/figure>\n\t\t<\/a>\n\t<\/div>\n                                    <\/div>\n                                                                    <div class=\"swiper-slide\">\n                                        \n\n<div class=\"teaser\">\n\t\t\t<a href=\"https:\/\/www.museum-re.de\/de\/lernen-erleben\/kinder\/\" target=\"\">\n\t\t\t<figure>\n\t<div class=\"teaser-img\">\n\t\t<div class=\"img-wrapper\">\n\t\t\t<img loading=\"lazy\" decoding=\"async\" width=\"800\" height=\"500\" src=\"https:\/\/www.museum-re.de\/wp-content\/uploads\/2024\/04\/Farbe-in-Bewegung-Familienzeit_800500.png\" class=\"attachment-full size-full\" alt=\"\" srcset=\"https:\/\/www.museum-re.de\/wp-content\/uploads\/2024\/04\/Farbe-in-Bewegung-Familienzeit_800500.png 800w, https:\/\/www.museum-re.de\/wp-content\/uploads\/2024\/04\/Farbe-in-Bewegung-Familienzeit_800500-768x480.png 768w\" sizes=\"auto, (max-width: 800px) 100vw, 800px\" \/>\t\t<\/div>\n\t<\/div>\n\t<figcaption class=\"teaser-caption\">\n\t\t\t\t\t<h4 class=\"teaser-title\">Kinder &amp; Familien<\/h4>\t\t\t\t\t<\/figcaption>\n<\/figure>\n\t\t<\/a>\n\t<\/div>\n                                    <\/div>\n                                \t\t\t\t\t\t\t<\/div>\n\t\t\t\t\t\t<\/div>\n\t\t\t\t\t<\/div>\n\t\t\t\t\t\t\t\t\t<\/div>\n\t\t\t<\/div>\n\t\t<\/div>\n\t<\/div>\n","protected":false},"excerpt":{"rendered":"","protected":false},"author":1,"featured_media":0,"parent":16,"menu_order":2,"comment_status":"closed","ping_status":"closed","template":"","meta":{"_acf_changed":false,"content-type":"","_relevanssi_hide_post":"","_relevanssi_hide_content":"","_relevanssi_pin_for_all":"","_relevanssi_pin_keywords":"","_relevanssi_unpin_keywords":"","_relevanssi_related_keywords":"","_relevanssi_related_include_ids":"","_relevanssi_related_exclude_ids":"","_relevanssi_related_no_append":"","_relevanssi_related_not_related":"","_relevanssi_related_posts":"272,265,256","_relevanssi_noindex_reason":"","footnotes":""},"class_list":["post-71","page","type-page","status-publish","hentry"],"acf":[],"_links":{"self":[{"href":"https:\/\/www.museum-re.de\/de\/wp-json\/wp\/v2\/pages\/71","targetHints":{"allow":["GET"]}}],"collection":[{"href":"https:\/\/www.museum-re.de\/de\/wp-json\/wp\/v2\/pages"}],"about":[{"href":"https:\/\/www.museum-re.de\/de\/wp-json\/wp\/v2\/types\/page"}],"author":[{"embeddable":true,"href":"https:\/\/www.museum-re.de\/de\/wp-json\/wp\/v2\/users\/1"}],"replies":[{"embeddable":true,"href":"https:\/\/www.museum-re.de\/de\/wp-json\/wp\/v2\/comments?post=71"}],"version-history":[{"count":171,"href":"https:\/\/www.museum-re.de\/de\/wp-json\/wp\/v2\/pages\/71\/revisions"}],"predecessor-version":[{"id":31789,"href":"https:\/\/www.museum-re.de\/de\/wp-json\/wp\/v2\/pages\/71\/revisions\/31789"}],"up":[{"embeddable":true,"href":"https:\/\/www.museum-re.de\/de\/wp-json\/wp\/v2\/pages\/16"}],"wp:attachment":[{"href":"https:\/\/www.museum-re.de\/de\/wp-json\/wp\/v2\/media?parent=71"}],"curies":[{"name":"wp","href":"https:\/\/api.w.org\/{rel}","templated":true}]}}