{"id":77,"date":"2022-09-08T12:23:52","date_gmt":"2022-09-08T10:23:45","guid":{"rendered":"https:\/\/www.museum-re.de\/museum\/vermietung\/"},"modified":"2026-04-08T11:38:33","modified_gmt":"2026-04-08T09:38:33","slug":"anmieten","status":"publish","type":"page","link":"https:\/\/www.museum-re.de\/de\/museum\/anmieten\/","title":{"rendered":"Anmieten"},"content":{"rendered":"<div class=\"ce ce-hero       fullwidth\">\n\t<div class=\"container\">\n\t\t<div class=\"row\">\n\t\t\t<div class=\"col\">\n\t\t\t\t<figure>\n\t\t\t\t\t<div class=\"img-wrapper\">\n\t\t\t\t\t\t\t\t\t\t\t\t\t<img loading=\"lazy\" decoding=\"async\" width=\"1800\" height=\"800\" src=\"https:\/\/www.museum-re.de\/wp-content\/uploads\/2024\/04\/2_Anmieten_Maki-Forum_Hero.png\" class=\"attachment-full size-full\" alt=\"\" srcset=\"https:\/\/www.museum-re.de\/wp-content\/uploads\/2024\/04\/2_Anmieten_Maki-Forum_Hero.png 1800w, https:\/\/www.museum-re.de\/wp-content\/uploads\/2024\/04\/2_Anmieten_Maki-Forum_Hero-800x356.png 800w, https:\/\/www.museum-re.de\/wp-content\/uploads\/2024\/04\/2_Anmieten_Maki-Forum_Hero-1024x455.png 1024w, https:\/\/www.museum-re.de\/wp-content\/uploads\/2024\/04\/2_Anmieten_Maki-Forum_Hero-768x341.png 768w, https:\/\/www.museum-re.de\/wp-content\/uploads\/2024\/04\/2_Anmieten_Maki-Forum_Hero-1536x683.png 1536w\" sizes=\"auto, (max-width: 1800px) 100vw, 1800px\" \/>\t\t\t\t\t\t\t\t\t\t\t<\/div>\n\t\t\t\t\t\t\t\t\t<\/figure>\n\t\t\t<\/div>\n\t\t<\/div>\n\t<\/div>\n<\/div>\n\n\n<div class=\"ce ce-onecol      \">\n\t<div class=\"container\">\n\t\t<div class=\"row\">\n\t\t\t<div class=\"col\">\n\t\t\t\t<h2>Seien Sie Gastgeber:in im Museum Reinhard Ernst!<\/h2>\n\t\t\t<\/div>\n\t\t<\/div>\n\t<\/div>\n<\/div>\n\n\n<div class=\"ce ce-twocol      \">\n\t<div class=\"container\">\n\t\t<div class=\"row\">\n\t\t\t<div class=\"col col-custom-1\">\n\t\t\t\t<p>Laden Sie ein zu einem Konzert, einem Firmenevent, einer Podiumsdiskussion, einem Geburtstag oder einer Gala und planen Sie Ihre unvergessliche Veranstaltung bei uns im Maki-Forum.<\/p>\n<p>Vielleicht darf es aber auch eine Produktvorstellung, eine Modenschau rund ums Atrium oder eine Tanzperformance im Museumsfoyer sein? Oder ein Teambuilding-Event in unserem Farblabor mit anschlie\u00dfendem Stehempfang an der mre-Theke?<\/p>\n\t\t\t<\/div>\n\t\t\t<div class=\"col col-custom-2\">\n\t\t\t\t<p>Die Kombination aus Weltklassearchitektur, internationalem Museumsflair\u00a0und verschiedenen R\u00e4umlichkeiten, die sich den Bed\u00fcrfnissen Ihrer Veranstaltung anpassen k\u00f6nnen, macht das mre zu einer einzigartigen Location f\u00fcr Ihren besonderen Anlass.<\/p>\n<p>Gerne unterst\u00fctzen wir Sie mit Ansprechpersonen f\u00fcr die Gastronomie, Blumenschmuck oder zus\u00e4tzlicher Technik.<\/p>\n\t\t\t<\/div>\n\t\t<\/div>\n\t<\/div>\n<\/div>\n\n\n<div class=\"ce ce-img-slider      \">\n\t<div class=\"container\">\n\t\t<div class=\"row\">\n\t\t\t<div class=\"col\">\n\t\t\t\t<div class=\"img-slider\">\n\t\t\t\t\t<div class=\"swiper\">\n\t\t\t\t\t\t<div class=\"swiper-container\">\n\t\t\t\t\t\t\t<div class=\"swiper-wrapper\">\n\t\t\t\t\t\t\t\t\t\t\t\t\t\t\t\t\t<div class=\"swiper-slide\">\n\t\t\t\t\t\t\t\t\t\t<figure>\n\t\t\t\t\t\t\t\t\t\t\t<img loading=\"lazy\" decoding=\"async\" width=\"1500\" height=\"1058\" src=\"https:\/\/www.museum-re.de\/wp-content\/uploads\/2026\/04\/Vaux_1500.jpg\" class=\"attachment-full size-full\" alt=\"\" srcset=\"https:\/\/www.museum-re.de\/wp-content\/uploads\/2026\/04\/Vaux_1500.jpg 1500w, https:\/\/www.museum-re.de\/wp-content\/uploads\/2026\/04\/Vaux_1500-800x564.jpg 800w, https:\/\/www.museum-re.de\/wp-content\/uploads\/2026\/04\/Vaux_1500-1024x722.jpg 1024w, https:\/\/www.museum-re.de\/wp-content\/uploads\/2026\/04\/Vaux_1500-768x542.jpg 768w\" sizes=\"auto, (max-width: 1500px) 100vw, 1500px\" \/>\t\t\t\t\t\t\t\t\t\t\t\t\t\t\t\t\t\t\t\t\t<\/figure>\n\t\t\t\t\t\t\t\t\t<\/div>\n\t\t\t\t\t\t\t\t\t\t\t\t\t\t\t\t\t<div class=\"swiper-slide\">\n\t\t\t\t\t\t\t\t\t\t<figure>\n\t\t\t\t\t\t\t\t\t\t\t<img loading=\"lazy\" decoding=\"async\" width=\"1500\" height=\"1058\" src=\"https:\/\/www.museum-re.de\/wp-content\/uploads\/2026\/04\/Anmieten_Trauung_1500.jpg\" class=\"attachment-full size-full\" alt=\"\" srcset=\"https:\/\/www.museum-re.de\/wp-content\/uploads\/2026\/04\/Anmieten_Trauung_1500.jpg 1500w, https:\/\/www.museum-re.de\/wp-content\/uploads\/2026\/04\/Anmieten_Trauung_1500-800x564.jpg 800w, https:\/\/www.museum-re.de\/wp-content\/uploads\/2026\/04\/Anmieten_Trauung_1500-1024x722.jpg 1024w, https:\/\/www.museum-re.de\/wp-content\/uploads\/2026\/04\/Anmieten_Trauung_1500-768x542.jpg 768w\" sizes=\"auto, (max-width: 1500px) 100vw, 1500px\" \/>\t\t\t\t\t\t\t\t\t\t\t\t\t\t\t\t\t\t\t\t\t<\/figure>\n\t\t\t\t\t\t\t\t\t<\/div>\n\t\t\t\t\t\t\t\t\t\t\t\t\t\t\t\t\t<div class=\"swiper-slide\">\n\t\t\t\t\t\t\t\t\t\t<figure>\n\t\t\t\t\t\t\t\t\t\t\t<img loading=\"lazy\" decoding=\"async\" width=\"1500\" height=\"1058\" src=\"https:\/\/www.museum-re.de\/wp-content\/uploads\/2024\/04\/2_Anmieten_Galerie.png\" class=\"attachment-full size-full\" alt=\"Vermietung_Museum-Reinhard-Ernst\" srcset=\"https:\/\/www.museum-re.de\/wp-content\/uploads\/2024\/04\/2_Anmieten_Galerie.png 1500w, https:\/\/www.museum-re.de\/wp-content\/uploads\/2024\/04\/2_Anmieten_Galerie-800x564.png 800w, https:\/\/www.museum-re.de\/wp-content\/uploads\/2024\/04\/2_Anmieten_Galerie-1024x722.png 1024w, https:\/\/www.museum-re.de\/wp-content\/uploads\/2024\/04\/2_Anmieten_Galerie-768x542.png 768w\" sizes=\"auto, (max-width: 1500px) 100vw, 1500px\" \/>\t\t\t\t\t\t\t\t\t\t\t\t\t\t\t\t\t\t\t\t\t<\/figure>\n\t\t\t\t\t\t\t\t\t<\/div>\n\t\t\t\t\t\t\t\t\t\t\t\t\t\t\t\t\t<div class=\"swiper-slide\">\n\t\t\t\t\t\t\t\t\t\t<figure>\n\t\t\t\t\t\t\t\t\t\t\t<img loading=\"lazy\" decoding=\"async\" width=\"1500\" height=\"1058\" src=\"https:\/\/www.museum-re.de\/wp-content\/uploads\/2026\/04\/Anmieten_Maki-Forum_1500.jpg\" class=\"attachment-full size-full\" alt=\"\" srcset=\"https:\/\/www.museum-re.de\/wp-content\/uploads\/2026\/04\/Anmieten_Maki-Forum_1500.jpg 1500w, https:\/\/www.museum-re.de\/wp-content\/uploads\/2026\/04\/Anmieten_Maki-Forum_1500-800x564.jpg 800w, https:\/\/www.museum-re.de\/wp-content\/uploads\/2026\/04\/Anmieten_Maki-Forum_1500-1024x722.jpg 1024w, https:\/\/www.museum-re.de\/wp-content\/uploads\/2026\/04\/Anmieten_Maki-Forum_1500-768x542.jpg 768w\" sizes=\"auto, (max-width: 1500px) 100vw, 1500px\" \/>\t\t\t\t\t\t\t\t\t\t\t\t\t\t\t\t\t\t\t\t\t<\/figure>\n\t\t\t\t\t\t\t\t\t<\/div>\n\t\t\t\t\t\t\t\t\t\t\t\t\t\t\t\t\t<div class=\"swiper-slide\">\n\t\t\t\t\t\t\t\t\t\t<figure>\n\t\t\t\t\t\t\t\t\t\t\t<img loading=\"lazy\" decoding=\"async\" width=\"1500\" height=\"1058\" src=\"https:\/\/www.museum-re.de\/wp-content\/uploads\/2024\/04\/2_Vermietung_Museum-Reinhard-Ernst_1500.png\" class=\"attachment-full size-full\" alt=\"Vermietung_Museum-Reinhard-Ernst\" srcset=\"https:\/\/www.museum-re.de\/wp-content\/uploads\/2024\/04\/2_Vermietung_Museum-Reinhard-Ernst_1500.png 1500w, https:\/\/www.museum-re.de\/wp-content\/uploads\/2024\/04\/2_Vermietung_Museum-Reinhard-Ernst_1500-800x564.png 800w, https:\/\/www.museum-re.de\/wp-content\/uploads\/2024\/04\/2_Vermietung_Museum-Reinhard-Ernst_1500-1024x722.png 1024w, https:\/\/www.museum-re.de\/wp-content\/uploads\/2024\/04\/2_Vermietung_Museum-Reinhard-Ernst_1500-768x542.png 768w\" sizes=\"auto, (max-width: 1500px) 100vw, 1500px\" \/>\t\t\t\t\t\t\t\t\t\t\t\t\t\t\t\t\t\t\t\t\t<\/figure>\n\t\t\t\t\t\t\t\t\t<\/div>\n\t\t\t\t\t\t\t\t\t\t\t\t\t\t\t\t\t<div class=\"swiper-slide\">\n\t\t\t\t\t\t\t\t\t\t<figure>\n\t\t\t\t\t\t\t\t\t\t\t<img loading=\"lazy\" decoding=\"async\" width=\"1500\" height=\"1058\" src=\"https:\/\/www.museum-re.de\/wp-content\/uploads\/2024\/04\/3_Vermietung_Museum-Reinhard-Ernst_1500.png\" class=\"attachment-full size-full\" alt=\"Vermietung_Museum-Reinhard-Ernst\" srcset=\"https:\/\/www.museum-re.de\/wp-content\/uploads\/2024\/04\/3_Vermietung_Museum-Reinhard-Ernst_1500.png 1500w, https:\/\/www.museum-re.de\/wp-content\/uploads\/2024\/04\/3_Vermietung_Museum-Reinhard-Ernst_1500-800x564.png 800w, https:\/\/www.museum-re.de\/wp-content\/uploads\/2024\/04\/3_Vermietung_Museum-Reinhard-Ernst_1500-1024x722.png 1024w, https:\/\/www.museum-re.de\/wp-content\/uploads\/2024\/04\/3_Vermietung_Museum-Reinhard-Ernst_1500-768x542.png 768w\" sizes=\"auto, (max-width: 1500px) 100vw, 1500px\" \/>\t\t\t\t\t\t\t\t\t\t\t\t\t\t\t\t\t\t\t\t\t<\/figure>\n\t\t\t\t\t\t\t\t\t<\/div>\n\t\t\t\t\t\t\t\t\t\t\t\t\t\t\t\t\t<div class=\"swiper-slide\">\n\t\t\t\t\t\t\t\t\t\t<figure>\n\t\t\t\t\t\t\t\t\t\t\t<img loading=\"lazy\" decoding=\"async\" width=\"1500\" height=\"1058\" src=\"https:\/\/www.museum-re.de\/wp-content\/uploads\/2026\/04\/Anmieten_Goodiebags_1500.jpg\" class=\"attachment-full size-full\" alt=\"\" srcset=\"https:\/\/www.museum-re.de\/wp-content\/uploads\/2026\/04\/Anmieten_Goodiebags_1500.jpg 1500w, https:\/\/www.museum-re.de\/wp-content\/uploads\/2026\/04\/Anmieten_Goodiebags_1500-800x564.jpg 800w, https:\/\/www.museum-re.de\/wp-content\/uploads\/2026\/04\/Anmieten_Goodiebags_1500-1024x722.jpg 1024w, https:\/\/www.museum-re.de\/wp-content\/uploads\/2026\/04\/Anmieten_Goodiebags_1500-768x542.jpg 768w\" sizes=\"auto, (max-width: 1500px) 100vw, 1500px\" \/>\t\t\t\t\t\t\t\t\t\t\t\t\t\t\t\t\t\t\t\t\t<\/figure>\n\t\t\t\t\t\t\t\t\t<\/div>\n\t\t\t\t\t\t\t\t\t\t\t\t\t\t\t\t\t<div class=\"swiper-slide\">\n\t\t\t\t\t\t\t\t\t\t<figure>\n\t\t\t\t\t\t\t\t\t\t\t<img loading=\"lazy\" decoding=\"async\" width=\"1500\" height=\"1058\" src=\"https:\/\/www.museum-re.de\/wp-content\/uploads\/2026\/04\/Anmieten_Sekttheke_1500.jpg\" class=\"attachment-full size-full\" alt=\"\" srcset=\"https:\/\/www.museum-re.de\/wp-content\/uploads\/2026\/04\/Anmieten_Sekttheke_1500.jpg 1500w, https:\/\/www.museum-re.de\/wp-content\/uploads\/2026\/04\/Anmieten_Sekttheke_1500-800x564.jpg 800w, https:\/\/www.museum-re.de\/wp-content\/uploads\/2026\/04\/Anmieten_Sekttheke_1500-1024x722.jpg 1024w, https:\/\/www.museum-re.de\/wp-content\/uploads\/2026\/04\/Anmieten_Sekttheke_1500-768x542.jpg 768w\" sizes=\"auto, (max-width: 1500px) 100vw, 1500px\" \/>\t\t\t\t\t\t\t\t\t\t\t\t\t\t\t\t\t\t\t\t\t<\/figure>\n\t\t\t\t\t\t\t\t\t<\/div>\n\t\t\t\t\t\t\t\t\t\t\t\t\t\t\t\t\t<div class=\"swiper-slide\">\n\t\t\t\t\t\t\t\t\t\t<figure>\n\t\t\t\t\t\t\t\t\t\t\t<img loading=\"lazy\" decoding=\"async\" width=\"1500\" height=\"1058\" src=\"https:\/\/www.museum-re.de\/wp-content\/uploads\/2026\/04\/Anmieten_Bruecke_1500.jpg\" class=\"attachment-full size-full\" alt=\"\" srcset=\"https:\/\/www.museum-re.de\/wp-content\/uploads\/2026\/04\/Anmieten_Bruecke_1500.jpg 1500w, https:\/\/www.museum-re.de\/wp-content\/uploads\/2026\/04\/Anmieten_Bruecke_1500-800x564.jpg 800w, https:\/\/www.museum-re.de\/wp-content\/uploads\/2026\/04\/Anmieten_Bruecke_1500-1024x722.jpg 1024w, https:\/\/www.museum-re.de\/wp-content\/uploads\/2026\/04\/Anmieten_Bruecke_1500-768x542.jpg 768w\" sizes=\"auto, (max-width: 1500px) 100vw, 1500px\" \/>\t\t\t\t\t\t\t\t\t\t\t\t\t\t\t\t\t\t\t\t\t<\/figure>\n\t\t\t\t\t\t\t\t\t<\/div>\n\t\t\t\t\t\t\t\t\t\t\t\t\t\t\t<\/div>\n\t\t\t\t\t\t<\/div>\n\t\t\t\t\t\t<div class=\"swiper-pagination\"><\/div>\n\t\t\t\t\t<\/div>\n\t\t\t\t\t<div class=\"swiper-button-next\"><\/div>\n\t\t\t\t\t<div class=\"swiper-button-prev\"><\/div>\n\t\t\t\t<\/div>\n\t\t\t<\/div>\n\t\t<\/div>\n\t<\/div>\n<\/div>\n\n\n\n\t\t<div class=\"ce ce-accordion      \">\n\t\t  <div class=\"container\">\n\t\t\t<div class=\"row\">\n\t\t\t  <div class=\"col\">\n\t\t\t\t<div class=\"accordion\"><div class=\"accordion-panel\" data-panel-id=\"trauung\">\n\t<div class=\"accordion-headline\">\n\t\t<h4>Trauung<\/h4>\n\t<\/div>\n\t<div class=\"accordion-content\">\n\t\t<div class=\"accordion-content-inner\">\n\n\n<div class=\"ce ce-twocol    layout-5-6  \">\n\t<div class=\"container\">\n\t\t<div class=\"row\">\n\t\t\t<div class=\"col col-custom-1\">\n\t\t\t\t<figure><img loading=\"lazy\" decoding=\"async\" class=\"alignnone wp-image-43077 size-full\" src=\"https:\/\/www.museum-re.de\/wp-content\/uploads\/2026\/04\/Hochzeit_800x500.jpg\" alt=\"\" width=\"800\" height=\"500\" srcset=\"https:\/\/www.museum-re.de\/wp-content\/uploads\/2026\/04\/Hochzeit_800x500.jpg 800w, https:\/\/www.museum-re.de\/wp-content\/uploads\/2026\/04\/Hochzeit_800x500-768x480.jpg 768w\" sizes=\"auto, (max-width: 800px) 100vw, 800px\" \/><\/figure>\n\t\t\t<\/div>\n\t\t\t<div class=\"col col-custom-2\">\n\t\t\t\t<p class=\"p1\"><span class=\"s1\"><a href=\"https:\/\/www.museum-re.de\/de\/kunst\/sammlung-reinhard-ernst\/objekte\/pair\/\"><em>Pair<\/em><\/a> hei\u00dft die Skulptur von Tony Cragg im 1. OG des Museums Reinhard Ernst.<br \/>\nEin magischer und wunderbarer Ort f\u00fcr ein Versprechen, dass sich ein Paar f\u00fcrs Leben und die Liebe gibt.<\/span><\/p>\n<p class=\"p1\"><span class=\"s1\">Trauen Sie sich \u2013 feiern Sie im Museum Reinhard Ernst. Sie und Ihre G\u00e4ste haben das Museum f\u00fcr diesen besonderen Augenblick ganz f\u00fcr sich.<\/span><\/p>\n<p class=\"p1\"><span class=\"s1\">Gerne begleiten wir Sie an <\/span><em><span class=\"s2\">Ihrem<\/span><\/em><span class=\"s1\"> Tag und offerieren unterschiedliche Packages.<\/span><\/p>\n<p class=\"p1\"><a class=\"cta-primary-solid\" href=\"https:\/\/www.museum-re.de\/de\/museum\/anmieten\/trauung\/\" target=\"_blank\" rel=\"noopener\">Mehr erfahren<\/a><\/p>\n\t\t\t<\/div>\n\t\t<\/div>\n\t<\/div>\n<\/div>\n\n\n<\/div><\/div><\/div><div class=\"accordion-panel\" data-panel-id=\"saalplaene\">\n\t<div class=\"accordion-headline\">\n\t\t<h4>Saalpl\u00e4ne<\/h4>\n\t<\/div>\n\t<div class=\"accordion-content\">\n\t\t<div class=\"accordion-content-inner\">\n\n\n<div class=\"ce ce-onecol      \">\n\t<div class=\"container\">\n\t\t<div class=\"row\">\n\t\t\t<div class=\"col\">\n\t\t\t\t<p><strong>Hier k\u00f6nnen Sie sich die verschiedenen Pl\u00e4ne herunterladen:<\/strong><\/p>\n<p><strong><br \/>\n<\/strong>&#8211; <a href=\"https:\/\/www.museum-re.de\/wp-content\/uploads\/2025\/11\/mre_Maki-Forum_Raumplane_Seite_5.jpg\">Stuhlplan<\/a><\/p>\n<p>&#8211; <a href=\"https:\/\/www.museum-re.de\/wp-content\/uploads\/2025\/11\/mre_Maki-Forum_Raumplane_Seite_4.jpg\">Stuhlplan mit B\u00fchne<\/a><\/p>\n<p>&#8211; <a href=\"https:\/\/www.museum-re.de\/wp-content\/uploads\/2025\/11\/mre_Maki-Forum_Raumplane_Seite_2.jpg\">Tischplan<\/a><\/p>\n<p>&#8211; <a href=\"https:\/\/www.museum-re.de\/wp-content\/uploads\/2025\/11\/EG-inkl.-Maki_Foyer.jpg\">Grundriss Maki-Forum<\/a><\/p>\n<p>&#8211; <a href=\"https:\/\/www.museum-re.de\/wp-content\/uploads\/2025\/11\/mre_Foyer_Raumplaene_250527_02-2_Foyer-mit-Stehtischen.jpg\" target=\"_blank\" rel=\"noopener\">Sekttheke<\/a><\/p>\n\t\t\t<\/div>\n\t\t<\/div>\n\t<\/div>\n<\/div>\n\n\n<\/div><\/div><\/div><div class=\"accordion-panel\" data-panel-id=\"exklusive-give-aways\">\n\t<div class=\"accordion-headline\">\n\t\t<h4>Exklusive Give-Aways<\/h4>\n\t<\/div>\n\t<div class=\"accordion-content\">\n\t\t<div class=\"accordion-content-inner\">\n\n\n<div class=\"ce ce-twocol      \">\n\t<div class=\"container\">\n\t\t<div class=\"row\">\n\t\t\t<div class=\"col col-custom-1\">\n\t\t\t\t<figure><img loading=\"lazy\" decoding=\"async\" class=\"alignnone size-full wp-image-8769\" src=\"https:\/\/www.museum-re.de\/wp-content\/uploads\/2024\/04\/Goodies_800500_2-2.png\" alt=\"\" width=\"800\" height=\"500\" srcset=\"https:\/\/www.museum-re.de\/wp-content\/uploads\/2024\/04\/Goodies_800500_2-2.png 800w, https:\/\/www.museum-re.de\/wp-content\/uploads\/2024\/04\/Goodies_800500_2-2-768x480.png 768w\" sizes=\"auto, (max-width: 800px) 100vw, 800px\" \/><\/figure>\n\t\t\t<\/div>\n\t\t\t<div class=\"col col-custom-2\">\n\t\t\t\t<p>F\u00fcr Ihre Veranstaltung bieten wir eine Reihe exklusiver Give-Aways.<\/p>\n<p><strong>Sprechen Sie uns einfach an.<\/strong><\/p>\n\t\t\t<\/div>\n\t\t<\/div>\n\t<\/div>\n<\/div>\n\n\n<\/div><\/div><\/div><\/div><\/div><\/div><\/div><\/div>\n\n<div class=\"ce ce-twocol  pt-xlarge  layout-6-5   vertically-centered\">\n\t<div class=\"container\">\n\t\t<div class=\"row\">\n\t\t\t<div class=\"col col-custom-1\">\n\t\t\t\t<figure><img loading=\"lazy\" decoding=\"async\" class=\"alignnone wp-image-37167 size-full\" src=\"https:\/\/www.museum-re.de\/wp-content\/uploads\/2025\/11\/Team-Foto-Vermietung-c-Dekubanowski.png\" alt=\"\" width=\"1800\" height=\"1200\" srcset=\"https:\/\/www.museum-re.de\/wp-content\/uploads\/2025\/11\/Team-Foto-Vermietung-c-Dekubanowski.png 1800w, https:\/\/www.museum-re.de\/wp-content\/uploads\/2025\/11\/Team-Foto-Vermietung-c-Dekubanowski-800x533.png 800w, https:\/\/www.museum-re.de\/wp-content\/uploads\/2025\/11\/Team-Foto-Vermietung-c-Dekubanowski-1024x683.png 1024w, https:\/\/www.museum-re.de\/wp-content\/uploads\/2025\/11\/Team-Foto-Vermietung-c-Dekubanowski-768x512.png 768w, https:\/\/www.museum-re.de\/wp-content\/uploads\/2025\/11\/Team-Foto-Vermietung-c-Dekubanowski-1536x1024.png 1536w\" sizes=\"auto, (max-width: 1800px) 100vw, 1800px\" \/><\/figure>\n\t\t\t<\/div>\n\t\t\t<div class=\"col col-custom-2\">\n\t\t\t\t<h2>Gerne unterst\u00fctzen wir Sie bei der Planung und freuen uns \u00fcber Ihre Kontaktaufnahme.<\/h2>\n<p><strong>Ihre Ansprechpartnerin:<br \/>\nCatherine S. Dallmer<\/strong><br \/>\n+ 49 (0)611 763 8888 26<br \/>\n<a  href=\"#\" class=\"q-mail-protect\" data-email=\"Pz43FxsrLTEyShxVETwlZlYLcUNC\" data-email-protected=\"1\" data-render=\"delayed\" target=\"_blank\" rel=\"noopener\">anmieten@museum-re.de\u00a0<\/a><\/p>\n<p>&nbsp;<\/p>\n<p><a  href=\"#\" class=\"q-mail-protect cta-primary-solid\" data-email=\"Pz43FxsrLTEyShxVETwlZlYLcUNC\" data-email-protected=\"1\" data-render=\"delayed\" target=\"_blank\" rel=\"noopener\">Anfrage senden<\/a><\/p>\n\t\t\t<\/div>\n\t\t<\/div>\n\t<\/div>\n<\/div>\n\n\n\t<div class=\"ce ce-teaser-slider  min-2-items min-3-items  pt-large pb-xlarge is-threecol  \">\n\t\t<div class=\"container\">\n\t\t\t<div class=\"row\">\n\t\t\t\t<div class=\"col\">\n\t\t\t\t\t<div class=\"teaser-header\">\n\t\t\t\t\t\t\t\t\t\t\t\t\t<h4>Das k\u00f6nnte Sie auch interessieren:<\/h4>\t\t\t\t\t\t\t\t\t\t\t\t<div class=\"swiper-button-next\"><\/div>\n\t\t\t\t\t\t<div class=\"swiper-button-prev\"><\/div>\n\t\t\t\t\t<\/div>\n\t\t\t\t\t<div class=\"swiper\">\n\t\t\t\t\t\t<div class=\"swiper-container\">\n\t\t\t\t\t\t\t<div class=\"swiper-wrapper\">\n                                                                    <div class=\"swiper-slide\">\n                                        \n\n<div class=\"teaser\">\n\t\t\t<a href=\"https:\/\/www.museum-re.de\/de\/museum\/museum\/\" target=\"\">\n\t\t\t<figure>\n\t<div class=\"teaser-img\">\n\t\t<div class=\"img-wrapper\">\n\t\t\t<img loading=\"lazy\" decoding=\"async\" width=\"800\" height=\"500\" src=\"https:\/\/www.museum-re.de\/wp-content\/uploads\/2023\/02\/Museum_Teaser_800500.png\" class=\"attachment-full size-full\" alt=\"\" srcset=\"https:\/\/www.museum-re.de\/wp-content\/uploads\/2023\/02\/Museum_Teaser_800500.png 800w, https:\/\/www.museum-re.de\/wp-content\/uploads\/2023\/02\/Museum_Teaser_800500-768x480.png 768w\" sizes=\"auto, (max-width: 800px) 100vw, 800px\" \/>\t\t<\/div>\n\t<\/div>\n\t<figcaption class=\"teaser-caption\">\n\t\t\t\t\t<h4 class=\"teaser-title\">Museum<\/h4>\t\t\t\t\t<\/figcaption>\n<\/figure>\n\t\t<\/a>\n\t<\/div>\n                                    <\/div>\n                                                                    <div class=\"swiper-slide\">\n                                        \n\n<div class=\"teaser\">\n\t\t\t<a href=\"https:\/\/www.museum-re.de\/de\/kunst\/ausstellungen\/\" target=\"\">\n\t\t\t<figure>\n\t<div class=\"teaser-img\">\n\t\t<div class=\"img-wrapper\">\n\t\t\t<img loading=\"lazy\" decoding=\"async\" width=\"800\" height=\"500\" src=\"https:\/\/www.museum-re.de\/wp-content\/uploads\/2023\/02\/Shimamoto_Teaser.png\" class=\"attachment-full size-full\" alt=\"\" srcset=\"https:\/\/www.museum-re.de\/wp-content\/uploads\/2023\/02\/Shimamoto_Teaser.png 800w, https:\/\/www.museum-re.de\/wp-content\/uploads\/2023\/02\/Shimamoto_Teaser-768x480.png 768w, https:\/\/www.museum-re.de\/wp-content\/uploads\/2023\/02\/Shimamoto_Teaser-300x188.png 300w\" sizes=\"auto, (max-width: 800px) 100vw, 800px\" \/>\t\t<\/div>\n\t<\/div>\n\t<figcaption class=\"teaser-caption\">\n\t\t\t\t\t<h4 class=\"teaser-title\">Aktuelle Ausstellungen<\/h4>\t\t\t\t\t<\/figcaption>\n<\/figure>\n\t\t<\/a>\n\t<\/div>\n                                    <\/div>\n                                                                    <div class=\"swiper-slide\">\n                                        \n\n<div class=\"teaser\">\n\t\t\t<a href=\"https:\/\/www.museum-re.de\/de\/besuch\/fuehrungen\/\" target=\"\">\n\t\t\t<figure>\n\t<div class=\"teaser-img\">\n\t\t<div class=\"img-wrapper\">\n\t\t\t<img loading=\"lazy\" decoding=\"async\" width=\"800\" height=\"500\" src=\"https:\/\/www.museum-re.de\/wp-content\/uploads\/2023\/02\/mre-A-wie-Abstrakt_500313.png\" class=\"attachment-full size-full\" alt=\"\" srcset=\"https:\/\/www.museum-re.de\/wp-content\/uploads\/2023\/02\/mre-A-wie-Abstrakt_500313.png 800w, https:\/\/www.museum-re.de\/wp-content\/uploads\/2023\/02\/mre-A-wie-Abstrakt_500313-768x480.png 768w\" sizes=\"auto, (max-width: 800px) 100vw, 800px\" \/>\t\t<\/div>\n\t<\/div>\n\t<figcaption class=\"teaser-caption\">\n\t\t\t\t\t<h4 class=\"teaser-title\">F\u00fchrungen<\/h4>\t\t\t\t\t<\/figcaption>\n<\/figure>\n\t\t<\/a>\n\t<\/div>\n                                    <\/div>\n                                \t\t\t\t\t\t\t<\/div>\n\t\t\t\t\t\t<\/div>\n\t\t\t\t\t<\/div>\n\t\t\t\t\t\t\t\t\t<\/div>\n\t\t\t<\/div>\n\t\t<\/div>\n\t<\/div>\n","protected":false},"excerpt":{"rendered":"","protected":false},"author":1,"featured_media":0,"parent":16,"menu_order":5,"comment_status":"closed","ping_status":"closed","template":"","meta":{"_acf_changed":false,"content-type":"","_relevanssi_hide_post":"","_relevanssi_hide_content":"","_relevanssi_pin_for_all":"","_relevanssi_pin_keywords":"","_relevanssi_unpin_keywords":"","_relevanssi_related_keywords":"","_relevanssi_related_include_ids":"","_relevanssi_related_exclude_ids":"","_relevanssi_related_no_append":"","_relevanssi_related_not_related":"","_relevanssi_related_posts":"256,272,265","_relevanssi_noindex_reason":"","footnotes":""},"class_list":["post-77","page","type-page","status-publish","hentry"],"acf":[],"_links":{"self":[{"href":"https:\/\/www.museum-re.de\/de\/wp-json\/wp\/v2\/pages\/77","targetHints":{"allow":["GET"]}}],"collection":[{"href":"https:\/\/www.museum-re.de\/de\/wp-json\/wp\/v2\/pages"}],"about":[{"href":"https:\/\/www.museum-re.de\/de\/wp-json\/wp\/v2\/types\/page"}],"author":[{"embeddable":true,"href":"https:\/\/www.museum-re.de\/de\/wp-json\/wp\/v2\/users\/1"}],"replies":[{"embeddable":true,"href":"https:\/\/www.museum-re.de\/de\/wp-json\/wp\/v2\/comments?post=77"}],"version-history":[{"count":6,"href":"https:\/\/www.museum-re.de\/de\/wp-json\/wp\/v2\/pages\/77\/revisions"}],"predecessor-version":[{"id":43177,"href":"https:\/\/www.museum-re.de\/de\/wp-json\/wp\/v2\/pages\/77\/revisions\/43177"}],"up":[{"embeddable":true,"href":"https:\/\/www.museum-re.de\/de\/wp-json\/wp\/v2\/pages\/16"}],"wp:attachment":[{"href":"https:\/\/www.museum-re.de\/de\/wp-json\/wp\/v2\/media?parent=77"}],"curies":[{"name":"wp","href":"https:\/\/api.w.org\/{rel}","templated":true}]}}