{"id":89,"date":"2022-09-08T12:25:52","date_gmt":"2022-09-08T10:25:50","guid":{"rendered":"https:\/\/www.museum-re.de\/lernen-erleben\/familie\/"},"modified":"2025-12-22T15:42:58","modified_gmt":"2025-12-22T14:42:58","slug":"kinder","status":"publish","type":"page","link":"https:\/\/www.museum-re.de\/de\/lernen-erleben\/kinder\/","title":{"rendered":"Kinder &amp; Familien"},"content":{"rendered":"<div class=\"ce ce-hero       fullwidth\">\n\t<div class=\"container\">\n\t\t<div class=\"row\">\n\t\t\t<div class=\"col\">\n\t\t\t\t<figure>\n\t\t\t\t\t<div class=\"img-wrapper\">\n\t\t\t\t\t\t\t\t\t\t\t\t\t<img loading=\"lazy\" decoding=\"async\" width=\"1800\" height=\"800\" src=\"https:\/\/www.museum-re.de\/wp-content\/uploads\/2024\/04\/Das-ist-unser-Museum_Hero.png\" class=\"attachment-full size-full\" alt=\"\" srcset=\"https:\/\/www.museum-re.de\/wp-content\/uploads\/2024\/04\/Das-ist-unser-Museum_Hero.png 1800w, https:\/\/www.museum-re.de\/wp-content\/uploads\/2024\/04\/Das-ist-unser-Museum_Hero-800x356.png 800w, https:\/\/www.museum-re.de\/wp-content\/uploads\/2024\/04\/Das-ist-unser-Museum_Hero-1024x455.png 1024w, https:\/\/www.museum-re.de\/wp-content\/uploads\/2024\/04\/Das-ist-unser-Museum_Hero-768x341.png 768w, https:\/\/www.museum-re.de\/wp-content\/uploads\/2024\/04\/Das-ist-unser-Museum_Hero-1536x683.png 1536w\" sizes=\"auto, (max-width: 1800px) 100vw, 1800px\" \/>\t\t\t\t\t\t\t\t\t\t\t<\/div>\n\t\t\t\t\t\t\t\t\t<\/figure>\n\t\t\t<\/div>\n\t\t<\/div>\n\t<\/div>\n<\/div>\n\n\n<div class=\"ce ce-onecol   pb-medium   \">\n\t<div class=\"container\">\n\t\t<div class=\"row\">\n\t\t\t<div class=\"col\">\n\t\t\t\t<h1>Kinder &amp; Familien<\/h1>\n\t\t\t<\/div>\n\t\t<\/div>\n\t<\/div>\n<\/div>\n\n\n<div class=\"ce ce-twocol  pt-small  layout-4-8  \">\n\t<div class=\"container\">\n\t\t<div class=\"row\">\n\t\t\t<div class=\"col col-custom-1\">\n\t\t\t\t<h4><strong><span style=\"color: #000000;\">mre? Na, ist doch klar! Das ist UNSER Museum<\/span><\/strong><\/h4>\n<p><span style=\"color: #000000;\">Wie hei\u00dft deine Lieblingsfarbe \u2013 Kaugummipink oder Grash\u00fcpfergr\u00fcn? Hast du schon mal mit dem Fu\u00df ein Bild gemalt? Was geh\u00f6rt alles zu einem Museum? Und wie w\u00fcrde ein Bild aussehen, wenn du darauf das Gef\u00fchl warmer Sonnenstrahlen auf der Haut malen k\u00f6nntest?\u00a0<\/span><\/p>\n<p>Komm mit uns auf Entdeckungstour &#8211; die Antworten auf diese Fragen und noch viele weitere warten auf Dich im Museum Reinhard Ernst.<\/p>\n<h4><strong><span style=\"color: #000000;\">Freier Eintritt f\u00fcr alle bis 18 Jahre!<\/span><\/strong><\/h4>\n<p>Da wir euer Museum sind, kommen deine Freunde und Du v\u00f6llig umsonst ins mre. Wie cool ist das denn?<\/p>\n\t\t\t<\/div>\n\t\t\t<div class=\"col col-custom-2\">\n\t\t\t\t<figure><img loading=\"lazy\" decoding=\"async\" class=\"alignnone size-full wp-image-7990\" src=\"https:\/\/www.museum-re.de\/wp-content\/uploads\/2024\/04\/Das-ist-unser-Museum_800500-1.png\" alt=\"\" width=\"800\" height=\"500\" srcset=\"https:\/\/www.museum-re.de\/wp-content\/uploads\/2024\/04\/Das-ist-unser-Museum_800500-1.png 800w, https:\/\/www.museum-re.de\/wp-content\/uploads\/2024\/04\/Das-ist-unser-Museum_800500-1-768x480.png 768w\" sizes=\"auto, (max-width: 800px) 100vw, 800px\" \/><\/figure>\n\t\t\t<\/div>\n\t\t<\/div>\n\t<\/div>\n<\/div>\n\n\n<div class=\"ce ce-onecol  pt-medium pb-small  bgr-white \">\n\t<div class=\"container\">\n\t\t<div class=\"row\">\n\t\t\t<div class=\"col\">\n\t\t\t\t<h2>Alle Angebote f\u00fcr Kinder &amp; Familien<\/h2>\n\t\t\t<\/div>\n\t\t<\/div>\n\t<\/div>\n<\/div>\n\n\n<div class=\"ce ce-threecol     bgr-white \">\n\t<div class=\"container\">\n\t\t<div class=\"row\">\n\t\t\t<div class=\"col col-custom-1\">\n\t\t\t\t<figure><img loading=\"lazy\" decoding=\"async\" class=\"alignnone wp-image-8098 size-full\" src=\"https:\/\/www.museum-re.de\/wp-content\/uploads\/2024\/04\/Farbe-in-Bewegung-Familienzeit_800500.png\" alt=\"\" width=\"800\" height=\"500\" srcset=\"https:\/\/www.museum-re.de\/wp-content\/uploads\/2024\/04\/Farbe-in-Bewegung-Familienzeit_800500.png 800w, https:\/\/www.museum-re.de\/wp-content\/uploads\/2024\/04\/Farbe-in-Bewegung-Familienzeit_800500-768x480.png 768w\" sizes=\"auto, (max-width: 800px) 100vw, 800px\" \/><\/figure>\n<h4>Farbe in Bewegung! &#8211; Familienzeit<\/h4>\n<p>Am Wochenende zeigst du deinen Eltern, Gro\u00dfeltern und Freunden dein mre \u2013 oder ihr entdeckt gemeinsam mit uns das Museum. Dazu geh\u00f6rt auch ein Besuch des Farblabors! Wer hat die meisten Farbbeutel auf die digitale Leinwand geworfen? Und wie viele H\u00e4nde malen zusammen ein gro\u00dfes Kunstwerk?<\/p>\n<p><a class=\"cta-primary\" href=\"https:\/\/shop.museum-re.de\/de\/rundgaenge-workshops\/kinder-und-familien\/farbe-in-bewegung-familienzeit\" rel=\"noopener\">jetzt buchen<\/a><\/p>\n\t\t\t<\/div>\n\t\t\t<div class=\"col col-custom-2\">\n\t\t\t\t<h4><img loading=\"lazy\" decoding=\"async\" class=\"alignnone wp-image-8104 size-full\" src=\"https:\/\/www.museum-re.de\/wp-content\/uploads\/2024\/04\/Geburtstag_Kind_800500.png\" alt=\"\" width=\"800\" height=\"500\" srcset=\"https:\/\/www.museum-re.de\/wp-content\/uploads\/2024\/04\/Geburtstag_Kind_800500.png 800w, https:\/\/www.museum-re.de\/wp-content\/uploads\/2024\/04\/Geburtstag_Kind_800500-768x480.png 768w\" sizes=\"auto, (max-width: 800px) 100vw, 800px\" \/>Dein Geburtstag im Museum<\/h4>\n<p>Du hast Lust deinen Kindergeburtstag im mre zu feiern? Super! Wir denken uns etwas Spannendes f\u00fcr dich und deine G\u00e4ste aus. Das Farblabor geh\u00f6rt in dieser Zeit ganz alleine euch!<\/p>\n<p><a  href=\"#\" class=\"q-mail-protect cta-primary\" data-email=\"KC0oABstNzEDQhFKETstKnMDN1RCWk98Oj9PGD4=\" data-email-protected=\"1\" data-render=\"delayed\" target=\"_blank\" rel=\"noopener\">Kindergeburtstag anfragen<\/a><\/p>\n\t\t\t<\/div>\n\t\t\t<div class=\"col col-custom-3\">\n\t\t\t\t<h4><img loading=\"lazy\" decoding=\"async\" class=\"alignnone wp-image-8817 size-full\" src=\"https:\/\/www.museum-re.de\/wp-content\/uploads\/2024\/04\/Mediaguide_closeup_rv_800500_GER_2.png\" alt=\"\" width=\"800\" height=\"500\" srcset=\"https:\/\/www.museum-re.de\/wp-content\/uploads\/2024\/04\/Mediaguide_closeup_rv_800500_GER_2.png 800w, https:\/\/www.museum-re.de\/wp-content\/uploads\/2024\/04\/Mediaguide_closeup_rv_800500_GER_2-768x480.png 768w\" sizes=\"auto, (max-width: 800px) 100vw, 800px\" \/>Kindertour im Mediaguide<\/h4>\n<p>Hast Du die gro\u00dfe Flosse dort aus dem Bild schwimmen sehen? Folge der Spur des wei\u00dfen Wals Moby auf einer Entdeckungstour durch die Welten der abstrakten Kunst \u2013 mit unserer Kindertour im Mediaguide.<\/p>\n<p>Mit Dank an die <img loading=\"lazy\" decoding=\"async\" class=\"alignnone wp-image-10309\" src=\"https:\/\/www.museum-re.de\/wp-content\/uploads\/2024\/06\/RV_Logo-2.png\" alt=\"\" width=\"50\" height=\"29\" \/><\/p>\n<p><a class=\"cta-primary\" href=\"https:\/\/www.museum-re.de\/de\/besuch\/mediaguide\/\">Mediaguide<\/a><\/p>\n\t\t\t<\/div>\n\t\t<\/div>\n\t<\/div>\n<\/div>\n\n\n<div class=\"ce ce-twocol  pt-medium pb-large  bgr-white \">\n\t<div class=\"container\">\n\t\t<div class=\"row\">\n\t\t\t<div class=\"col col-custom-1\">\n\t\t\t\t<figure><img loading=\"lazy\" decoding=\"async\" class=\"size-medium wp-image-39176 alignleft\" src=\"https:\/\/www.museum-re.de\/wp-content\/uploads\/2025\/12\/Muster-Freizeitkarte-2026-800x650.png\" alt=\"\" width=\"800\" height=\"650\" srcset=\"https:\/\/www.museum-re.de\/wp-content\/uploads\/2025\/12\/Muster-Freizeitkarte-2026-800x650.png 800w, https:\/\/www.museum-re.de\/wp-content\/uploads\/2025\/12\/Muster-Freizeitkarte-2026-1024x832.png 1024w, https:\/\/www.museum-re.de\/wp-content\/uploads\/2025\/12\/Muster-Freizeitkarte-2026-768x624.png 768w, https:\/\/www.museum-re.de\/wp-content\/uploads\/2025\/12\/Muster-Freizeitkarte-2026-1536x1247.png 1536w, https:\/\/www.museum-re.de\/wp-content\/uploads\/2025\/12\/Muster-Freizeitkarte-2026.png 1565w\" sizes=\"auto, (max-width: 800px) 100vw, 800px\" \/><\/figure>\n\t\t\t<\/div>\n\t\t\t<div class=\"col col-custom-2\">\n\t\t\t\t<h2>Wiesbadener Freizeitkarte \u2013 wir sind dabei!<\/h2>\n<p>Alle Familien aufgepasst \u2013 als Inhaber:innen der Wiesbadener Freizeitkarte erhalten Erwachsene ab dem 1.1.2026 den erm\u00e4\u00dfigten Eintritt!<\/p>\n<p>Wir freuen uns auf euren Familienbesuch bei uns.<\/p>\n<p>Mit Dank an\u00a0 <img loading=\"lazy\" decoding=\"async\" class=\"wp-image-39174 alignnone\" src=\"https:\/\/www.museum-re.de\/wp-content\/uploads\/2025\/12\/Amt-fuer-Soziale-Arbeit_Logo-800x510.jpg\" alt=\"\" width=\"93\" height=\"59\" srcset=\"https:\/\/www.museum-re.de\/wp-content\/uploads\/2025\/12\/Amt-fuer-Soziale-Arbeit_Logo-800x510.jpg 800w, https:\/\/www.museum-re.de\/wp-content\/uploads\/2025\/12\/Amt-fuer-Soziale-Arbeit_Logo-768x490.jpg 768w, https:\/\/www.museum-re.de\/wp-content\/uploads\/2025\/12\/Amt-fuer-Soziale-Arbeit_Logo.jpg 850w\" sizes=\"auto, (max-width: 93px) 100vw, 93px\" \/><\/p>\n<p><a class=\"cta-primary\" href=\"https:\/\/www.wiesbaden.de\/leben-in-wiesbaden\/gesellschaft-soziales\/kinder\/familien\/wiesbadener-freizeitkarte\" target=\"_blank\" rel=\"noopener\">Hier beantragen<\/a><\/p>\n<p>&nbsp;<\/p>\n\t\t\t<\/div>\n\t\t<\/div>\n\t<\/div>\n<\/div>\n\n\n<div class=\"ce ce-twocol  pt-medium pb-large   \">\n\t<div class=\"container\">\n\t\t<div class=\"row\">\n\t\t\t<div class=\"col col-custom-1\">\n\t\t\t\t<figure><img loading=\"lazy\" decoding=\"async\" class=\"wp-image-17490 size-full alignleft\" src=\"https:\/\/www.museum-re.de\/wp-content\/uploads\/2024\/11\/2_Schulen-und-Bildungsorte_Jawlensky_800500.jpg\" alt=\"\" width=\"800\" height=\"500\" srcset=\"https:\/\/www.museum-re.de\/wp-content\/uploads\/2024\/11\/2_Schulen-und-Bildungsorte_Jawlensky_800500.jpg 800w, https:\/\/www.museum-re.de\/wp-content\/uploads\/2024\/11\/2_Schulen-und-Bildungsorte_Jawlensky_800500-768x480.jpg 768w\" sizes=\"auto, (max-width: 800px) 100vw, 800px\" \/><\/figure>\n\t\t\t<\/div>\n\t\t\t<div class=\"col col-custom-2\">\n\t\t\t\t<h2>Kruschel<\/h2>\n<p>Jetzt ist eure Kreativit\u00e4t gefragt: In Kooperation mit dem mre ist eine \u201eKruschel\u201c-Sonderausgabe entstanden. In dieser Ausgabe erfahrt ihr mehr \u00fcber das neue Museum in Wiesbaden, das an den Vormittagen ausschlie\u00dflich f\u00fcr Schulklassen ge\u00f6ffnet ist. Denn Kunstvermittlung f\u00fcr Kinder wird bei uns ganz gro\u00dfgeschrieben.<\/p>\n<p><a class=\"cta-primary\" href=\"https:\/\/www.museum-re.de\/wp-content\/uploads\/2024\/11\/Kruschel-Sonderausgabe_MRE_2024_FINAL_Online.pdf\" target=\"_blank\" rel=\"noopener\">Hier downloaden<\/a><\/p>\n<p>&nbsp;<\/p>\n\t\t\t<\/div>\n\t\t<\/div>\n\t<\/div>\n<\/div>\n","protected":false},"excerpt":{"rendered":"","protected":false},"author":1,"featured_media":0,"parent":20,"menu_order":3,"comment_status":"closed","ping_status":"closed","template":"","meta":{"_acf_changed":false,"content-type":"","_relevanssi_hide_post":"","_relevanssi_hide_content":"","_relevanssi_pin_for_all":"","_relevanssi_pin_keywords":"","_relevanssi_unpin_keywords":"","_relevanssi_related_keywords":"","_relevanssi_related_include_ids":"","_relevanssi_related_exclude_ids":"","_relevanssi_related_no_append":"","_relevanssi_related_not_related":"","_relevanssi_related_posts":"272,265,256","_relevanssi_noindex_reason":"","footnotes":""},"class_list":["post-89","page","type-page","status-publish","hentry"],"acf":[],"_links":{"self":[{"href":"https:\/\/www.museum-re.de\/de\/wp-json\/wp\/v2\/pages\/89","targetHints":{"allow":["GET"]}}],"collection":[{"href":"https:\/\/www.museum-re.de\/de\/wp-json\/wp\/v2\/pages"}],"about":[{"href":"https:\/\/www.museum-re.de\/de\/wp-json\/wp\/v2\/types\/page"}],"author":[{"embeddable":true,"href":"https:\/\/www.museum-re.de\/de\/wp-json\/wp\/v2\/users\/1"}],"replies":[{"embeddable":true,"href":"https:\/\/www.museum-re.de\/de\/wp-json\/wp\/v2\/comments?post=89"}],"version-history":[{"count":6,"href":"https:\/\/www.museum-re.de\/de\/wp-json\/wp\/v2\/pages\/89\/revisions"}],"predecessor-version":[{"id":39367,"href":"https:\/\/www.museum-re.de\/de\/wp-json\/wp\/v2\/pages\/89\/revisions\/39367"}],"up":[{"embeddable":true,"href":"https:\/\/www.museum-re.de\/de\/wp-json\/wp\/v2\/pages\/20"}],"wp:attachment":[{"href":"https:\/\/www.museum-re.de\/de\/wp-json\/wp\/v2\/media?parent=89"}],"curies":[{"name":"wp","href":"https:\/\/api.w.org\/{rel}","templated":true}]}}