{"id":93,"date":"2022-09-08T12:25:52","date_gmt":"2022-09-08T10:25:50","guid":{"rendered":"https:\/\/www.museum-re.de\/lernen-erleben\/schulen\/"},"modified":"2026-03-19T16:08:00","modified_gmt":"2026-03-19T15:08:00","slug":"schulen","status":"publish","type":"page","link":"https:\/\/www.museum-re.de\/de\/lernen-erleben\/schulen\/","title":{"rendered":"Schulen &amp; Bildungsorte"},"content":{"rendered":"<div class=\"ce ce-hero       fullwidth\">\n\t<div class=\"container\">\n\t\t<div class=\"row\">\n\t\t\t<div class=\"col\">\n\t\t\t\t<figure>\n\t\t\t\t\t<div class=\"img-wrapper\">\n\t\t\t\t\t\t\t\t\t\t\t\t\t<img loading=\"lazy\" decoding=\"async\" width=\"1800\" height=\"800\" src=\"https:\/\/www.museum-re.de\/wp-content\/uploads\/2024\/04\/Schulen-und-Bildungsorte_Hero.png\" class=\"attachment-full size-full\" alt=\"\" srcset=\"https:\/\/www.museum-re.de\/wp-content\/uploads\/2024\/04\/Schulen-und-Bildungsorte_Hero.png 1800w, https:\/\/www.museum-re.de\/wp-content\/uploads\/2024\/04\/Schulen-und-Bildungsorte_Hero-800x356.png 800w, https:\/\/www.museum-re.de\/wp-content\/uploads\/2024\/04\/Schulen-und-Bildungsorte_Hero-1024x455.png 1024w, https:\/\/www.museum-re.de\/wp-content\/uploads\/2024\/04\/Schulen-und-Bildungsorte_Hero-768x341.png 768w, https:\/\/www.museum-re.de\/wp-content\/uploads\/2024\/04\/Schulen-und-Bildungsorte_Hero-1536x683.png 1536w\" sizes=\"auto, (max-width: 1800px) 100vw, 1800px\" \/>\t\t\t\t\t\t\t\t\t\t\t<\/div>\n\t\t\t\t\t\t\t\t\t<\/figure>\n\t\t\t<\/div>\n\t\t<\/div>\n\t<\/div>\n<\/div>\n\n\n<div class=\"ce ce-onecol  pt-medium    \">\n\t<div class=\"container\">\n\t\t<div class=\"row\">\n\t\t\t<div class=\"col\">\n\t\t\t\t<h1>Schulen &amp; Bildungsorte<\/h1>\n\t\t\t<\/div>\n\t\t<\/div>\n\t<\/div>\n<\/div>\n\n\n<div class=\"ce ce-twocol   pb-small   \">\n\t<div class=\"container\">\n\t\t<div class=\"row\">\n\t\t\t<div class=\"col col-custom-1\">\n\t\t\t\t<p>Herzlich willkommen am au\u00dferschulischen Lernort mre!<\/p>\n<p>Schulklassen und Gruppen anderer Bildungsorte erwartet ein ganz besonderes Programm zum Lernen und Erleben \u2013 <strong>kostenfrei, f\u00e4cher\u00fcbergreifend<\/strong> und an den <strong>Kompetenzen und Lehrinhalten<\/strong> der Kernlehrpl\u00e4ne orientiert.<\/p>\n<p>Lehrkr\u00e4ften der Primar- bis gymnasialen Oberstufe wird es dadurch erm\u00f6glicht, die Vermittlung der Unterrichtsinhalte mit einem au\u00dfergew\u00f6hnlichen Kunst- und Architekturerlebnis zu vereinen. Unsere p\u00e4dagogisch geschulten Kunstvermittler:innen begleiten die Gruppe durch die spektakul\u00e4re Architektur Fumihiko Makis und die Sammlung Reinhard Ernst \u2013 methodisch abwechslungsreich und mit spielerischem Zugang.<\/p>\n\t\t\t<\/div>\n\t\t\t<div class=\"col col-custom-2\">\n\t\t\t\t<p>&nbsp;<\/p>\n<p>Angepasst an die Lebenswelt von Kindern und Jugendlichen werden die gesellschaftlichen und kunsthistorischen Hintergr\u00fcnde unserer Sammlung verst\u00e4ndlich gemacht: Abstrakte Kunst ab 1945 in den USA, Europa und Japan.<\/p>\n<p>Beim Klick auf unsere nachfolgenden Angebote finden Sie weitere Details zur inhaltlichen Ausrichtung und die M\u00f6glichkeit zur Terminbuchung.<\/p>\n<p>Gerne ermitteln wir gemeinsam mit Ihnen, wie der Aufenthalt sich in Ihr individuelles Schulcurriculum einbinden l\u00e4sst. Sie erreichen uns unter: <a  href=\"#\" class=\"q-mail-protect\" data-email=\"Pik0EAEtKxAIWBJBCy5yLkFXLkA=\" data-email-protected=\"1\" data-render=\"delayed\" ><span class=\"q-mail-local q-mail-reversed\">&#103;&#110;&#117;&#100;&#108;&#105;&#98;<\/span><span class=\"q-mail-at\">&#64;<\/span><bdi class=\"q-mail-domain\">&#109;&#117;&#115;&#101;&#117;&#109;&#45;&#114;&#101;<\/bdi><span class=\"q-mail-tld\">&#100;&#101;<\/span><\/a> und +49 611 763 8888 30.<\/p>\n\t\t\t<\/div>\n\t\t<\/div>\n\t<\/div>\n<\/div>\n\n\n<div class=\"ce ce-onecol  pt-small   bgr-white \">\n\t<div class=\"container\">\n\t\t<div class=\"row\">\n\t\t\t<div class=\"col\">\n\t\t\t\t<h2>P\u00e4dagogische Angebote<\/h2>\n\t\t\t<\/div>\n\t\t<\/div>\n\t<\/div>\n<\/div>\n\n\n<div class=\"ce ce-twocol   pb-medium layout-6-5 bgr-white  vertically-centered\">\n\t<div class=\"container\">\n\t\t<div class=\"row\">\n\t\t\t<div class=\"col col-custom-1\">\n\t\t\t\t<figure><img loading=\"lazy\" decoding=\"async\" class=\"alignnone size-full wp-image-40843\" src=\"https:\/\/www.museum-re.de\/wp-content\/uploads\/2026\/02\/2_Nur-Mut_cDekubanowski_web.png\" alt=\"\" width=\"800\" height=\"500\" srcset=\"https:\/\/www.museum-re.de\/wp-content\/uploads\/2026\/02\/2_Nur-Mut_cDekubanowski_web.png 800w, https:\/\/www.museum-re.de\/wp-content\/uploads\/2026\/02\/2_Nur-Mut_cDekubanowski_web-768x480.png 768w\" sizes=\"auto, (max-width: 800px) 100vw, 800px\" \/><\/figure>\n\t\t\t<\/div>\n\t\t\t<div class=\"col col-custom-2\">\n\t\t\t\t<h2>Mutige gestalten die Welt!<\/h2>\n<p>Pr\u00fcfungspanik wohnt mietfrei im Kopf Ihrer Sch\u00fcler:innen, w\u00e4hrend das Gedankenkarussell voller \u00c4ngste, andere zu entt\u00e4uschen, Nachtschichten schiebt? Die eigene innere Stimme verliert dabei den Wettlauf um Aufmerksamkeit und H\u00f6rbarkeit? Die Stimme, die fragt: Von welcher Welt tr\u00e4umst du? Wie s\u00e4he die Welt aus, wenn du sie in deinen Farben malen k\u00f6nntest? Wohin zieht es dich und warum?<\/p>\n<p>Dann bringen Sie Ihre Sch\u00fcler:innen zu unserem Vormittagsworkshop! In diesem besonderen Format sp\u00fcren wir den eigenen Fragen, inneren W\u00fcnschen und Werten nach und lassen uns von mutigen K\u00fcnstler:innen auf dem Rundgang durch das mre inspirieren. Zusammen finden wir den Switch: vom Gefallen-m\u00fcssen zum Gestalten-wollen.<\/p>\n<p><strong>F\u00fcr junge Menschen vor dem Abschluss (ab der 9. Klasse). Drei Std. (9-12 Uhr) Rundgang mit Coaching-Elementen, inkl. kurzer Pause. <\/strong><strong>Das Format ist kostenfrei! Buchbar durch eine Lehrkraft oder Schulleitung. <\/strong><\/p>\n<p>Eine Kooperation des mre mit dem Wiesbadener Jugendprojekt NUR MUT.<\/p>\n<p><em>DISCLAIMER: Teilnahme kann zu pl\u00f6tzlichem Tatendrang, dauerhaftem Glauben an die eigene Wirksamkeit und einem radikalen Anstieg an Ideen f\u00fcr die eigene Zukunft f\u00fchren.<\/em><\/p>\n<p><a  href=\"#\" class=\"q-mail-protect cta-primary\" data-email=\"Pik0EAEtKxAIWBJBCy5yLkFXLkA=\" data-email-protected=\"1\" data-render=\"delayed\" >jetzt anfragen<\/a><\/p>\n\t\t\t<\/div>\n\t\t<\/div>\n\t<\/div>\n<\/div>\n\n\n<div class=\"ce ce-twocol   pb-medium layout-6-5 bgr-white  vertically-centered\">\n\t<div class=\"container\">\n\t\t<div class=\"row\">\n\t\t\t<div class=\"col col-custom-1\">\n\t\t\t\t<figure><img loading=\"lazy\" decoding=\"async\" class=\"alignnone wp-image-32245 size-full\" src=\"https:\/\/www.museum-re.de\/wp-content\/uploads\/2025\/07\/Schulen-und-Bildungsorte_800500.webp\" alt=\"\" width=\"800\" height=\"500\" srcset=\"https:\/\/www.museum-re.de\/wp-content\/uploads\/2025\/07\/Schulen-und-Bildungsorte_800500.webp 800w, https:\/\/www.museum-re.de\/wp-content\/uploads\/2025\/07\/Schulen-und-Bildungsorte_800500-768x480.webp 768w\" sizes=\"auto, (max-width: 800px) 100vw, 800px\" \/><\/figure>\n\t\t\t<\/div>\n\t\t\t<div class=\"col col-custom-2\">\n\t\t\t\t<h2>Erfahrungsraum Abstraktion<\/h2>\n<p>Kinder und Jugendliche erleben als p\u00e4dagogische Gruppe im \u201eErfahrungsraum Abstraktion\u201c hochkar\u00e4tige Kunst und Geschichte hautnah. Gemeinsam entdecken wir Bez\u00fcge zur eigenen Lebenswelt und lernen an den Originalen der Sammlung das Thema Abstraktion kennen und verstehen. Anschaulich, interaktiv und mit aktivierenden Elementen bewegen wir uns gemeinsam durch die Welt der Formen und Farben.<\/p>\n<p>Das Format besteht aus einem Museumsrundgang und dem Experimentieren in unserem digitalen <a href=\"https:\/\/www.museum-re.de\/de\/lernen-erleben\/farblabor\/\">Farblabor<\/a>.<\/p>\n<p><a class=\"cta-primary\" href=\"https:\/\/shop.museum-re.de\/de\/rundgaenge-workshops\/schulen-und-bildungsorte\/erfahrungsraum-abstraktion\">zum Angebot<\/a><\/p>\n\t\t\t<\/div>\n\t\t<\/div>\n\t<\/div>\n<\/div>\n\n\n<div class=\"ce ce-onecol   pb-medium  bgr-white \">\n\t<div class=\"container\">\n\t\t<div class=\"row\">\n\t\t\t<div class=\"col\">\n\t\t\t\t<p><span data-teams=\"true\">Das Programm wurde in enger Abstimmung zu den Kompetenzen und Lehrinhalten der Kernlehrpl\u00e4ne f\u00fcr die F\u00e4cher Kunst und Deutsch entwickelt \u2013 von der Primarstufe bis zur Sekundarstufe II. Da ein Hauptaugenmerk auf der F\u00f6rderung \u00fcberfachlicher Kompetenzen wie der Personalen Kompetenz und Sprachkompetenz liegt, ist unser Format auch f\u00e4cher\u00fcbergreifend einsetzbar. Gerne integrieren wir weitere inhaltliche Ankn\u00fcpfungspunkte an Ihr Fach \u2013 unser Team freut sich \u00fcber Ihre <a  href=\"#\" class=\"q-mail-protect\" data-email=\"Pik0EAEtKxAIWBJBCy5yLkFXLkA=\" data-email-protected=\"1\" data-render=\"delayed\" target=\"_blank\" rel=\"noopener\">Kontaktaufnahme<\/a>!<\/span><\/p>\n<p>Unser Angebot richtet sich an alle Schulformen und weitere p\u00e4dagogische Gruppen mit Kindern und Jugendlichen wie Vorschulgruppen. Wir verstehen uns als diskriminierungsfreier und sicherer Ort, der aus der Vielfalt und dem Dialog heraus entsteht.<\/p>\n\t\t\t<\/div>\n\t\t<\/div>\n\t<\/div>\n<\/div>\n\n\n\t\t<div class=\"ce ce-accordion      \">\n\t\t  <div class=\"container\">\n\t\t\t<div class=\"row\">\n\t\t\t  <div class=\"col\">\n\t\t\t\t<div class=\"accordion\"><div class=\"accordion-panel\" data-panel-id=\"primarstufe\">\n\t<div class=\"accordion-headline\">\n\t\t<h4>Primarstufe<\/h4>\n\t<\/div>\n\t<div class=\"accordion-content\">\n\t\t<div class=\"accordion-content-inner\">\n\n\n<div class=\"ce ce-onecol      \">\n\t<div class=\"container\">\n\t\t<div class=\"row\">\n\t\t\t<div class=\"col\">\n\t\t\t\t<ul>\n<li>Kulturelles Wissen und \u00e4sthetisches Bewusstsein f\u00f6rdern<\/li>\n<li>Verkn\u00fcpfung von Wahrnehmen, Handeln, Nachdenken und Mitteilen<\/li>\n<li>Kreative und gestalterische Auseinandersetzung durch analoge Methoden vor den Originalen sowie an den digitalen Stationen im Farblabor<\/li>\n<li>Pers\u00f6nlichkeitsentwicklung<\/li>\n<li><span data-teams=\"true\">Sprechen und Zuh\u00f6ren<\/span><\/li>\n<\/ul>\n\t\t\t<\/div>\n\t\t<\/div>\n\t<\/div>\n<\/div>\n\n\n<\/div><\/div><\/div><div class=\"accordion-panel\" data-panel-id=\"sekundarstufe-i\">\n\t<div class=\"accordion-headline\">\n\t\t<h4>Sekundarstufe I<\/h4>\n\t<\/div>\n\t<div class=\"accordion-content\">\n\t\t<div class=\"accordion-content-inner\">\n\n\n<div class=\"ce ce-onecol      \">\n\t<div class=\"container\">\n\t\t<div class=\"row\">\n\t\t\t<div class=\"col\">\n\t\t\t\t<ul>\n<li>Kunst und Architektur reflektierend und erlebend begegnen<\/li>\n<li>Bildnerische Arbeitsprozesse beschreiben und beurteilen<\/li>\n<li>Bezugnahme auf die eigene Lebenswirklichkeit<\/li>\n<li>Kulturgebundenheit \u00e4sthetischer \u00c4u\u00dferungsformen verstehen<\/li>\n<li>Strategische und kreative Prozesse der eigenen Bildfindung<\/li>\n<\/ul>\n\t\t\t<\/div>\n\t\t<\/div>\n\t<\/div>\n<\/div>\n\n\n<\/div><\/div><\/div><div class=\"accordion-panel\" data-panel-id=\"sekundarstufe-ii\">\n\t<div class=\"accordion-headline\">\n\t\t<h4>Sekundarstufe II<\/h4>\n\t<\/div>\n\t<div class=\"accordion-content\">\n\t\t<div class=\"accordion-content-inner\">\n\n\n<div class=\"ce ce-onecol      \">\n\t<div class=\"container\">\n\t\t<div class=\"row\">\n\t\t\t<div class=\"col\">\n\t\t\t\t<ul>\n<li>Bilderschlie\u00dfung: Erprobung der sach- und fachgerechten Analyse und Interpretation vor den Werken. Bez\u00fcge zwischen dem historisch-gesellschaftlichen Kontext der Entstehung der Werke und der Jetztzeit werden hergestellt<\/li>\n<li>Bildgestaltung: Produktionsverfahren, Werkprozesse und der Einsatz von Techniken in der modernen abstrakten Kunst werden anhand der Originale erkannt und nachvollzogen. Erg\u00e4nzend zum praktischen Kunstunterricht in der Schule.<\/li>\n<\/ul>\n\t\t\t<\/div>\n\t\t<\/div>\n\t<\/div>\n<\/div>\n\n\n<\/div><\/div><\/div><\/div><\/div><\/div><\/div><\/div>\n\n<div class=\"ce ce-onecol  pt-xlarge    \">\n\t<div class=\"container\">\n\t\t<div class=\"row\">\n\t\t\t<div class=\"col\">\n\t\t\t\t<h1>Projekte &amp; Kooperationen<\/h1>\n\t\t\t<\/div>\n\t\t<\/div>\n\t<\/div>\n<\/div>\n\n\n<div class=\"ce ce-twocol  pt-medium pb-large   \">\n\t<div class=\"container\">\n\t\t<div class=\"row\">\n\t\t\t<div class=\"col col-custom-1\">\n\t\t\t\t<h2>IGS Alexej von Jawlensky<\/h2>\n<p>Abstrakte Kunst ist durch die seit 2020 bestehende Kooperation mit dem mre fester Bestandteil des Lehrplans der integrierten Gesamtschule Alexej von Jawlensky. In den sogenannten \u201eVorhaben\u201c, den Wahlpflichtkursen der Klassen 9 und 10, besch\u00e4ftigen sich die Sch\u00fcler:innen in Theorie und Praxis mit der abstrakten Malerei und der Sammlung Reinhard Ernst des mre. Bei \u201emre in Aktion\u201c im Juli 2022 (Foto rechts) experimentierten die beiden Kurse in einem spektakul\u00e4ren Live-Happening auf dem Wiesbadener Rathausplatz mit Farbe und Material nach dem Vorbild der japanischen K\u00fcnstler:innengruppe Gutai.<\/p>\n<p>Im Februar 2025 folgte das <a href=\"https:\/\/email.museum-reinhard-ernst.de\/erinnerung-pressetermin-kunstaktion-auf-dem-wiesbadener-schlossplatz-enth%C3%BCllung-der-kunstwerke-1?ecid=&amp;utm_source=hs_email&amp;utm_medium=email\">zweite Projekt auf dem Schlossplatz<\/a>. Gemeinsam mit dem Gymnasium Michelstadt kreierten Sch\u00fcler:innen im Leistungskurs Kunst abstrakte Kunstwerke f\u00fcr die Einhausung des Denkmals von Wilhelm von Oranien.<\/p>\n\t\t\t<\/div>\n\t\t\t<div class=\"col col-custom-2\">\n\t\t\t\t<figure><img loading=\"lazy\" decoding=\"async\" class=\"alignnone wp-image-8795 size-full\" src=\"https:\/\/www.museum-re.de\/wp-content\/uploads\/2024\/04\/Schulen-und-Bildungsorte_Jawlensky_800500.png\" alt=\"\" width=\"800\" height=\"500\" srcset=\"https:\/\/www.museum-re.de\/wp-content\/uploads\/2024\/04\/Schulen-und-Bildungsorte_Jawlensky_800500.png 800w, https:\/\/www.museum-re.de\/wp-content\/uploads\/2024\/04\/Schulen-und-Bildungsorte_Jawlensky_800500-768x480.png 768w\" sizes=\"auto, (max-width: 800px) 100vw, 800px\" \/><\/figure>\n\t\t\t<\/div>\n\t\t<\/div>\n\t<\/div>\n<\/div>\n\n\n<div class=\"ce ce-img-slider      \">\n\t<div class=\"container\">\n\t\t<div class=\"row\">\n\t\t\t<div class=\"col\">\n\t\t\t\t<div class=\"img-slider\">\n\t\t\t\t\t<div class=\"swiper\">\n\t\t\t\t\t\t<div class=\"swiper-container\">\n\t\t\t\t\t\t\t<div class=\"swiper-wrapper\">\n\t\t\t\t\t\t\t\t\t\t\t\t\t\t\t\t\t<div class=\"swiper-slide\">\n\t\t\t\t\t\t\t\t\t\t<figure>\n\t\t\t\t\t\t\t\t\t\t\t<img loading=\"lazy\" decoding=\"async\" width=\"1587\" height=\"1058\" src=\"https:\/\/www.museum-re.de\/wp-content\/uploads\/2026\/03\/AD_08600.jpg\" class=\"attachment-full size-full\" alt=\"\" srcset=\"https:\/\/www.museum-re.de\/wp-content\/uploads\/2026\/03\/AD_08600.jpg 1587w, https:\/\/www.museum-re.de\/wp-content\/uploads\/2026\/03\/AD_08600-800x533.jpg 800w, https:\/\/www.museum-re.de\/wp-content\/uploads\/2026\/03\/AD_08600-1024x683.jpg 1024w, https:\/\/www.museum-re.de\/wp-content\/uploads\/2026\/03\/AD_08600-768x512.jpg 768w, https:\/\/www.museum-re.de\/wp-content\/uploads\/2026\/03\/AD_08600-1536x1024.jpg 1536w\" sizes=\"auto, (max-width: 1587px) 100vw, 1587px\" \/>\t\t\t\t\t\t\t\t\t\t\t\t\t\t\t\t\t\t\t\t\t\t\t<figcaption>Enth\u00fcllung der Kunstwerke auf dem Schlossplatz, Foto: Dekubanowski \u00a9 mre<\/figcaption>\n\t\t\t\t\t\t\t\t\t\t\t\t\t\t\t\t\t\t\t\t\t<\/figure>\n\t\t\t\t\t\t\t\t\t<\/div>\n\t\t\t\t\t\t\t\t\t\t\t\t\t\t\t\t\t<div class=\"swiper-slide\">\n\t\t\t\t\t\t\t\t\t\t<figure>\n\t\t\t\t\t\t\t\t\t\t\t<img loading=\"lazy\" decoding=\"async\" width=\"1587\" height=\"1058\" src=\"https:\/\/www.museum-re.de\/wp-content\/uploads\/2026\/03\/AD_08607.jpg\" class=\"attachment-full size-full\" alt=\"\" srcset=\"https:\/\/www.museum-re.de\/wp-content\/uploads\/2026\/03\/AD_08607.jpg 1587w, https:\/\/www.museum-re.de\/wp-content\/uploads\/2026\/03\/AD_08607-800x533.jpg 800w, https:\/\/www.museum-re.de\/wp-content\/uploads\/2026\/03\/AD_08607-1024x683.jpg 1024w, https:\/\/www.museum-re.de\/wp-content\/uploads\/2026\/03\/AD_08607-768x512.jpg 768w, https:\/\/www.museum-re.de\/wp-content\/uploads\/2026\/03\/AD_08607-1536x1024.jpg 1536w\" sizes=\"auto, (max-width: 1587px) 100vw, 1587px\" \/>\t\t\t\t\t\t\t\t\t\t\t\t\t\t\t\t\t\t\t\t\t\t\t<figcaption>Abstrakte Kunst auf dem Schlossplatz, Foto: Dekubanowski \u00a9 mre<\/figcaption>\n\t\t\t\t\t\t\t\t\t\t\t\t\t\t\t\t\t\t\t\t\t<\/figure>\n\t\t\t\t\t\t\t\t\t<\/div>\n\t\t\t\t\t\t\t\t\t\t\t\t\t\t\t\t\t<div class=\"swiper-slide\">\n\t\t\t\t\t\t\t\t\t\t<figure>\n\t\t\t\t\t\t\t\t\t\t\t<img loading=\"lazy\" decoding=\"async\" width=\"1587\" height=\"1058\" src=\"https:\/\/www.museum-re.de\/wp-content\/uploads\/2026\/03\/AD_08619.jpg\" class=\"attachment-full size-full\" alt=\"\" srcset=\"https:\/\/www.museum-re.de\/wp-content\/uploads\/2026\/03\/AD_08619.jpg 1587w, https:\/\/www.museum-re.de\/wp-content\/uploads\/2026\/03\/AD_08619-800x533.jpg 800w, https:\/\/www.museum-re.de\/wp-content\/uploads\/2026\/03\/AD_08619-1024x683.jpg 1024w, https:\/\/www.museum-re.de\/wp-content\/uploads\/2026\/03\/AD_08619-768x512.jpg 768w, https:\/\/www.museum-re.de\/wp-content\/uploads\/2026\/03\/AD_08619-1536x1024.jpg 1536w\" sizes=\"auto, (max-width: 1587px) 100vw, 1587px\" \/>\t\t\t\t\t\t\t\t\t\t\t\t\t\t\t\t\t\t\t\t\t\t\t<figcaption>Die Sch\u00fcler:innen der IGS Jawlensky und des Gymnasium Michelstadt mit Landtagspr\u00e4sidentin Astrid Wallmann vor den Werken, Foto: Dekubanowski \u00a9 mre<\/figcaption>\n\t\t\t\t\t\t\t\t\t\t\t\t\t\t\t\t\t\t\t\t\t<\/figure>\n\t\t\t\t\t\t\t\t\t<\/div>\n\t\t\t\t\t\t\t\t\t\t\t\t\t\t\t\t\t<div class=\"swiper-slide\">\n\t\t\t\t\t\t\t\t\t\t<figure>\n\t\t\t\t\t\t\t\t\t\t\t<img loading=\"lazy\" decoding=\"async\" width=\"1587\" height=\"1058\" src=\"https:\/\/www.museum-re.de\/wp-content\/uploads\/2026\/03\/AD_08633.jpg\" class=\"attachment-full size-full\" alt=\"\" srcset=\"https:\/\/www.museum-re.de\/wp-content\/uploads\/2026\/03\/AD_08633.jpg 1587w, https:\/\/www.museum-re.de\/wp-content\/uploads\/2026\/03\/AD_08633-800x533.jpg 800w, https:\/\/www.museum-re.de\/wp-content\/uploads\/2026\/03\/AD_08633-1024x683.jpg 1024w, https:\/\/www.museum-re.de\/wp-content\/uploads\/2026\/03\/AD_08633-768x512.jpg 768w, https:\/\/www.museum-re.de\/wp-content\/uploads\/2026\/03\/AD_08633-1536x1024.jpg 1536w\" sizes=\"auto, (max-width: 1587px) 100vw, 1587px\" \/>\t\t\t\t\t\t\t\t\t\t\t\t\t\t\t\t\t\t\t\t\t\t\t<figcaption>Abstrakte Kunst auf dem Schlossplatz, Foto: Dekubanowski \u00a9 mre<\/figcaption>\n\t\t\t\t\t\t\t\t\t\t\t\t\t\t\t\t\t\t\t\t\t<\/figure>\n\t\t\t\t\t\t\t\t\t<\/div>\n\t\t\t\t\t\t\t\t\t\t\t\t\t\t\t<\/div>\n\t\t\t\t\t\t<\/div>\n\t\t\t\t\t\t<div class=\"swiper-pagination\"><\/div>\n\t\t\t\t\t<\/div>\n\t\t\t\t\t<div class=\"swiper-button-next\"><\/div>\n\t\t\t\t\t<div class=\"swiper-button-prev\"><\/div>\n\t\t\t\t<\/div>\n\t\t\t<\/div>\n\t\t<\/div>\n\t<\/div>\n<\/div>\n\n\n\n<div class=\"ce ce-twocol  pt-small   bgr-white \">\n\t<div class=\"container\">\n\t\t<div class=\"row\">\n\t\t\t<div class=\"col col-custom-1\">\n\t\t\t\t<div class=\"col col-custom-1\">\n<h2 style=\"text-align: left;\">Bleiben Sie auf dem Laufenden!<\/h2>\n<p style=\"text-align: left;\">Hier k\u00f6nnen Sie unseren Lernen &amp; Erleben Newsletter abonnieren.<\/p>\n<\/div>\n\t\t\t<\/div>\n\t\t\t<div class=\"col col-custom-2\">\n\t\t\t\t<p>Erhalten Sie alle Informationen und Vermittlungsangebote des Museums Reinhard Ernst direkt in Ihre Inbox.<\/p>\n<p><script charset=\"utf-8\" type=\"text\/javascript\" src=\"\/\/js-eu1.hsforms.net\/forms\/embed\/v2.js\"><\/script><br \/>\n<script>\n  hbspt.forms.create({\n    portalId: \"25488603\",\n    formId: \"6863ad92-f227-4d39-8a33-3f602aa15d2f\",\n    region: \"eu1\"\n  });\n<\/script><\/p>\n<p>&nbsp;<\/p>\n<p>&nbsp;<\/p>\n\t\t\t<\/div>\n\t\t<\/div>\n\t<\/div>\n<\/div>\n\n\n\t<div class=\"ce ce-teaser-slider  min-2-items min-3-items  pt-large pb-xlarge is-threecol  \">\n\t\t<div class=\"container\">\n\t\t\t<div class=\"row\">\n\t\t\t\t<div class=\"col\">\n\t\t\t\t\t<div class=\"teaser-header\">\n\t\t\t\t\t\t\t\t\t\t\t\t\t<h4>Das k\u00f6nnte Sie auch interessieren:<\/h4>\t\t\t\t\t\t\t\t\t\t\t\t<div class=\"swiper-button-next\"><\/div>\n\t\t\t\t\t\t<div class=\"swiper-button-prev\"><\/div>\n\t\t\t\t\t<\/div>\n\t\t\t\t\t<div class=\"swiper\">\n\t\t\t\t\t\t<div class=\"swiper-container\">\n\t\t\t\t\t\t\t<div class=\"swiper-wrapper\">\n                                                                    <div class=\"swiper-slide\">\n                                        \n\n<div class=\"teaser\">\n\t\t\t<a href=\"https:\/\/www.museum-re.de\/de\/museum\/museum\/\" target=\"\">\n\t\t\t<figure>\n\t<div class=\"teaser-img\">\n\t\t<div class=\"img-wrapper\">\n\t\t\t<img loading=\"lazy\" decoding=\"async\" width=\"800\" height=\"500\" src=\"https:\/\/www.museum-re.de\/wp-content\/uploads\/2023\/02\/Museum_Teaser_800500.png\" class=\"attachment-full size-full\" alt=\"\" srcset=\"https:\/\/www.museum-re.de\/wp-content\/uploads\/2023\/02\/Museum_Teaser_800500.png 800w, https:\/\/www.museum-re.de\/wp-content\/uploads\/2023\/02\/Museum_Teaser_800500-768x480.png 768w\" sizes=\"auto, (max-width: 800px) 100vw, 800px\" \/>\t\t<\/div>\n\t<\/div>\n\t<figcaption class=\"teaser-caption\">\n\t\t\t\t\t<h4 class=\"teaser-title\">Museum<\/h4>\t\t\t\t\t<\/figcaption>\n<\/figure>\n\t\t<\/a>\n\t<\/div>\n                                    <\/div>\n                                                                    <div class=\"swiper-slide\">\n                                        \n\n<div class=\"teaser\">\n\t\t\t<a href=\"https:\/\/www.museum-re.de\/de\/lernen-erleben\/farblabor\/\" target=\"\">\n\t\t\t<figure>\n\t<div class=\"teaser-img\">\n\t\t<div class=\"img-wrapper\">\n\t\t\t<img loading=\"lazy\" decoding=\"async\" width=\"791\" height=\"490\" src=\"https:\/\/www.museum-re.de\/wp-content\/uploads\/2023\/02\/Vermittlung3_Teaser.jpg\" class=\"attachment-full size-full\" alt=\"\" srcset=\"https:\/\/www.museum-re.de\/wp-content\/uploads\/2023\/02\/Vermittlung3_Teaser.jpg 791w, https:\/\/www.museum-re.de\/wp-content\/uploads\/2023\/02\/Vermittlung3_Teaser-768x476.jpg 768w, https:\/\/www.museum-re.de\/wp-content\/uploads\/2023\/02\/Vermittlung3_Teaser-300x186.jpg 300w\" sizes=\"auto, (max-width: 791px) 100vw, 791px\" \/>\t\t<\/div>\n\t<\/div>\n\t<figcaption class=\"teaser-caption\">\n\t\t\t\t\t<h4 class=\"teaser-title\">Farblabor<\/h4>\t\t\t\t\t<\/figcaption>\n<\/figure>\n\t\t<\/a>\n\t<\/div>\n                                    <\/div>\n                                                                    <div class=\"swiper-slide\">\n                                        \n\n<div class=\"teaser\">\n\t\t\t<a href=\"https:\/\/www.museum-re.de\/de\/kunst\/ausstellungen\/\" target=\"\">\n\t\t\t<figure>\n\t<div class=\"teaser-img\">\n\t\t<div class=\"img-wrapper\">\n\t\t\t<img loading=\"lazy\" decoding=\"async\" width=\"800\" height=\"500\" src=\"https:\/\/www.museum-re.de\/wp-content\/uploads\/2023\/02\/Shimamoto_Teaser.png\" class=\"attachment-full size-full\" alt=\"\" srcset=\"https:\/\/www.museum-re.de\/wp-content\/uploads\/2023\/02\/Shimamoto_Teaser.png 800w, https:\/\/www.museum-re.de\/wp-content\/uploads\/2023\/02\/Shimamoto_Teaser-768x480.png 768w, https:\/\/www.museum-re.de\/wp-content\/uploads\/2023\/02\/Shimamoto_Teaser-300x188.png 300w\" sizes=\"auto, (max-width: 800px) 100vw, 800px\" \/>\t\t<\/div>\n\t<\/div>\n\t<figcaption class=\"teaser-caption\">\n\t\t\t\t\t<h4 class=\"teaser-title\">Ausstellungen<\/h4>\t\t\t\t\t<\/figcaption>\n<\/figure>\n\t\t<\/a>\n\t<\/div>\n                                    <\/div>\n                                \t\t\t\t\t\t\t<\/div>\n\t\t\t\t\t\t<\/div>\n\t\t\t\t\t<\/div>\n\t\t\t\t\t\t\t\t\t<\/div>\n\t\t\t<\/div>\n\t\t<\/div>\n\t<\/div>\n","protected":false},"excerpt":{"rendered":"","protected":false},"author":1,"featured_media":0,"parent":20,"menu_order":5,"comment_status":"closed","ping_status":"closed","template":"","meta":{"_acf_changed":false,"content-type":"","_relevanssi_hide_post":"","_relevanssi_hide_content":"","_relevanssi_pin_for_all":"","_relevanssi_pin_keywords":"","_relevanssi_unpin_keywords":"","_relevanssi_related_keywords":"","_relevanssi_related_include_ids":"","_relevanssi_related_exclude_ids":"","_relevanssi_related_no_append":"","_relevanssi_related_not_related":"","_relevanssi_related_posts":"272,256,265","_relevanssi_noindex_reason":"","footnotes":""},"class_list":["post-93","page","type-page","status-publish","hentry"],"acf":[],"_links":{"self":[{"href":"https:\/\/www.museum-re.de\/de\/wp-json\/wp\/v2\/pages\/93","targetHints":{"allow":["GET"]}}],"collection":[{"href":"https:\/\/www.museum-re.de\/de\/wp-json\/wp\/v2\/pages"}],"about":[{"href":"https:\/\/www.museum-re.de\/de\/wp-json\/wp\/v2\/types\/page"}],"author":[{"embeddable":true,"href":"https:\/\/www.museum-re.de\/de\/wp-json\/wp\/v2\/users\/1"}],"replies":[{"embeddable":true,"href":"https:\/\/www.museum-re.de\/de\/wp-json\/wp\/v2\/comments?post=93"}],"version-history":[{"count":5,"href":"https:\/\/www.museum-re.de\/de\/wp-json\/wp\/v2\/pages\/93\/revisions"}],"predecessor-version":[{"id":42539,"href":"https:\/\/www.museum-re.de\/de\/wp-json\/wp\/v2\/pages\/93\/revisions\/42539"}],"up":[{"embeddable":true,"href":"https:\/\/www.museum-re.de\/de\/wp-json\/wp\/v2\/pages\/20"}],"wp:attachment":[{"href":"https:\/\/www.museum-re.de\/de\/wp-json\/wp\/v2\/media?parent=93"}],"curies":[{"name":"wp","href":"https:\/\/api.w.org\/{rel}","templated":true}]}}